{"id":59695,"date":"2021-04-12T01:13:51","date_gmt":"2021-04-12T06:13:51","guid":{"rendered":"http:\/\/chicamaravilla.com\/product\/playera-100-cabron\/"},"modified":"2024-10-22T14:32:41","modified_gmt":"2024-10-22T19:32:41","slug":"playera-100-cabron","status":"publish","type":"product","link":"https:\/\/chicamaravilla.com\/es\/producto\/playera-100-cabron\/","title":{"rendered":"Playera &#8220;100% Cabr\u00f3n&#8221;"},"content":{"rendered":"<p><em>Esta cl&aacute;sica camiseta unisex de manga corta es una de las favoritas. El algod&oacute;n suave y la impresi&oacute;n de calidad hacen que nuestros clientes se enamoren de &eacute;l una y otra vez. Estas camisetas tienen cuellos de punto acanalados para reforzar la forma. Los hombros tienen cinta para un mejor ajuste con el tiempo. Las costuras laterales dobles mantienen la forma de la prenda durante m&aacute;s tiempo.<br \/><\/em><em>&bull; 100% algod&oacute;n peinado e hilado en anillo Airlume (el contenido de fibra puede variar seg&uacute;n los colores)<br \/><\/em><em>&bull; Tejido ligero (4.2 oz \/ yd&sup2; (142 g \/ m&sup2;))<br \/><\/em><em>&bull; Ajuste al por menor<br \/><\/em><em>&bull; Etiqueta desprendible<br \/><\/em><em>&bull; Corre fiel al tama&ntilde;o<\/em><\/p>\n<p>&nbsp;<\/p>\n<p><em>Entrega: Por favor permita entre 10 y 15 d&iacute;as laborales.<\/em><\/p>\n<p>&nbsp;<\/p>\n<p>This classic unisex jersey short sleeve tee fits like a well-loved favorite. Soft cotton and quality print make users fall in love with it over and over again. These t-shirts have-ribbed knit collars to bolster shaping. The shoulders have taping for better fit over time. Dual side seams hold the garment&#8217;s shape for longer. <\/p>\n<p>.: 100% Airlume combed and ringspun cotton (fiber content may vary for different colors)<br \/>.: Light fabric (4.2 oz\/yd&sup2; (142 g\/m&sup2;))<br \/>.: Retail fit<br \/>.: Tear away label<br \/>.: Runs true to size<\/p>\n<p>Shipping: please allow 10-15 work days.<\/p>","protected":false},"excerpt":{"rendered":"<p>Esta cl&aacute;sica camiseta unisex de manga corta es una de las favoritas. El algod&oacute;n suave y la impresi&oacute;n de calidad hacen que nuestros clientes se&hellip; <\/p>","protected":false},"featured_media":392455,"comment_status":"open","ping_status":"closed","template":"","meta":{"jetpack_post_was_ever_published":false},"product_brand":[],"product_cat":[49,156,56,58],"product_tag":[],"class_list":{"0":"post-59695","1":"product","2":"type-product","3":"status-publish","4":"has-post-thumbnail","6":"product_cat-apparel","7":"product_cat-para-adultos","8":"product_cat-t-shirts","9":"product_cat-tshirts-clothing","11":"first","12":"instock","13":"purchasable","14":"product-type-variable","15":"has-default-attributes"},"yoast_head":"<!-- This site is optimized with the Yoast SEO plugin v27.4 - https:\/\/yoast.com\/product\/yoast-seo-wordpress\/ -->\n<title>Playera &quot;100% Cabr\u00f3n&quot;<\/title>\n<meta name=\"description\" content=\"Compra aqu\u00ed: 100% algod\u00f3n disponible en blanca o negra y en varias tallas.\" \/>\n<meta name=\"robots\" content=\"index, follow, max-snippet:-1, max-image-preview:large, max-video-preview:-1\" \/>\n<link rel=\"canonical\" href=\"http:\/\/chicamaravilla.com\/es\/producto\/playera-100-cabron\/\" \/>\n<meta property=\"og:locale\" content=\"es_MX\" \/>\n<meta property=\"og:type\" content=\"article\" \/>\n<meta property=\"og:title\" content=\"Playera &quot;100% Cabr...&quot;\" \/>\n<meta property=\"og:description\" content=\"Compra aqu\u00ed: 100% algod\u00f3n disponible en blanca o negra y en varias tallas.\" \/>\n<meta property=\"og:url\" content=\"http:\/\/chicamaravilla.com\/es\/producto\/playera-100-cabron\/\" \/>\n<meta property=\"og:site_name\" content=\"Chica Maravilla\" \/>\n<meta property=\"article:modified_time\" content=\"2024-10-22T19:32:41+00:00\" \/>\n<meta property=\"og:image\" content=\"https:\/\/chicamaravilla.com\/wp-content\/uploads\/2021\/04\/18102-6.jpg\" \/>\n\t<meta property=\"og:image:width\" content=\"1024\" \/>\n\t<meta property=\"og:image:height\" content=\"1024\" \/>\n\t<meta property=\"og:image:type\" content=\"image\/jpeg\" \/>\n<meta name=\"twitter:card\" content=\"summary_large_image\" \/>\n<meta name=\"twitter:title\" content=\"Playera &quot;100% Cabr...&quot; Comprala Aqu\u00ed\" \/>\n<meta name=\"twitter:description\" content=\"Compra aqu\u00ed: 100% algod\u00f3n disponible en blanca o negra y en varias tallas.\" \/>\n<meta name=\"twitter:image\" content=\"https:\/\/chicamaravilla.com\/wp-content\/uploads\/2021\/04\/18102-6.jpg\" \/>\n<meta name=\"twitter:label1\" content=\"Tiempo de lectura\" \/>\n\t<meta name=\"twitter:data1\" content=\"1 minuto\" \/>\n<script type=\"application\/ld+json\" class=\"yoast-schema-graph\">{\"@context\":\"https:\\\/\\\/schema.org\",\"@graph\":[{\"@type\":\"WebPage\",\"@id\":\"https:\\\/\\\/chicamaravilla.com\\\/product\\\/playera-100-cabron\\\/\",\"url\":\"http:\\\/\\\/chicamaravilla.com\\\/product\\\/playera-100-cabron\\\/\",\"name\":\"Playera \\\"100% Cabr\u00f3n\\\"\",\"isPartOf\":{\"@id\":\"https:\\\/\\\/chicamaravilla.com\\\/#website\"},\"primaryImageOfPage\":{\"@id\":\"http:\\\/\\\/chicamaravilla.com\\\/product\\\/playera-100-cabron\\\/#primaryimage\"},\"image\":{\"@id\":\"http:\\\/\\\/chicamaravilla.com\\\/product\\\/playera-100-cabron\\\/#primaryimage\"},\"thumbnailUrl\":\"https:\\\/\\\/chicamaravilla.com\\\/wp-content\\\/uploads\\\/2024\\\/10\\\/685997413378112776_v2_2048_custom.jpeg\",\"datePublished\":\"2021-04-12T06:13:51+00:00\",\"dateModified\":\"2024-10-22T19:32:41+00:00\",\"description\":\"Compra aqu\u00ed: 100% algod\u00f3n disponible en blanca o negra y en varias tallas.\",\"breadcrumb\":{\"@id\":\"http:\\\/\\\/chicamaravilla.com\\\/product\\\/playera-100-cabron\\\/#breadcrumb\"},\"inLanguage\":\"es\",\"potentialAction\":[{\"@type\":\"ReadAction\",\"target\":[\"http:\\\/\\\/chicamaravilla.com\\\/product\\\/playera-100-cabron\\\/\"]}]},{\"@type\":\"ImageObject\",\"inLanguage\":\"es\",\"@id\":\"http:\\\/\\\/chicamaravilla.com\\\/product\\\/playera-100-cabron\\\/#primaryimage\",\"url\":\"https:\\\/\\\/chicamaravilla.com\\\/wp-content\\\/uploads\\\/2024\\\/10\\\/685997413378112776_v2_2048_custom.jpeg\",\"contentUrl\":\"https:\\\/\\\/chicamaravilla.com\\\/wp-content\\\/uploads\\\/2024\\\/10\\\/685997413378112776_v2_2048_custom.jpeg\",\"width\":1600,\"height\":1600},{\"@type\":\"BreadcrumbList\",\"@id\":\"http:\\\/\\\/chicamaravilla.com\\\/product\\\/playera-100-cabron\\\/#breadcrumb\",\"itemListElement\":[{\"@type\":\"ListItem\",\"position\":1,\"name\":\"Home\",\"item\":\"https:\\\/\\\/chicamaravilla.com\\\/\"},{\"@type\":\"ListItem\",\"position\":2,\"name\":\"Shop\",\"item\":\"https:\\\/\\\/chicamaravilla.com\\\/shop\\\/\"},{\"@type\":\"ListItem\",\"position\":3,\"name\":\"Playera &#8220;100% Cabr\u00f3n&#8221;\"}]},{\"@type\":\"WebSite\",\"@id\":\"https:\\\/\\\/chicamaravilla.com\\\/#website\",\"url\":\"https:\\\/\\\/chicamaravilla.com\\\/\",\"name\":\"Chica Maravilla Online\",\"description\":\"Contenido, media y servicios biling\u00fces para crecer y avanzar.\",\"publisher\":{\"@id\":\"https:\\\/\\\/chicamaravilla.com\\\/#\\\/schema\\\/person\\\/34cc3c3eb9856b9ce12cc9d524c2e0a0\"},\"alternateName\":\"CMO\",\"potentialAction\":[{\"@type\":\"SearchAction\",\"target\":{\"@type\":\"EntryPoint\",\"urlTemplate\":\"https:\\\/\\\/chicamaravilla.com\\\/?s={search_term_string}\"},\"query-input\":{\"@type\":\"PropertyValueSpecification\",\"valueRequired\":true,\"valueName\":\"search_term_string\"}}],\"inLanguage\":\"es\"},{\"@type\":[\"Person\",\"Organization\"],\"@id\":\"https:\\\/\\\/chicamaravilla.com\\\/#\\\/schema\\\/person\\\/34cc3c3eb9856b9ce12cc9d524c2e0a0\",\"name\":\"Chica Maravilla\",\"image\":{\"@type\":\"ImageObject\",\"inLanguage\":\"es\",\"@id\":\"https:\\\/\\\/chicamaravilla.com\\\/wp-content\\\/uploads\\\/2020\\\/07\\\/cropped-2000x2000-CMOnline-Logo-30k_.png\",\"url\":\"https:\\\/\\\/chicamaravilla.com\\\/wp-content\\\/uploads\\\/2020\\\/07\\\/cropped-2000x2000-CMOnline-Logo-30k_.png\",\"contentUrl\":\"https:\\\/\\\/chicamaravilla.com\\\/wp-content\\\/uploads\\\/2020\\\/07\\\/cropped-2000x2000-CMOnline-Logo-30k_.png\",\"width\":1800,\"height\":440,\"caption\":\"Chica Maravilla\"},\"logo\":{\"@id\":\"https:\\\/\\\/chicamaravilla.com\\\/wp-content\\\/uploads\\\/2020\\\/07\\\/cropped-2000x2000-CMOnline-Logo-30k_.png\"},\"sameAs\":[\"http:\\\/\\\/chicamaravilla.com\"]}]}<\/script>\n<!-- \/ Yoast SEO plugin. -->","yoast_head_json":{"title":"Playera \"100% Cabr\u00f3n\"","description":"Compra aqu\u00ed: 100% algod\u00f3n disponible en blanca o negra y en varias tallas.","robots":{"index":"index","follow":"follow","max-snippet":"max-snippet:-1","max-image-preview":"max-image-preview:large","max-video-preview":"max-video-preview:-1"},"canonical":"http:\/\/chicamaravilla.com\/es\/producto\/playera-100-cabron\/","og_locale":"es_MX","og_type":"article","og_title":"Playera \"100% Cabr...\"","og_description":"Compra aqu\u00ed: 100% algod\u00f3n disponible en blanca o negra y en varias tallas.","og_url":"http:\/\/chicamaravilla.com\/es\/producto\/playera-100-cabron\/","og_site_name":"Chica Maravilla","article_modified_time":"2024-10-22T19:32:41+00:00","og_image":[{"width":1024,"height":1024,"url":"https:\/\/chicamaravilla.com\/wp-content\/uploads\/2021\/04\/18102-6.jpg","type":"image\/jpeg"}],"twitter_card":"summary_large_image","twitter_title":"Playera \"100% Cabr...\" Comprala Aqu\u00ed","twitter_description":"Compra aqu\u00ed: 100% algod\u00f3n disponible en blanca o negra y en varias tallas.","twitter_image":"https:\/\/chicamaravilla.com\/wp-content\/uploads\/2021\/04\/18102-6.jpg","twitter_misc":{"Tiempo de lectura":"1 minuto"},"schema":{"@context":"https:\/\/schema.org","@graph":[{"@type":"WebPage","@id":"https:\/\/chicamaravilla.com\/product\/playera-100-cabron\/","url":"http:\/\/chicamaravilla.com\/product\/playera-100-cabron\/","name":"Playera \"100% Cabr\u00f3n\"","isPartOf":{"@id":"https:\/\/chicamaravilla.com\/#website"},"primaryImageOfPage":{"@id":"http:\/\/chicamaravilla.com\/product\/playera-100-cabron\/#primaryimage"},"image":{"@id":"http:\/\/chicamaravilla.com\/product\/playera-100-cabron\/#primaryimage"},"thumbnailUrl":"https:\/\/chicamaravilla.com\/wp-content\/uploads\/2024\/10\/685997413378112776_v2_2048_custom.jpeg","datePublished":"2021-04-12T06:13:51+00:00","dateModified":"2024-10-22T19:32:41+00:00","description":"Compra aqu\u00ed: 100% algod\u00f3n disponible en blanca o negra y en varias tallas.","breadcrumb":{"@id":"http:\/\/chicamaravilla.com\/product\/playera-100-cabron\/#breadcrumb"},"inLanguage":"es","potentialAction":[{"@type":"ReadAction","target":["http:\/\/chicamaravilla.com\/product\/playera-100-cabron\/"]}]},{"@type":"ImageObject","inLanguage":"es","@id":"http:\/\/chicamaravilla.com\/product\/playera-100-cabron\/#primaryimage","url":"https:\/\/chicamaravilla.com\/wp-content\/uploads\/2024\/10\/685997413378112776_v2_2048_custom.jpeg","contentUrl":"https:\/\/chicamaravilla.com\/wp-content\/uploads\/2024\/10\/685997413378112776_v2_2048_custom.jpeg","width":1600,"height":1600},{"@type":"BreadcrumbList","@id":"http:\/\/chicamaravilla.com\/product\/playera-100-cabron\/#breadcrumb","itemListElement":[{"@type":"ListItem","position":1,"name":"Home","item":"https:\/\/chicamaravilla.com\/"},{"@type":"ListItem","position":2,"name":"Shop","item":"https:\/\/chicamaravilla.com\/shop\/"},{"@type":"ListItem","position":3,"name":"Playera &#8220;100% Cabr\u00f3n&#8221;"}]},{"@type":"WebSite","@id":"https:\/\/chicamaravilla.com\/#website","url":"https:\/\/chicamaravilla.com\/","name":"Chica Maravilla Online","description":"Contenido, media y servicios biling\u00fces para crecer y avanzar.","publisher":{"@id":"https:\/\/chicamaravilla.com\/#\/schema\/person\/34cc3c3eb9856b9ce12cc9d524c2e0a0"},"alternateName":"CMO","potentialAction":[{"@type":"SearchAction","target":{"@type":"EntryPoint","urlTemplate":"https:\/\/chicamaravilla.com\/?s={search_term_string}"},"query-input":{"@type":"PropertyValueSpecification","valueRequired":true,"valueName":"search_term_string"}}],"inLanguage":"es"},{"@type":["Person","Organization"],"@id":"https:\/\/chicamaravilla.com\/#\/schema\/person\/34cc3c3eb9856b9ce12cc9d524c2e0a0","name":"Chica Maravilla","image":{"@type":"ImageObject","inLanguage":"es","@id":"https:\/\/chicamaravilla.com\/wp-content\/uploads\/2020\/07\/cropped-2000x2000-CMOnline-Logo-30k_.png","url":"https:\/\/chicamaravilla.com\/wp-content\/uploads\/2020\/07\/cropped-2000x2000-CMOnline-Logo-30k_.png","contentUrl":"https:\/\/chicamaravilla.com\/wp-content\/uploads\/2020\/07\/cropped-2000x2000-CMOnline-Logo-30k_.png","width":1800,"height":440,"caption":"Chica Maravilla"},"logo":{"@id":"https:\/\/chicamaravilla.com\/wp-content\/uploads\/2020\/07\/cropped-2000x2000-CMOnline-Logo-30k_.png"},"sameAs":["http:\/\/chicamaravilla.com"]}]}},"jetpack_sharing_enabled":true,"jetpack_likes_enabled":true,"_links":{"self":[{"href":"https:\/\/chicamaravilla.com\/es\/wp-json\/wp\/v2\/product\/59695","targetHints":{"allow":["GET"]}}],"collection":[{"href":"https:\/\/chicamaravilla.com\/es\/wp-json\/wp\/v2\/product"}],"about":[{"href":"https:\/\/chicamaravilla.com\/es\/wp-json\/wp\/v2\/types\/product"}],"replies":[{"embeddable":true,"href":"https:\/\/chicamaravilla.com\/es\/wp-json\/wp\/v2\/comments?post=59695"}],"version-history":[{"count":2,"href":"https:\/\/chicamaravilla.com\/es\/wp-json\/wp\/v2\/product\/59695\/revisions"}],"predecessor-version":[{"id":392448,"href":"https:\/\/chicamaravilla.com\/es\/wp-json\/wp\/v2\/product\/59695\/revisions\/392448"}],"wp:featuredmedia":[{"embeddable":true,"href":"https:\/\/chicamaravilla.com\/es\/wp-json\/wp\/v2\/media\/392455"}],"wp:attachment":[{"href":"https:\/\/chicamaravilla.com\/es\/wp-json\/wp\/v2\/media?parent=59695"}],"wp:term":[{"taxonomy":"product_brand","embeddable":true,"href":"https:\/\/chicamaravilla.com\/es\/wp-json\/wp\/v2\/product_brand?post=59695"},{"taxonomy":"product_cat","embeddable":true,"href":"https:\/\/chicamaravilla.com\/es\/wp-json\/wp\/v2\/product_cat?post=59695"},{"taxonomy":"product_tag","embeddable":true,"href":"https:\/\/chicamaravilla.com\/es\/wp-json\/wp\/v2\/product_tag?post=59695"}],"curies":[{"name":"wp","href":"https:\/\/api.w.org\/{rel}","templated":true}]}}