{"id":441295,"date":"2025-06-19T23:14:41","date_gmt":"2025-06-20T04:14:41","guid":{"rendered":"https:\/\/chicamaravilla.com\/product\/cozy-inspirational-ceramic-mug-for-coffee-lovers-motivational-gift-for-friends-tea-kitchen-decor-relaxation-every-day-use\/"},"modified":"2026-02-23T09:59:34","modified_gmt":"2026-02-23T15:59:34","slug":"taza-si-importa","status":"publish","type":"product","link":"https:\/\/chicamaravilla.com\/es\/producto\/taza-si-importa\/","title":{"rendered":"Taza \u201cS\u00ed importa\u201d \u2013 15oz \u2013 Estilo Boho con Arco Iris"},"content":{"rendered":"<p data-start=\"369\" data-end=\"479\">\ud83d\udcac <strong data-start=\"372\" data-end=\"393\">Texto en la taza:<\/strong><br data-start=\"393\" data-end=\"396\" \/><em data-start=\"396\" data-end=\"475\">&#8220;Claro que el tama\u00f1o importa, a nadie le gusta tomar caf\u00e9 en taza peque\u00f1a.&#8221;<\/em> \u2615\ud83d\ude09<\/p>\n<p data-start=\"481\" data-end=\"778\">\u00bfAmante del caf\u00e9 con actitud? Esta taza es para ti (o ese alguien especial que siempre necesita una buena dosis de cafe\u00edna para funcionar). Su dise\u00f1o boho moderno incluye un hermoso arco\u00edris con l\u00edneas de latido y la palabra <strong data-start=\"706\" data-end=\"716\">coffee<\/strong>, creando una vibra divertida, relajada y totalmente cafetera.<\/p>\n<hr data-start=\"780\" data-end=\"783\" \/>\n<h3 data-start=\"785\" data-end=\"817\">\u2728 <strong data-start=\"791\" data-end=\"817\">Detalles del producto:<\/strong><\/h3>\n<ul data-start=\"819\" data-end=\"1191\">\n<li data-start=\"819\" data-end=\"872\">\n<p data-start=\"821\" data-end=\"872\">Taza de cer\u00e1mica blanca con letras marr\u00f3n chocolate<\/p>\n<\/li>\n<li data-start=\"873\" data-end=\"1003\">\n<p data-start=\"875\" data-end=\"1003\">Dise\u00f1o por ambos lados:<br data-start=\"898\" data-end=\"901\" \/>\ud83d\udd38 Frase divertida al frente<br data-start=\"931\" data-end=\"934\" \/>\ud83d\udd38 Arco\u00edris boho con dise\u00f1o de latido y palabra \u201ccoffee\u201d al reverso<\/p>\n<\/li>\n<li data-start=\"1004\" data-end=\"1028\">\n<p data-start=\"1006\" data-end=\"1028\">Capacidad: <strong data-start=\"1017\" data-end=\"1026\">15 oz<\/strong><\/p>\n<\/li>\n<li data-start=\"1029\" data-end=\"1125\">\n<p data-start=\"1031\" data-end=\"1125\">Apta para microondas y lavavajillas (aunque se recomienda lavar a mano para mayor durabilidad)<\/p>\n<\/li>\n<li data-start=\"1126\" data-end=\"1191\">\n<p data-start=\"1128\" data-end=\"1191\">Ideal para caf\u00e9, t\u00e9 o cualquier bebida que necesite actitud \u2615\ud83d\udd25<\/p>\n<\/li>\n<\/ul>\n<hr data-start=\"1193\" data-end=\"1196\" \/>\n<p data-start=\"1415\" data-end=\"1543\">","protected":false},"excerpt":{"rendered":"<p>Taza de ceramica, 15 oz, con las palabras &#8220;Claro que el tama\u00f1o importa&#8230;&#8221;<\/p>","protected":false},"featured_media":445642,"comment_status":"open","ping_status":"closed","template":"","meta":{"jetpack_post_was_ever_published":false},"product_brand":[],"product_cat":[364,412,171,365,156,338,339],"product_tag":[522,520,182,521,336],"class_list":{"0":"post-441295","1":"product","2":"type-product","3":"status-publish","4":"has-post-thumbnail","6":"product_cat-drinkware","7":"product_cat-frases-sin-filtro","8":"product_cat-gifts","9":"product_cat-mugs","10":"product_cat-para-adultos","11":"product_cat-personalizado","12":"product_cat-personalized","13":"product_tag-15-oz","14":"product_tag-boho","15":"product_tag-Mug","16":"product_tag-spanish-quote","17":"product_tag-taza","19":"first","20":"instock","21":"sale","22":"taxable","23":"shipping-taxable","24":"purchasable","25":"product-type-simple"},"yoast_head":"<!-- This site is optimized with the Yoast SEO plugin v27.4 - https:\/\/yoast.com\/product\/yoast-seo-wordpress\/ -->\n<title>Taza \u201cS\u00ed importa\u201d \u2013 15oz \u2013 Estilo Boho con Arco Iris<\/title>\n<meta name=\"description\" content=\"Taza que hace referencia al &quot;tama\u00f1o&quot; de manera picara y que puede ser personalizada si asi lo deseas. Material: Ceramica\" \/>\n<meta name=\"robots\" content=\"index, follow, max-snippet:-1, max-image-preview:large, max-video-preview:-1\" \/>\n<link rel=\"canonical\" href=\"https:\/\/chicamaravilla.com\/es\/producto\/taza-si-importa\/\" \/>\n<meta property=\"og:locale\" content=\"es_MX\" \/>\n<meta property=\"og:type\" content=\"article\" \/>\n<meta property=\"og:title\" content=\"Taza \u201cS\u00ed importa\u201d \u2013 15oz \u2013 Estilo Boho con Arco Iris\" \/>\n<meta property=\"og:description\" content=\"Taza que hace referencia al &quot;tama\u00f1o&quot; de manera picara y que puede ser personalizada si asi lo deseas. Material: Ceramica\" \/>\n<meta property=\"og:url\" content=\"https:\/\/chicamaravilla.com\/es\/producto\/taza-si-importa\/\" \/>\n<meta property=\"og:site_name\" content=\"Chica Maravilla\" \/>\n<meta property=\"article:modified_time\" content=\"2026-02-23T15:59:34+00:00\" \/>\n<meta property=\"og:image\" content=\"https:\/\/chicamaravilla.com\/wp-content\/uploads\/2025\/07\/7326424206149601192_2048-1.jpeg\" \/>\n\t<meta property=\"og:image:width\" content=\"1600\" \/>\n\t<meta property=\"og:image:height\" content=\"1600\" \/>\n\t<meta property=\"og:image:type\" content=\"image\/jpeg\" \/>\n<meta name=\"twitter:card\" content=\"summary_large_image\" \/>\n<meta name=\"twitter:label1\" content=\"Tiempo de lectura\" \/>\n\t<meta name=\"twitter:data1\" content=\"1 minuto\" \/>\n<script type=\"application\/ld+json\" class=\"yoast-schema-graph\">{\"@context\":\"https:\\\/\\\/schema.org\",\"@graph\":[{\"@type\":\"WebPage\",\"@id\":\"https:\\\/\\\/chicamaravilla.com\\\/product\\\/taza-si-importa\\\/\",\"url\":\"https:\\\/\\\/chicamaravilla.com\\\/product\\\/taza-si-importa\\\/\",\"name\":\"Taza \u201cS\u00ed importa\u201d \u2013 15oz \u2013 Estilo Boho con Arco Iris\",\"isPartOf\":{\"@id\":\"https:\\\/\\\/chicamaravilla.com\\\/#website\"},\"primaryImageOfPage\":{\"@id\":\"https:\\\/\\\/chicamaravilla.com\\\/product\\\/taza-si-importa\\\/#primaryimage\"},\"image\":{\"@id\":\"https:\\\/\\\/chicamaravilla.com\\\/product\\\/taza-si-importa\\\/#primaryimage\"},\"thumbnailUrl\":\"https:\\\/\\\/chicamaravilla.com\\\/wp-content\\\/uploads\\\/2025\\\/07\\\/7326424206149601192_2048-1.jpeg\",\"datePublished\":\"2025-06-20T04:14:41+00:00\",\"dateModified\":\"2026-02-23T15:59:34+00:00\",\"description\":\"Taza que hace referencia al \\\"tama\u00f1o\\\" de manera picara y que puede ser personalizada si asi lo deseas. Material: Ceramica\",\"breadcrumb\":{\"@id\":\"https:\\\/\\\/chicamaravilla.com\\\/product\\\/taza-si-importa\\\/#breadcrumb\"},\"inLanguage\":\"es\",\"potentialAction\":[{\"@type\":\"ReadAction\",\"target\":[\"https:\\\/\\\/chicamaravilla.com\\\/product\\\/taza-si-importa\\\/\"]}]},{\"@type\":\"ImageObject\",\"inLanguage\":\"es\",\"@id\":\"https:\\\/\\\/chicamaravilla.com\\\/product\\\/taza-si-importa\\\/#primaryimage\",\"url\":\"https:\\\/\\\/chicamaravilla.com\\\/wp-content\\\/uploads\\\/2025\\\/07\\\/7326424206149601192_2048-1.jpeg\",\"contentUrl\":\"https:\\\/\\\/chicamaravilla.com\\\/wp-content\\\/uploads\\\/2025\\\/07\\\/7326424206149601192_2048-1.jpeg\",\"width\":1600,\"height\":1600},{\"@type\":\"BreadcrumbList\",\"@id\":\"https:\\\/\\\/chicamaravilla.com\\\/product\\\/taza-si-importa\\\/#breadcrumb\",\"itemListElement\":[{\"@type\":\"ListItem\",\"position\":1,\"name\":\"Home\",\"item\":\"https:\\\/\\\/chicamaravilla.com\\\/\"},{\"@type\":\"ListItem\",\"position\":2,\"name\":\"Shop\",\"item\":\"https:\\\/\\\/chicamaravilla.com\\\/shop\\\/\"},{\"@type\":\"ListItem\",\"position\":3,\"name\":\"Taza \u201cS\u00ed importa\u201d \u2013 15oz \u2013 Estilo Boho con Arco Iris\"}]},{\"@type\":\"WebSite\",\"@id\":\"https:\\\/\\\/chicamaravilla.com\\\/#website\",\"url\":\"https:\\\/\\\/chicamaravilla.com\\\/\",\"name\":\"Chica Maravilla Online\",\"description\":\"Contenido, media y servicios biling\u00fces para crecer y avanzar.\",\"publisher\":{\"@id\":\"https:\\\/\\\/chicamaravilla.com\\\/#\\\/schema\\\/person\\\/34cc3c3eb9856b9ce12cc9d524c2e0a0\"},\"alternateName\":\"CMO\",\"potentialAction\":[{\"@type\":\"SearchAction\",\"target\":{\"@type\":\"EntryPoint\",\"urlTemplate\":\"https:\\\/\\\/chicamaravilla.com\\\/?s={search_term_string}\"},\"query-input\":{\"@type\":\"PropertyValueSpecification\",\"valueRequired\":true,\"valueName\":\"search_term_string\"}}],\"inLanguage\":\"es\"},{\"@type\":[\"Person\",\"Organization\"],\"@id\":\"https:\\\/\\\/chicamaravilla.com\\\/#\\\/schema\\\/person\\\/34cc3c3eb9856b9ce12cc9d524c2e0a0\",\"name\":\"Chica Maravilla\",\"image\":{\"@type\":\"ImageObject\",\"inLanguage\":\"es\",\"@id\":\"https:\\\/\\\/chicamaravilla.com\\\/wp-content\\\/uploads\\\/2020\\\/07\\\/cropped-2000x2000-CMOnline-Logo-30k_.png\",\"url\":\"https:\\\/\\\/chicamaravilla.com\\\/wp-content\\\/uploads\\\/2020\\\/07\\\/cropped-2000x2000-CMOnline-Logo-30k_.png\",\"contentUrl\":\"https:\\\/\\\/chicamaravilla.com\\\/wp-content\\\/uploads\\\/2020\\\/07\\\/cropped-2000x2000-CMOnline-Logo-30k_.png\",\"width\":1800,\"height\":440,\"caption\":\"Chica Maravilla\"},\"logo\":{\"@id\":\"https:\\\/\\\/chicamaravilla.com\\\/wp-content\\\/uploads\\\/2020\\\/07\\\/cropped-2000x2000-CMOnline-Logo-30k_.png\"},\"sameAs\":[\"http:\\\/\\\/chicamaravilla.com\"]}]}<\/script>\n<!-- \/ Yoast SEO plugin. -->","yoast_head_json":{"title":"Taza \u201cS\u00ed importa\u201d \u2013 15oz \u2013 Estilo Boho con Arco Iris","description":"Taza que hace referencia al \"tama\u00f1o\" de manera picara y que puede ser personalizada si asi lo deseas. Material: Ceramica","robots":{"index":"index","follow":"follow","max-snippet":"max-snippet:-1","max-image-preview":"max-image-preview:large","max-video-preview":"max-video-preview:-1"},"canonical":"https:\/\/chicamaravilla.com\/es\/producto\/taza-si-importa\/","og_locale":"es_MX","og_type":"article","og_title":"Taza \u201cS\u00ed importa\u201d \u2013 15oz \u2013 Estilo Boho con Arco Iris","og_description":"Taza que hace referencia al \"tama\u00f1o\" de manera picara y que puede ser personalizada si asi lo deseas. Material: Ceramica","og_url":"https:\/\/chicamaravilla.com\/es\/producto\/taza-si-importa\/","og_site_name":"Chica Maravilla","article_modified_time":"2026-02-23T15:59:34+00:00","og_image":[{"width":1600,"height":1600,"url":"https:\/\/chicamaravilla.com\/wp-content\/uploads\/2025\/07\/7326424206149601192_2048-1.jpeg","type":"image\/jpeg"}],"twitter_card":"summary_large_image","twitter_misc":{"Tiempo de lectura":"1 minuto"},"schema":{"@context":"https:\/\/schema.org","@graph":[{"@type":"WebPage","@id":"https:\/\/chicamaravilla.com\/product\/taza-si-importa\/","url":"https:\/\/chicamaravilla.com\/product\/taza-si-importa\/","name":"Taza \u201cS\u00ed importa\u201d \u2013 15oz \u2013 Estilo Boho con Arco Iris","isPartOf":{"@id":"https:\/\/chicamaravilla.com\/#website"},"primaryImageOfPage":{"@id":"https:\/\/chicamaravilla.com\/product\/taza-si-importa\/#primaryimage"},"image":{"@id":"https:\/\/chicamaravilla.com\/product\/taza-si-importa\/#primaryimage"},"thumbnailUrl":"https:\/\/chicamaravilla.com\/wp-content\/uploads\/2025\/07\/7326424206149601192_2048-1.jpeg","datePublished":"2025-06-20T04:14:41+00:00","dateModified":"2026-02-23T15:59:34+00:00","description":"Taza que hace referencia al \"tama\u00f1o\" de manera picara y que puede ser personalizada si asi lo deseas. Material: Ceramica","breadcrumb":{"@id":"https:\/\/chicamaravilla.com\/product\/taza-si-importa\/#breadcrumb"},"inLanguage":"es","potentialAction":[{"@type":"ReadAction","target":["https:\/\/chicamaravilla.com\/product\/taza-si-importa\/"]}]},{"@type":"ImageObject","inLanguage":"es","@id":"https:\/\/chicamaravilla.com\/product\/taza-si-importa\/#primaryimage","url":"https:\/\/chicamaravilla.com\/wp-content\/uploads\/2025\/07\/7326424206149601192_2048-1.jpeg","contentUrl":"https:\/\/chicamaravilla.com\/wp-content\/uploads\/2025\/07\/7326424206149601192_2048-1.jpeg","width":1600,"height":1600},{"@type":"BreadcrumbList","@id":"https:\/\/chicamaravilla.com\/product\/taza-si-importa\/#breadcrumb","itemListElement":[{"@type":"ListItem","position":1,"name":"Home","item":"https:\/\/chicamaravilla.com\/"},{"@type":"ListItem","position":2,"name":"Shop","item":"https:\/\/chicamaravilla.com\/shop\/"},{"@type":"ListItem","position":3,"name":"Taza \u201cS\u00ed importa\u201d \u2013 15oz \u2013 Estilo Boho con Arco Iris"}]},{"@type":"WebSite","@id":"https:\/\/chicamaravilla.com\/#website","url":"https:\/\/chicamaravilla.com\/","name":"Chica Maravilla Online","description":"Contenido, media y servicios biling\u00fces para crecer y avanzar.","publisher":{"@id":"https:\/\/chicamaravilla.com\/#\/schema\/person\/34cc3c3eb9856b9ce12cc9d524c2e0a0"},"alternateName":"CMO","potentialAction":[{"@type":"SearchAction","target":{"@type":"EntryPoint","urlTemplate":"https:\/\/chicamaravilla.com\/?s={search_term_string}"},"query-input":{"@type":"PropertyValueSpecification","valueRequired":true,"valueName":"search_term_string"}}],"inLanguage":"es"},{"@type":["Person","Organization"],"@id":"https:\/\/chicamaravilla.com\/#\/schema\/person\/34cc3c3eb9856b9ce12cc9d524c2e0a0","name":"Chica Maravilla","image":{"@type":"ImageObject","inLanguage":"es","@id":"https:\/\/chicamaravilla.com\/wp-content\/uploads\/2020\/07\/cropped-2000x2000-CMOnline-Logo-30k_.png","url":"https:\/\/chicamaravilla.com\/wp-content\/uploads\/2020\/07\/cropped-2000x2000-CMOnline-Logo-30k_.png","contentUrl":"https:\/\/chicamaravilla.com\/wp-content\/uploads\/2020\/07\/cropped-2000x2000-CMOnline-Logo-30k_.png","width":1800,"height":440,"caption":"Chica Maravilla"},"logo":{"@id":"https:\/\/chicamaravilla.com\/wp-content\/uploads\/2020\/07\/cropped-2000x2000-CMOnline-Logo-30k_.png"},"sameAs":["http:\/\/chicamaravilla.com"]}]}},"jetpack_sharing_enabled":true,"jetpack_likes_enabled":true,"_links":{"self":[{"href":"https:\/\/chicamaravilla.com\/es\/wp-json\/wp\/v2\/product\/441295","targetHints":{"allow":["GET"]}}],"collection":[{"href":"https:\/\/chicamaravilla.com\/es\/wp-json\/wp\/v2\/product"}],"about":[{"href":"https:\/\/chicamaravilla.com\/es\/wp-json\/wp\/v2\/types\/product"}],"replies":[{"embeddable":true,"href":"https:\/\/chicamaravilla.com\/es\/wp-json\/wp\/v2\/comments?post=441295"}],"version-history":[{"count":6,"href":"https:\/\/chicamaravilla.com\/es\/wp-json\/wp\/v2\/product\/441295\/revisions"}],"predecessor-version":[{"id":445643,"href":"https:\/\/chicamaravilla.com\/es\/wp-json\/wp\/v2\/product\/441295\/revisions\/445643"}],"wp:featuredmedia":[{"embeddable":true,"href":"https:\/\/chicamaravilla.com\/es\/wp-json\/wp\/v2\/media\/445642"}],"wp:attachment":[{"href":"https:\/\/chicamaravilla.com\/es\/wp-json\/wp\/v2\/media?parent=441295"}],"wp:term":[{"taxonomy":"product_brand","embeddable":true,"href":"https:\/\/chicamaravilla.com\/es\/wp-json\/wp\/v2\/product_brand?post=441295"},{"taxonomy":"product_cat","embeddable":true,"href":"https:\/\/chicamaravilla.com\/es\/wp-json\/wp\/v2\/product_cat?post=441295"},{"taxonomy":"product_tag","embeddable":true,"href":"https:\/\/chicamaravilla.com\/es\/wp-json\/wp\/v2\/product_tag?post=441295"}],"curies":[{"name":"wp","href":"https:\/\/api.w.org\/{rel}","templated":true}]}}