{"id":436643,"date":"2025-06-07T15:38:01","date_gmt":"2025-06-07T20:38:01","guid":{"rendered":"https:\/\/chicamaravilla.com\/?post_type=product&#038;p=436643"},"modified":"2025-07-22T00:00:51","modified_gmt":"2025-07-22T05:00:51","slug":"100-tarjetas-de-presentacion","status":"publish","type":"product","link":"https:\/\/chicamaravilla.com\/es\/producto\/100-tarjetas-de-presentacion\/","title":{"rendered":"100 Tarjetas de Presentaci\u00f3n"},"content":{"rendered":"<p><strong>\ud83d\udca5 ESPECIAL DE 48 HORAS \ud83d\udca5<\/strong><br \/>\n\u2022 Ambos Lados a COLOR<br \/>\n\u2022 Protecci\u00f3n UV<br \/>\n\u2022 Env\u00edo Gratis<\/p>\n<p><strong><em>\u00bfOcupas mas de 100 tarjetas?\u00a0 Estoy a la orden para cotizar una cantidad mas alta y a un precio razonable.<\/em><\/strong><\/p>\n<p>*No incluye dise\u00f1o, el cliente deber\u00e1 enviar su dise\u00f1o listo para imprenta, preferible en formato PDF.<br \/>\n\u2022 Servicio de Dise\u00f1o: $35<\/p>\n<p>\ud83d\udcf1\ud83d\udcde\ud835\uddea\ud835\uddf5\ud835\uddee\ud835\ude01\ud835\ude00\ud835\uddee\ud835\uddfd\ud835\uddfd: <a href=\"https:\/\/wa.me\/17135814421\">713-581-4421<\/a><\/p>\n<p><strong>Como Ordenar:<\/strong><br \/>\n1. Simplemente indica la cantidad de paquetes de tarjetas que deseas comprar.<br \/>\n2. La compra la puedes finalizar con las diferentes opciones de pago ofrecidos, incluso en pagos.<br \/>\n3. Despues de finalizar tu compra, recibir\u00e1s un correo electronico confirmando dicha compra.<br \/>\n4. Env\u00eda tu dise\u00f1o, en formato para la imprenta profesional a sandi@chicamaravilla.com<br \/>\n5. Ofrecemos servicio de dise\u00f1o adicional, por favor comunicate conmigo via <a href=\"https:\/\/wa.me\/17135814421\">WhatsApp<\/a> o por <a href=\"\/es\/sandi@chicamaravilla.com\/\">Email<\/a>, responder\u00e9 lo antes posible.<\/p>","protected":false},"excerpt":{"rendered":"<p>100 Tarjetas de Presentacion, imprentas y enviadas: Ambos Lados a Color | Protecci\u00f3n UV | Solo env\u00eda tu dise\u00f1o en formato PDF listo para imprenta profesional.\u00a0 Servicio de dise\u00f1o disponible. En el espacio a continuaci\u00f3n incluye por favor cualquier detalles en especial para tu orden.<\/p>","protected":false},"featured_media":436644,"comment_status":"open","ping_status":"closed","template":"","meta":{"jetpack_post_was_ever_published":false},"product_brand":[],"product_cat":[293],"product_tag":[507,504,509,510,508,505,506],"class_list":{"0":"post-436643","1":"product","2":"type-product","3":"status-publish","4":"has-post-thumbnail","6":"product_cat-business","7":"product_tag-business","8":"product_tag-business-cards","9":"product_tag-emprendedor","10":"product_tag-emprendedora","11":"product_tag-negocio","12":"product_tag-tarjetas-de-negocio","13":"product_tag-tarjetas-de-presentacion","14":"product_shipping_class-free-shipping","15":"wcpa_has_options","17":"first","18":"instock","19":"taxable","20":"shipping-taxable","21":"purchasable","22":"product-type-simple"},"yoast_head":"<!-- This site is optimized with the Yoast SEO plugin v27.4 - https:\/\/yoast.com\/product\/yoast-seo-wordpress\/ -->\n<title>100 Tarjetas de Presentaci\u00f3n<\/title>\n<meta name=\"description\" content=\"100 Tarjetas de Presentacion, imprentas y enviadas: Ambos Lados a Color | Protecci\u00f3n UV - Especial Relampago\" \/>\n<meta name=\"robots\" content=\"index, follow, max-snippet:-1, max-image-preview:large, max-video-preview:-1\" \/>\n<link rel=\"canonical\" href=\"https:\/\/chicamaravilla.com\/es\/producto\/100-tarjetas-de-presentacion\/\" \/>\n<meta property=\"og:locale\" content=\"es_MX\" \/>\n<meta property=\"og:type\" content=\"article\" \/>\n<meta property=\"og:title\" content=\"100 Tarjetas de Presentaci\u00f3n\" \/>\n<meta property=\"og:description\" content=\"100 Tarjetas de Presentacion, imprentas y enviadas: Ambos Lados a Color | Protecci\u00f3n UV - Especial Relampago\" \/>\n<meta property=\"og:url\" content=\"https:\/\/chicamaravilla.com\/es\/producto\/100-tarjetas-de-presentacion\/\" \/>\n<meta property=\"og:site_name\" content=\"Chica Maravilla\" \/>\n<meta property=\"article:modified_time\" content=\"2025-07-22T05:00:51+00:00\" \/>\n<meta property=\"og:image\" content=\"https:\/\/i.ibb.co\/sd6zZSDz\/100-BC-35-Sp.png\" \/>\n\t<meta property=\"og:image:width\" content=\"2475\" \/>\n\t<meta property=\"og:image:height\" content=\"2475\" \/>\n\t<meta property=\"og:image:type\" content=\"image\/png\" \/>\n<meta name=\"twitter:card\" content=\"summary_large_image\" \/>\n<meta name=\"twitter:label1\" content=\"Tiempo de lectura\" \/>\n\t<meta name=\"twitter:data1\" content=\"1 minuto\" \/>\n<script type=\"application\/ld+json\" class=\"yoast-schema-graph\">{\"@context\":\"https:\\\/\\\/schema.org\",\"@graph\":[{\"@type\":\"WebPage\",\"@id\":\"https:\\\/\\\/chicamaravilla.com\\\/product\\\/100-tarjetas-de-presentacion\\\/\",\"url\":\"https:\\\/\\\/chicamaravilla.com\\\/product\\\/100-tarjetas-de-presentacion\\\/\",\"name\":\"100 Tarjetas de Presentaci\u00f3n\",\"isPartOf\":{\"@id\":\"https:\\\/\\\/chicamaravilla.com\\\/#website\"},\"primaryImageOfPage\":{\"@id\":\"https:\\\/\\\/chicamaravilla.com\\\/product\\\/100-tarjetas-de-presentacion\\\/#primaryimage\"},\"image\":{\"@id\":\"https:\\\/\\\/chicamaravilla.com\\\/product\\\/100-tarjetas-de-presentacion\\\/#primaryimage\"},\"thumbnailUrl\":\"https:\\\/\\\/i.ibb.co\\\/sd6zZSDz\\\/100-BC-35-Sp.png\",\"datePublished\":\"2025-06-07T20:38:01+00:00\",\"dateModified\":\"2025-07-22T05:00:51+00:00\",\"description\":\"100 Tarjetas de Presentacion, imprentas y enviadas: Ambos Lados a Color | Protecci\u00f3n UV - Especial Relampago\",\"breadcrumb\":{\"@id\":\"https:\\\/\\\/chicamaravilla.com\\\/product\\\/100-tarjetas-de-presentacion\\\/#breadcrumb\"},\"inLanguage\":\"es\",\"potentialAction\":[{\"@type\":\"ReadAction\",\"target\":[\"https:\\\/\\\/chicamaravilla.com\\\/product\\\/100-tarjetas-de-presentacion\\\/\"]}]},{\"@type\":\"ImageObject\",\"inLanguage\":\"es\",\"@id\":\"https:\\\/\\\/chicamaravilla.com\\\/product\\\/100-tarjetas-de-presentacion\\\/#primaryimage\",\"url\":\"https:\\\/\\\/i.ibb.co\\\/sd6zZSDz\\\/100-BC-35-Sp.png\",\"contentUrl\":\"https:\\\/\\\/i.ibb.co\\\/sd6zZSDz\\\/100-BC-35-Sp.png\",\"width\":2475,\"height\":2475,\"caption\":\"100 Business Cards printed and shipped: $35\"},{\"@type\":\"BreadcrumbList\",\"@id\":\"https:\\\/\\\/chicamaravilla.com\\\/product\\\/100-tarjetas-de-presentacion\\\/#breadcrumb\",\"itemListElement\":[{\"@type\":\"ListItem\",\"position\":1,\"name\":\"Home\",\"item\":\"https:\\\/\\\/chicamaravilla.com\\\/\"},{\"@type\":\"ListItem\",\"position\":2,\"name\":\"Shop\",\"item\":\"https:\\\/\\\/chicamaravilla.com\\\/shop\\\/\"},{\"@type\":\"ListItem\",\"position\":3,\"name\":\"100 Tarjetas de Presentaci\u00f3n\"}]},{\"@type\":\"WebSite\",\"@id\":\"https:\\\/\\\/chicamaravilla.com\\\/#website\",\"url\":\"https:\\\/\\\/chicamaravilla.com\\\/\",\"name\":\"Chica Maravilla Online\",\"description\":\"Contenido, media y servicios biling\u00fces para crecer y avanzar.\",\"publisher\":{\"@id\":\"https:\\\/\\\/chicamaravilla.com\\\/#\\\/schema\\\/person\\\/34cc3c3eb9856b9ce12cc9d524c2e0a0\"},\"alternateName\":\"CMO\",\"potentialAction\":[{\"@type\":\"SearchAction\",\"target\":{\"@type\":\"EntryPoint\",\"urlTemplate\":\"https:\\\/\\\/chicamaravilla.com\\\/?s={search_term_string}\"},\"query-input\":{\"@type\":\"PropertyValueSpecification\",\"valueRequired\":true,\"valueName\":\"search_term_string\"}}],\"inLanguage\":\"es\"},{\"@type\":[\"Person\",\"Organization\"],\"@id\":\"https:\\\/\\\/chicamaravilla.com\\\/#\\\/schema\\\/person\\\/34cc3c3eb9856b9ce12cc9d524c2e0a0\",\"name\":\"Chica Maravilla\",\"image\":{\"@type\":\"ImageObject\",\"inLanguage\":\"es\",\"@id\":\"https:\\\/\\\/chicamaravilla.com\\\/wp-content\\\/uploads\\\/2020\\\/07\\\/cropped-2000x2000-CMOnline-Logo-30k_.png\",\"url\":\"https:\\\/\\\/chicamaravilla.com\\\/wp-content\\\/uploads\\\/2020\\\/07\\\/cropped-2000x2000-CMOnline-Logo-30k_.png\",\"contentUrl\":\"https:\\\/\\\/chicamaravilla.com\\\/wp-content\\\/uploads\\\/2020\\\/07\\\/cropped-2000x2000-CMOnline-Logo-30k_.png\",\"width\":1800,\"height\":440,\"caption\":\"Chica Maravilla\"},\"logo\":{\"@id\":\"https:\\\/\\\/chicamaravilla.com\\\/wp-content\\\/uploads\\\/2020\\\/07\\\/cropped-2000x2000-CMOnline-Logo-30k_.png\"},\"sameAs\":[\"http:\\\/\\\/chicamaravilla.com\"]}]}<\/script>\n<!-- \/ Yoast SEO plugin. -->","yoast_head_json":{"title":"100 Tarjetas de Presentaci\u00f3n","description":"100 Tarjetas de Presentacion, imprentas y enviadas: Ambos Lados a Color | Protecci\u00f3n UV - Especial Relampago","robots":{"index":"index","follow":"follow","max-snippet":"max-snippet:-1","max-image-preview":"max-image-preview:large","max-video-preview":"max-video-preview:-1"},"canonical":"https:\/\/chicamaravilla.com\/es\/producto\/100-tarjetas-de-presentacion\/","og_locale":"es_MX","og_type":"article","og_title":"100 Tarjetas de Presentaci\u00f3n","og_description":"100 Tarjetas de Presentacion, imprentas y enviadas: Ambos Lados a Color | Protecci\u00f3n UV - Especial Relampago","og_url":"https:\/\/chicamaravilla.com\/es\/producto\/100-tarjetas-de-presentacion\/","og_site_name":"Chica Maravilla","article_modified_time":"2025-07-22T05:00:51+00:00","og_image":[{"width":2475,"height":2475,"url":"https:\/\/i.ibb.co\/sd6zZSDz\/100-BC-35-Sp.png","type":"image\/png"}],"twitter_card":"summary_large_image","twitter_misc":{"Tiempo de lectura":"1 minuto"},"schema":{"@context":"https:\/\/schema.org","@graph":[{"@type":"WebPage","@id":"https:\/\/chicamaravilla.com\/product\/100-tarjetas-de-presentacion\/","url":"https:\/\/chicamaravilla.com\/product\/100-tarjetas-de-presentacion\/","name":"100 Tarjetas de Presentaci\u00f3n","isPartOf":{"@id":"https:\/\/chicamaravilla.com\/#website"},"primaryImageOfPage":{"@id":"https:\/\/chicamaravilla.com\/product\/100-tarjetas-de-presentacion\/#primaryimage"},"image":{"@id":"https:\/\/chicamaravilla.com\/product\/100-tarjetas-de-presentacion\/#primaryimage"},"thumbnailUrl":"https:\/\/i.ibb.co\/sd6zZSDz\/100-BC-35-Sp.png","datePublished":"2025-06-07T20:38:01+00:00","dateModified":"2025-07-22T05:00:51+00:00","description":"100 Tarjetas de Presentacion, imprentas y enviadas: Ambos Lados a Color | Protecci\u00f3n UV - Especial Relampago","breadcrumb":{"@id":"https:\/\/chicamaravilla.com\/product\/100-tarjetas-de-presentacion\/#breadcrumb"},"inLanguage":"es","potentialAction":[{"@type":"ReadAction","target":["https:\/\/chicamaravilla.com\/product\/100-tarjetas-de-presentacion\/"]}]},{"@type":"ImageObject","inLanguage":"es","@id":"https:\/\/chicamaravilla.com\/product\/100-tarjetas-de-presentacion\/#primaryimage","url":"https:\/\/i.ibb.co\/sd6zZSDz\/100-BC-35-Sp.png","contentUrl":"https:\/\/i.ibb.co\/sd6zZSDz\/100-BC-35-Sp.png","width":2475,"height":2475,"caption":"100 Business Cards printed and shipped: $35"},{"@type":"BreadcrumbList","@id":"https:\/\/chicamaravilla.com\/product\/100-tarjetas-de-presentacion\/#breadcrumb","itemListElement":[{"@type":"ListItem","position":1,"name":"Home","item":"https:\/\/chicamaravilla.com\/"},{"@type":"ListItem","position":2,"name":"Shop","item":"https:\/\/chicamaravilla.com\/shop\/"},{"@type":"ListItem","position":3,"name":"100 Tarjetas de Presentaci\u00f3n"}]},{"@type":"WebSite","@id":"https:\/\/chicamaravilla.com\/#website","url":"https:\/\/chicamaravilla.com\/","name":"Chica Maravilla Online","description":"Contenido, media y servicios biling\u00fces para crecer y avanzar.","publisher":{"@id":"https:\/\/chicamaravilla.com\/#\/schema\/person\/34cc3c3eb9856b9ce12cc9d524c2e0a0"},"alternateName":"CMO","potentialAction":[{"@type":"SearchAction","target":{"@type":"EntryPoint","urlTemplate":"https:\/\/chicamaravilla.com\/?s={search_term_string}"},"query-input":{"@type":"PropertyValueSpecification","valueRequired":true,"valueName":"search_term_string"}}],"inLanguage":"es"},{"@type":["Person","Organization"],"@id":"https:\/\/chicamaravilla.com\/#\/schema\/person\/34cc3c3eb9856b9ce12cc9d524c2e0a0","name":"Chica Maravilla","image":{"@type":"ImageObject","inLanguage":"es","@id":"https:\/\/chicamaravilla.com\/wp-content\/uploads\/2020\/07\/cropped-2000x2000-CMOnline-Logo-30k_.png","url":"https:\/\/chicamaravilla.com\/wp-content\/uploads\/2020\/07\/cropped-2000x2000-CMOnline-Logo-30k_.png","contentUrl":"https:\/\/chicamaravilla.com\/wp-content\/uploads\/2020\/07\/cropped-2000x2000-CMOnline-Logo-30k_.png","width":1800,"height":440,"caption":"Chica Maravilla"},"logo":{"@id":"https:\/\/chicamaravilla.com\/wp-content\/uploads\/2020\/07\/cropped-2000x2000-CMOnline-Logo-30k_.png"},"sameAs":["http:\/\/chicamaravilla.com"]}]}},"jetpack_sharing_enabled":true,"jetpack_likes_enabled":true,"_links":{"self":[{"href":"https:\/\/chicamaravilla.com\/es\/wp-json\/wp\/v2\/product\/436643","targetHints":{"allow":["GET"]}}],"collection":[{"href":"https:\/\/chicamaravilla.com\/es\/wp-json\/wp\/v2\/product"}],"about":[{"href":"https:\/\/chicamaravilla.com\/es\/wp-json\/wp\/v2\/types\/product"}],"replies":[{"embeddable":true,"href":"https:\/\/chicamaravilla.com\/es\/wp-json\/wp\/v2\/comments?post=436643"}],"version-history":[{"count":6,"href":"https:\/\/chicamaravilla.com\/es\/wp-json\/wp\/v2\/product\/436643\/revisions"}],"predecessor-version":[{"id":436823,"href":"https:\/\/chicamaravilla.com\/es\/wp-json\/wp\/v2\/product\/436643\/revisions\/436823"}],"wp:featuredmedia":[{"embeddable":true,"href":"https:\/\/chicamaravilla.com\/es\/wp-json\/wp\/v2\/media\/436644"}],"wp:attachment":[{"href":"https:\/\/chicamaravilla.com\/es\/wp-json\/wp\/v2\/media?parent=436643"}],"wp:term":[{"taxonomy":"product_brand","embeddable":true,"href":"https:\/\/chicamaravilla.com\/es\/wp-json\/wp\/v2\/product_brand?post=436643"},{"taxonomy":"product_cat","embeddable":true,"href":"https:\/\/chicamaravilla.com\/es\/wp-json\/wp\/v2\/product_cat?post=436643"},{"taxonomy":"product_tag","embeddable":true,"href":"https:\/\/chicamaravilla.com\/es\/wp-json\/wp\/v2\/product_tag?post=436643"}],"curies":[{"name":"wp","href":"https:\/\/api.w.org\/{rel}","templated":true}]}}