{"id":434640,"date":"2025-01-31T12:55:28","date_gmt":"2025-01-31T18:55:28","guid":{"rendered":"https:\/\/chicamaravilla.com\/product\/taza-magica-personalizada-este-papito-maravilloso-color-morphing-mug-11oz\/"},"modified":"2026-04-03T14:33:38","modified_gmt":"2026-04-03T19:33:38","slug":"taza-magica-personalizada-este-papito-maravilloso-color-morphing-mug-11oz","status":"publish","type":"product","link":"https:\/\/chicamaravilla.com\/es\/producto\/taza-magica-personalizada-este-papito-maravilloso-color-morphing-mug-11oz\/","title":{"rendered":"Taza Magica Personalizada &#8216;Este Papito Maravilloso&#8217; &#8211; 11oz"},"content":{"rendered":"<p data-start=\"289\" data-end=\"348\">\ud83d\udc68\u200d\ud83d\udc67\u200d\ud83d\udc66\u2728 <strong data-start=\"299\" data-end=\"348\">\u00a1Una taza m\u00e1gica para ese Papito Maravilloso!<\/strong><\/p>\n<p data-start=\"350\" data-end=\"580\">Sorprende a pap\u00e1 con una taza que cambia de color cuando se llena con una bebida caliente y revela un dise\u00f1o personalizado lleno de amor.<br data-start=\"487\" data-end=\"490\" \/>Este regalo \u00fanico es ideal para el D\u00eda del Padre, cumplea\u00f1os o cualquier ocasi\u00f3n especial.<\/p>\n<p data-start=\"582\" data-end=\"899\">\ud83d\udccc <strong data-start=\"585\" data-end=\"633\">\u00bfQu\u00e9 incluye esta taza m\u00e1gica personalizada?<\/strong><br data-start=\"633\" data-end=\"636\" \/>\u2714\ufe0f El nombre del pap\u00e1<br data-start=\"657\" data-end=\"660\" \/>\u2714\ufe0f Las huellitas con los nombres de sus hijos\/as<br data-start=\"708\" data-end=\"711\" \/>\u2714\ufe0f La opci\u00f3n de agregar <strong data-start=\"735\" data-end=\"747\">una foto<\/strong> (de pap\u00e1 con sus hijos o cualquier imagen especial)<br data-start=\"799\" data-end=\"802\" \/>\u2714\ufe0f Posibilidad de personalizar colores o tipograf\u00eda (<em data-start=\"855\" data-end=\"898\">sujeto a disponibilidad y costo adicional<\/em>)<\/p>\n<p data-start=\"901\" data-end=\"1206\">\ud83d\udce9 <strong data-start=\"904\" data-end=\"919\">IMPORTANTE:<\/strong><br data-start=\"919\" data-end=\"922\" \/>Despu\u00e9s de realizar tu compra, env\u00eda la foto que deseas incluir a: <strong data-start=\"990\" data-end=\"1014\"><a class=\"cursor-pointer\" rel=\"noopener\">sandi@chicamaravilla.com<\/a><\/strong><br data-start=\"1047\" data-end=\"1050\" \/>Si deseas hacer cambios en el dise\u00f1o (colores o tipograf\u00eda), por favor cont\u00e1ctame antes. Se te enviar\u00e1 una factura digital si se requiere un pago adicional.<\/p>\n<p data-start=\"1208\" data-end=\"1395\">\ud83d\udca5 <strong data-start=\"1211\" data-end=\"1252\">Oferta especial para NUEVOS CLIENTES:<\/strong><br data-start=\"1252\" data-end=\"1255\" \/>Usa el c\u00f3digo <strong data-start=\"1269\" data-end=\"1285\">PAPAMAGICO25<\/strong> y recibe un <strong data-start=\"1298\" data-end=\"1318\">25% de descuento<\/strong> en esta taza.<br data-start=\"1332\" data-end=\"1335\" \/>\ud83c\udf10 Solo en: <a class=\"\" href=\"https:\/\/chicamaravilla.com\/es\/\" target=\"_new\" rel=\"noopener\" data-start=\"1347\" data-end=\"1395\">chicamaravilla.com<\/a><\/p>\n<p data-start=\"1397\" data-end=\"1435\">\ud83d\ude9a Env\u00edos a todo EE.UU. por solo $6.99<\/p>\n<p data-start=\"1163\" data-end=\"1379\"><strong data-start=\"1163\" data-end=\"1206\">\u00bfDeseas modificar colores o tipograf\u00eda?<\/strong><br data-start=\"1206\" data-end=\"1209\" \/>Cont\u00e1ctame directamente:\u00a0 <em><a class=\"cursor-pointer\" href=\"mailto:sandi@chicamaravilla.com\" rel=\"noopener\" data-start=\"1236\" data-end=\"1295\">sandi@chicamaravilla.com<\/a><\/em>\u00a0o via <a href=\"https:\/\/wa.me\/17135814421\">WhatsApp<\/a>. En caso de cambios adicionales, se enviar\u00e1 una factura digital con el cargo extra.<\/p>\n<p data-start=\"1163\" data-end=\"1379\">","protected":false},"excerpt":{"rendered":"<p>Personaliza la taza para papito incluyendo en el espacio siguiente el nombre de pap\u00e1 y sus hijo(s).\u00a0 Env\u00eda la foto al correo sandi@chicamaravilla.com<\/p>","protected":false},"featured_media":434653,"comment_status":"open","ping_status":"closed","template":"","meta":{"jetpack_post_was_ever_published":false},"product_brand":[],"product_cat":[340,364,206,171,365,338,339],"product_tag":[484,490,487,330,489,486,482,488,483,485],"class_list":{"0":"post-434640","1":"product","2":"type-product","3":"status-publish","4":"has-post-thumbnail","6":"product_cat-customized","7":"product_cat-drinkware","8":"product_cat-fathers-day","9":"product_cat-gifts","10":"product_cat-mugs","11":"product_cat-personalizado","12":"product_cat-personalized","13":"product_tag-huellitas-con-nombres","14":"product_tag-ideas-de-regalo-dia-del-padre-2025","15":"product_tag-regalo-original-para-hombres","16":"product_tag-regalo-para-papa","17":"product_tag-taza-de-ceramica-personalizada","18":"product_tag-taza-magica-para-papa","19":"product_tag-taza-magica-personalizada","20":"product_tag-taza-personalizada-con-hijos","21":"product_tag-taza-personalizada-para-el-dia-del-padre","22":"product_tag-taza-que-cambia-de-color","23":"wcpa_has_options","25":"first","26":"instock","27":"sale","28":"featured","29":"taxable","30":"shipping-taxable","31":"purchasable","32":"product-type-simple"},"yoast_head":"<!-- This site is optimized with the Yoast SEO plugin v27.4 - https:\/\/yoast.com\/product\/yoast-seo-wordpress\/ -->\n<title>Taza Magica Personalizada &#039;Este Papito Maravilloso&#039; - 11oz - Chica Maravilla<\/title>\n<meta name=\"description\" content=\"Sorprende a pap\u00e1 con una taza m\u00e1gica personalizada que revela un mensaje especial y los nombres de sus hijos con cada sorbo. \u00a1Un regalo \u00fanico para este D\u00eda del Padre! \u00a1Feliz D\u00eda del Padre!\" \/>\n<meta name=\"robots\" content=\"index, follow, max-snippet:-1, max-image-preview:large, max-video-preview:-1\" \/>\n<link rel=\"canonical\" href=\"https:\/\/chicamaravilla.com\/es\/producto\/taza-magica-personalizada-este-papito-maravilloso-color-morphing-mug-11oz\/\" \/>\n<meta property=\"og:locale\" content=\"es_MX\" \/>\n<meta property=\"og:type\" content=\"article\" \/>\n<meta property=\"og:title\" content=\"Taza Magica Personalizada &#039;Este Papito Maravilloso&#039; - 11oz - Chica Maravilla\" \/>\n<meta property=\"og:description\" content=\"Sorprende a pap\u00e1 con una taza m\u00e1gica personalizada que revela un mensaje especial y los nombres de sus hijos con cada sorbo. \u00a1Un regalo \u00fanico para este D\u00eda del Padre! \u00a1Feliz D\u00eda del Padre!\" \/>\n<meta property=\"og:url\" content=\"https:\/\/chicamaravilla.com\/es\/producto\/taza-magica-personalizada-este-papito-maravilloso-color-morphing-mug-11oz\/\" \/>\n<meta property=\"og:site_name\" content=\"Chica Maravilla\" \/>\n<meta property=\"article:modified_time\" content=\"2026-04-03T19:33:38+00:00\" \/>\n<meta property=\"og:image\" content=\"https:\/\/i.ibb.co\/CpbyrX6h\/Padre-Aqui-Toma-Albanil-01.png\" \/>\n\t<meta property=\"og:image:width\" content=\"1200\" \/>\n\t<meta property=\"og:image:height\" content=\"1200\" \/>\n\t<meta property=\"og:image:type\" content=\"image\/png\" \/>\n<meta name=\"twitter:card\" content=\"summary_large_image\" \/>\n<meta name=\"twitter:label1\" content=\"Tiempo de lectura\" \/>\n\t<meta name=\"twitter:data1\" content=\"2 minutos\" \/>\n<script type=\"application\/ld+json\" class=\"yoast-schema-graph\">{\"@context\":\"https:\\\/\\\/schema.org\",\"@graph\":[{\"@type\":\"WebPage\",\"@id\":\"https:\\\/\\\/chicamaravilla.com\\\/product\\\/taza-magica-personalizada-este-papito-maravilloso-color-morphing-mug-11oz\\\/\",\"url\":\"https:\\\/\\\/chicamaravilla.com\\\/product\\\/taza-magica-personalizada-este-papito-maravilloso-color-morphing-mug-11oz\\\/\",\"name\":\"Taza Magica Personalizada 'Este Papito Maravilloso' - 11oz - Chica Maravilla\",\"isPartOf\":{\"@id\":\"https:\\\/\\\/chicamaravilla.com\\\/#website\"},\"primaryImageOfPage\":{\"@id\":\"https:\\\/\\\/chicamaravilla.com\\\/product\\\/taza-magica-personalizada-este-papito-maravilloso-color-morphing-mug-11oz\\\/#primaryimage\"},\"image\":{\"@id\":\"https:\\\/\\\/chicamaravilla.com\\\/product\\\/taza-magica-personalizada-este-papito-maravilloso-color-morphing-mug-11oz\\\/#primaryimage\"},\"thumbnailUrl\":\"https:\\\/\\\/i.ibb.co\\\/CpbyrX6h\\\/Padre-Aqui-Toma-Albanil-01.png\",\"datePublished\":\"2025-01-31T18:55:28+00:00\",\"dateModified\":\"2026-04-03T19:33:38+00:00\",\"description\":\"Sorprende a pap\u00e1 con una taza m\u00e1gica personalizada que revela un mensaje especial y los nombres de sus hijos con cada sorbo. \u00a1Un regalo \u00fanico para este D\u00eda del Padre! \u00a1Feliz D\u00eda del Padre!\",\"breadcrumb\":{\"@id\":\"https:\\\/\\\/chicamaravilla.com\\\/product\\\/taza-magica-personalizada-este-papito-maravilloso-color-morphing-mug-11oz\\\/#breadcrumb\"},\"inLanguage\":\"es\",\"potentialAction\":[{\"@type\":\"ReadAction\",\"target\":[\"https:\\\/\\\/chicamaravilla.com\\\/product\\\/taza-magica-personalizada-este-papito-maravilloso-color-morphing-mug-11oz\\\/\"]}]},{\"@type\":\"ImageObject\",\"inLanguage\":\"es\",\"@id\":\"https:\\\/\\\/chicamaravilla.com\\\/product\\\/taza-magica-personalizada-este-papito-maravilloso-color-morphing-mug-11oz\\\/#primaryimage\",\"url\":\"https:\\\/\\\/i.ibb.co\\\/CpbyrX6h\\\/Padre-Aqui-Toma-Albanil-01.png\",\"contentUrl\":\"https:\\\/\\\/i.ibb.co\\\/CpbyrX6h\\\/Padre-Aqui-Toma-Albanil-01.png\",\"width\":1200,\"height\":1200,\"caption\":\"Taza M\u00e1gica Personalizada \u2013 \u201cEste Papito Maravilloso\u201d \u2013 11oz\"},{\"@type\":\"BreadcrumbList\",\"@id\":\"https:\\\/\\\/chicamaravilla.com\\\/product\\\/taza-magica-personalizada-este-papito-maravilloso-color-morphing-mug-11oz\\\/#breadcrumb\",\"itemListElement\":[{\"@type\":\"ListItem\",\"position\":1,\"name\":\"Home\",\"item\":\"https:\\\/\\\/chicamaravilla.com\\\/\"},{\"@type\":\"ListItem\",\"position\":2,\"name\":\"Shop\",\"item\":\"https:\\\/\\\/chicamaravilla.com\\\/shop\\\/\"},{\"@type\":\"ListItem\",\"position\":3,\"name\":\"Taza Magica Personalizada &#8216;Este Papito Maravilloso&#8217; &#8211; 11oz\"}]},{\"@type\":\"WebSite\",\"@id\":\"https:\\\/\\\/chicamaravilla.com\\\/#website\",\"url\":\"https:\\\/\\\/chicamaravilla.com\\\/\",\"name\":\"Chica Maravilla Online\",\"description\":\"Contenido, media y servicios biling\u00fces para crecer y avanzar.\",\"publisher\":{\"@id\":\"https:\\\/\\\/chicamaravilla.com\\\/#\\\/schema\\\/person\\\/34cc3c3eb9856b9ce12cc9d524c2e0a0\"},\"alternateName\":\"CMO\",\"potentialAction\":[{\"@type\":\"SearchAction\",\"target\":{\"@type\":\"EntryPoint\",\"urlTemplate\":\"https:\\\/\\\/chicamaravilla.com\\\/?s={search_term_string}\"},\"query-input\":{\"@type\":\"PropertyValueSpecification\",\"valueRequired\":true,\"valueName\":\"search_term_string\"}}],\"inLanguage\":\"es\"},{\"@type\":[\"Person\",\"Organization\"],\"@id\":\"https:\\\/\\\/chicamaravilla.com\\\/#\\\/schema\\\/person\\\/34cc3c3eb9856b9ce12cc9d524c2e0a0\",\"name\":\"Chica Maravilla\",\"image\":{\"@type\":\"ImageObject\",\"inLanguage\":\"es\",\"@id\":\"https:\\\/\\\/chicamaravilla.com\\\/wp-content\\\/uploads\\\/2020\\\/07\\\/cropped-2000x2000-CMOnline-Logo-30k_.png\",\"url\":\"https:\\\/\\\/chicamaravilla.com\\\/wp-content\\\/uploads\\\/2020\\\/07\\\/cropped-2000x2000-CMOnline-Logo-30k_.png\",\"contentUrl\":\"https:\\\/\\\/chicamaravilla.com\\\/wp-content\\\/uploads\\\/2020\\\/07\\\/cropped-2000x2000-CMOnline-Logo-30k_.png\",\"width\":1800,\"height\":440,\"caption\":\"Chica Maravilla\"},\"logo\":{\"@id\":\"https:\\\/\\\/chicamaravilla.com\\\/wp-content\\\/uploads\\\/2020\\\/07\\\/cropped-2000x2000-CMOnline-Logo-30k_.png\"},\"sameAs\":[\"http:\\\/\\\/chicamaravilla.com\"]}]}<\/script>\n<!-- \/ Yoast SEO plugin. -->","yoast_head_json":{"title":"Taza Magica Personalizada 'Este Papito Maravilloso' - 11oz - Chica Maravilla","description":"Sorprende a pap\u00e1 con una taza m\u00e1gica personalizada que revela un mensaje especial y los nombres de sus hijos con cada sorbo. \u00a1Un regalo \u00fanico para este D\u00eda del Padre! \u00a1Feliz D\u00eda del Padre!","robots":{"index":"index","follow":"follow","max-snippet":"max-snippet:-1","max-image-preview":"max-image-preview:large","max-video-preview":"max-video-preview:-1"},"canonical":"https:\/\/chicamaravilla.com\/es\/producto\/taza-magica-personalizada-este-papito-maravilloso-color-morphing-mug-11oz\/","og_locale":"es_MX","og_type":"article","og_title":"Taza Magica Personalizada 'Este Papito Maravilloso' - 11oz - Chica Maravilla","og_description":"Sorprende a pap\u00e1 con una taza m\u00e1gica personalizada que revela un mensaje especial y los nombres de sus hijos con cada sorbo. \u00a1Un regalo \u00fanico para este D\u00eda del Padre! \u00a1Feliz D\u00eda del Padre!","og_url":"https:\/\/chicamaravilla.com\/es\/producto\/taza-magica-personalizada-este-papito-maravilloso-color-morphing-mug-11oz\/","og_site_name":"Chica Maravilla","article_modified_time":"2026-04-03T19:33:38+00:00","og_image":[{"width":1200,"height":1200,"url":"https:\/\/i.ibb.co\/CpbyrX6h\/Padre-Aqui-Toma-Albanil-01.png","type":"image\/png"}],"twitter_card":"summary_large_image","twitter_misc":{"Tiempo de lectura":"2 minutos"},"schema":{"@context":"https:\/\/schema.org","@graph":[{"@type":"WebPage","@id":"https:\/\/chicamaravilla.com\/product\/taza-magica-personalizada-este-papito-maravilloso-color-morphing-mug-11oz\/","url":"https:\/\/chicamaravilla.com\/product\/taza-magica-personalizada-este-papito-maravilloso-color-morphing-mug-11oz\/","name":"Taza Magica Personalizada 'Este Papito Maravilloso' - 11oz - Chica Maravilla","isPartOf":{"@id":"https:\/\/chicamaravilla.com\/#website"},"primaryImageOfPage":{"@id":"https:\/\/chicamaravilla.com\/product\/taza-magica-personalizada-este-papito-maravilloso-color-morphing-mug-11oz\/#primaryimage"},"image":{"@id":"https:\/\/chicamaravilla.com\/product\/taza-magica-personalizada-este-papito-maravilloso-color-morphing-mug-11oz\/#primaryimage"},"thumbnailUrl":"https:\/\/i.ibb.co\/CpbyrX6h\/Padre-Aqui-Toma-Albanil-01.png","datePublished":"2025-01-31T18:55:28+00:00","dateModified":"2026-04-03T19:33:38+00:00","description":"Sorprende a pap\u00e1 con una taza m\u00e1gica personalizada que revela un mensaje especial y los nombres de sus hijos con cada sorbo. \u00a1Un regalo \u00fanico para este D\u00eda del Padre! \u00a1Feliz D\u00eda del Padre!","breadcrumb":{"@id":"https:\/\/chicamaravilla.com\/product\/taza-magica-personalizada-este-papito-maravilloso-color-morphing-mug-11oz\/#breadcrumb"},"inLanguage":"es","potentialAction":[{"@type":"ReadAction","target":["https:\/\/chicamaravilla.com\/product\/taza-magica-personalizada-este-papito-maravilloso-color-morphing-mug-11oz\/"]}]},{"@type":"ImageObject","inLanguage":"es","@id":"https:\/\/chicamaravilla.com\/product\/taza-magica-personalizada-este-papito-maravilloso-color-morphing-mug-11oz\/#primaryimage","url":"https:\/\/i.ibb.co\/CpbyrX6h\/Padre-Aqui-Toma-Albanil-01.png","contentUrl":"https:\/\/i.ibb.co\/CpbyrX6h\/Padre-Aqui-Toma-Albanil-01.png","width":1200,"height":1200,"caption":"Taza M\u00e1gica Personalizada \u2013 \u201cEste Papito Maravilloso\u201d \u2013 11oz"},{"@type":"BreadcrumbList","@id":"https:\/\/chicamaravilla.com\/product\/taza-magica-personalizada-este-papito-maravilloso-color-morphing-mug-11oz\/#breadcrumb","itemListElement":[{"@type":"ListItem","position":1,"name":"Home","item":"https:\/\/chicamaravilla.com\/"},{"@type":"ListItem","position":2,"name":"Shop","item":"https:\/\/chicamaravilla.com\/shop\/"},{"@type":"ListItem","position":3,"name":"Taza Magica Personalizada &#8216;Este Papito Maravilloso&#8217; &#8211; 11oz"}]},{"@type":"WebSite","@id":"https:\/\/chicamaravilla.com\/#website","url":"https:\/\/chicamaravilla.com\/","name":"Chica Maravilla Online","description":"Contenido, media y servicios biling\u00fces para crecer y avanzar.","publisher":{"@id":"https:\/\/chicamaravilla.com\/#\/schema\/person\/34cc3c3eb9856b9ce12cc9d524c2e0a0"},"alternateName":"CMO","potentialAction":[{"@type":"SearchAction","target":{"@type":"EntryPoint","urlTemplate":"https:\/\/chicamaravilla.com\/?s={search_term_string}"},"query-input":{"@type":"PropertyValueSpecification","valueRequired":true,"valueName":"search_term_string"}}],"inLanguage":"es"},{"@type":["Person","Organization"],"@id":"https:\/\/chicamaravilla.com\/#\/schema\/person\/34cc3c3eb9856b9ce12cc9d524c2e0a0","name":"Chica Maravilla","image":{"@type":"ImageObject","inLanguage":"es","@id":"https:\/\/chicamaravilla.com\/wp-content\/uploads\/2020\/07\/cropped-2000x2000-CMOnline-Logo-30k_.png","url":"https:\/\/chicamaravilla.com\/wp-content\/uploads\/2020\/07\/cropped-2000x2000-CMOnline-Logo-30k_.png","contentUrl":"https:\/\/chicamaravilla.com\/wp-content\/uploads\/2020\/07\/cropped-2000x2000-CMOnline-Logo-30k_.png","width":1800,"height":440,"caption":"Chica Maravilla"},"logo":{"@id":"https:\/\/chicamaravilla.com\/wp-content\/uploads\/2020\/07\/cropped-2000x2000-CMOnline-Logo-30k_.png"},"sameAs":["http:\/\/chicamaravilla.com"]}]}},"jetpack_sharing_enabled":true,"jetpack_likes_enabled":true,"_links":{"self":[{"href":"https:\/\/chicamaravilla.com\/es\/wp-json\/wp\/v2\/product\/434640","targetHints":{"allow":["GET"]}}],"collection":[{"href":"https:\/\/chicamaravilla.com\/es\/wp-json\/wp\/v2\/product"}],"about":[{"href":"https:\/\/chicamaravilla.com\/es\/wp-json\/wp\/v2\/types\/product"}],"replies":[{"embeddable":true,"href":"https:\/\/chicamaravilla.com\/es\/wp-json\/wp\/v2\/comments?post=434640"}],"version-history":[{"count":8,"href":"https:\/\/chicamaravilla.com\/es\/wp-json\/wp\/v2\/product\/434640\/revisions"}],"predecessor-version":[{"id":434652,"href":"https:\/\/chicamaravilla.com\/es\/wp-json\/wp\/v2\/product\/434640\/revisions\/434652"}],"wp:featuredmedia":[{"embeddable":true,"href":"https:\/\/chicamaravilla.com\/es\/wp-json\/wp\/v2\/media\/434653"}],"wp:attachment":[{"href":"https:\/\/chicamaravilla.com\/es\/wp-json\/wp\/v2\/media?parent=434640"}],"wp:term":[{"taxonomy":"product_brand","embeddable":true,"href":"https:\/\/chicamaravilla.com\/es\/wp-json\/wp\/v2\/product_brand?post=434640"},{"taxonomy":"product_cat","embeddable":true,"href":"https:\/\/chicamaravilla.com\/es\/wp-json\/wp\/v2\/product_cat?post=434640"},{"taxonomy":"product_tag","embeddable":true,"href":"https:\/\/chicamaravilla.com\/es\/wp-json\/wp\/v2\/product_tag?post=434640"}],"curies":[{"name":"wp","href":"https:\/\/api.w.org\/{rel}","templated":true}]}}