{"id":426541,"date":"2025-05-03T13:25:41","date_gmt":"2025-05-03T18:25:41","guid":{"rendered":"https:\/\/chicamaravilla.com\/?post_type=product&#038;p=426541"},"modified":"2026-02-16T08:57:45","modified_gmt":"2026-02-16T14:57:45","slug":"regalo-digital-mama-001","status":"publish","type":"product","link":"https:\/\/chicamaravilla.com\/es\/producto\/regalo-digital-mama-001\/","title":{"rendered":"Regalo Digital Personalizado para el D\u00eda de las Madres (2501)"},"content":{"rendered":"<h2 class=\"\" data-start=\"494\" data-end=\"598\">\ud83c\udf38 Regalo Digital Personalizado para el D\u00eda de las Madres \u2013 Imagen 8&#215;10 + Impresi\u00f3n GRATIS por Correo<\/h2>\n<p class=\"\" data-start=\"600\" data-end=\"867\">\u00a1Celebra a mam\u00e1 con un regalo hecho con amor! Esta imagen personalizada tama\u00f1o <strong data-start=\"679\" data-end=\"696\">8&#215;10 pulgadas<\/strong> es perfecta para imprimir, enmarcar o compartir digitalmente \u2014 y adem\u00e1s te enviaremos una <strong data-start=\"787\" data-end=\"827\">copia impresa de cortes\u00eda por correo<\/strong>, porque mam\u00e1 se merece algo tangible \ud83d\udc8c<\/p>\n<hr class=\"\" data-start=\"869\" data-end=\"872\" \/>\n<h3 class=\"\" data-start=\"874\" data-end=\"888\">\u2705 Incluye:<\/h3>\n<ul data-start=\"889\" data-end=\"1178\">\n<li class=\"\" data-start=\"889\" data-end=\"984\">\n<p class=\"\" data-start=\"891\" data-end=\"984\"><strong data-start=\"891\" data-end=\"929\">Imagen digital personalizada 8&#215;10\u201d<\/strong> (entregada por correo electr\u00f3nico en 2\u20133 d\u00edas h\u00e1biles)<\/p>\n<\/li>\n<li class=\"\" data-start=\"985\" data-end=\"1057\">\n<p class=\"\" data-start=\"987\" data-end=\"1057\"><strong data-start=\"987\" data-end=\"1011\">Copia impresa GRATIS<\/strong> enviada por correo est\u00e1ndar dentro de EE. UU.<\/p>\n<\/li>\n<li class=\"\" data-start=\"1058\" data-end=\"1114\">\n<p class=\"\" data-start=\"1060\" data-end=\"1114\"><strong data-start=\"1060\" data-end=\"1089\">Instrucciones paso a paso<\/strong> para enviarnos tus fotos<\/p>\n<\/li>\n<li class=\"\" data-start=\"1115\" data-end=\"1178\">\n<p class=\"\" data-start=\"1117\" data-end=\"1178\">Opciones expr\u00e9s disponibles si lo necesitas antes (ver abajo)<\/p>\n<\/li>\n<\/ul>\n<hr class=\"\" data-start=\"1180\" data-end=\"1183\" \/>\n<h3 class=\"\" data-start=\"1185\" data-end=\"1203\">\ud83c\udf81 Ideal para:<\/h3>\n<ul data-start=\"1204\" data-end=\"1347\">\n<li class=\"\" data-start=\"1204\" data-end=\"1223\">\n<p class=\"\" data-start=\"1206\" data-end=\"1223\">D\u00eda de las Madres<\/p>\n<\/li>\n<li class=\"\" data-start=\"1224\" data-end=\"1263\">\n<p class=\"\" data-start=\"1226\" data-end=\"1263\">Madrastras, Abuelitas, Madrinas y m\u00e1s<\/p>\n<\/li>\n<li class=\"\" data-start=\"1264\" data-end=\"1297\">\n<p class=\"\" data-start=\"1266\" data-end=\"1297\">Enmarcar como recuerdo o regalo<\/p>\n<\/li>\n<li class=\"\" data-start=\"1298\" data-end=\"1347\">\n<p class=\"\" data-start=\"1300\" data-end=\"1347\">Compartir con la familia en \u00e1lbumes o impresi\u00f3n<\/p>\n<\/li>\n<\/ul>\n<hr class=\"\" data-start=\"1349\" data-end=\"1352\" \/>\n<h3 class=\"\" data-start=\"1354\" data-end=\"1376\">\ud83d\udcf8 \u00bfC\u00f3mo funciona?<\/h3>\n<ol data-start=\"1377\" data-end=\"1770\">\n<li class=\"\" data-start=\"1377\" data-end=\"1405\">\n<p class=\"\" data-start=\"1380\" data-end=\"1405\"><strong data-start=\"1380\" data-end=\"1405\">Compra este producto.<\/strong><\/p>\n<\/li>\n<li class=\"\" data-start=\"1406\" data-end=\"1558\">\n<p class=\"\" data-start=\"1409\" data-end=\"1558\">Despu\u00e9s del pago, recibir\u00e1s un PDF descargable con <strong data-start=\"1460\" data-end=\"1499\">instrucciones (en ingl\u00e9s y espa\u00f1ol)<\/strong> para enviarnos tus fotos e informaci\u00f3n de personalizaci\u00f3n.<\/p>\n<\/li>\n<li class=\"\" data-start=\"1559\" data-end=\"1647\">\n<p class=\"\" data-start=\"1562\" data-end=\"1647\">Una vez recibidas tus im\u00e1genes, <strong data-start=\"1594\" data-end=\"1646\">comienza el tiempo de entrega (2\u20133 d\u00edas h\u00e1biles)<\/strong>.<\/p>\n<\/li>\n<li class=\"\" data-start=\"1648\" data-end=\"1770\">\n<p class=\"\" data-start=\"1651\" data-end=\"1770\">Te enviaremos tu <strong data-start=\"1668\" data-end=\"1710\">archivo digital por correo electr\u00f3nico<\/strong> y una <strong data-start=\"1717\" data-end=\"1746\">copia impresa de cortes\u00eda<\/strong> por correo tradicional.<\/p>\n<\/li>\n<\/ol>\n<hr class=\"\" data-start=\"1772\" data-end=\"1775\" \/>\n<h3 class=\"\" data-start=\"1777\" data-end=\"1803\">\u23f1 \u00bfLo necesitas antes?<\/h3>\n<p class=\"\" data-start=\"1804\" data-end=\"1834\">Ofrecemos <strong data-start=\"1814\" data-end=\"1833\">servicio expr\u00e9s<\/strong>:<\/p>\n<ul data-start=\"1835\" data-end=\"1991\">\n<li class=\"\" data-start=\"1835\" data-end=\"1921\">\n<p class=\"\" data-start=\"1837\" data-end=\"1921\">\ud83d\udfe1 <strong data-start=\"1840\" data-end=\"1874\">Entrega al siguiente d\u00eda h\u00e1bil<\/strong> \u2013 Agrega el servicio expr\u00e9s al hacer tu pedido<\/p>\n<\/li>\n<li class=\"\" data-start=\"1922\" data-end=\"1991\">\n<p class=\"\" data-start=\"1924\" data-end=\"1991\">\ud83d\udd34 <strong data-start=\"1927\" data-end=\"1951\">Entrega el mismo d\u00eda<\/strong> (pedido y fotos antes de las 12 PM CST)<\/p>\n<\/li>\n<\/ul>\n<p class=\"\" data-start=\"1993\" data-end=\"2063\">Los servicios expr\u00e9s est\u00e1n disponibles como <strong data-start=\"2037\" data-end=\"2062\">productos adicionales<\/strong>.<\/p>\n<hr class=\"\" data-start=\"2065\" data-end=\"2068\" \/>\n<h3 class=\"\" data-start=\"2070\" data-end=\"2097\">\ud83d\udc8c Nota sobre el env\u00edo:<\/h3>\n<p class=\"\" data-start=\"2098\" data-end=\"2218\">Una copia impresa se enviar\u00e1 en un sobre est\u00e1ndar (sin n\u00famero de rastreo). \u00bfNecesitas m\u00e1s copias o sobres? \u00a1Cont\u00e1ctanos!<\/p>\n<hr class=\"\" data-start=\"2220\" data-end=\"2223\" \/>\n<h3 class=\"\" data-start=\"2225\" data-end=\"2289\">\ud83d\udcb8 \u00bfQuieres ahorrar? <em data-start=\"2250\" data-end=\"2287\">(Versi\u00f3n solo en nuestro sitio web)<\/em><\/h3>\n<p class=\"\" data-start=\"2290\" data-end=\"2416\">Si compras en nuestro sitio oficial, puedes <strong data-start=\"2334\" data-end=\"2386\">pagar por CashApp o Zelle y recibir un descuento<\/strong>. Escr\u00edbenos antes de ordenar.<\/p>\n<hr class=\"\" data-start=\"2418\" data-end=\"2421\" \/>\n<h3 class=\"\" data-start=\"2423\" data-end=\"2441\">\ud83d\udccc Importante:<\/h3>\n<ul data-start=\"2442\" data-end=\"2632\">\n<li class=\"\" data-start=\"2442\" data-end=\"2535\">\n<p class=\"\" data-start=\"2444\" data-end=\"2535\"><strong data-start=\"2444\" data-end=\"2478\">Este producto es personalizado<\/strong>, no se aceptan devoluciones una vez iniciado el trabajo.<\/p>\n<\/li>\n<li class=\"\" data-start=\"2536\" data-end=\"2632\">\n<p class=\"\" data-start=\"2538\" data-end=\"2632\">El dise\u00f1o es solo para <strong data-start=\"2561\" data-end=\"2577\">uso personal<\/strong>. No se permite revender ni usar con fines comerciales.<\/p>\n<\/li>\n<\/ul>","protected":false},"excerpt":{"rendered":"<p>Por favor incluya el nombre de mam\u00e1 en el espacio siguiente &#8211; despues de realizar su compra recibir\u00e1 instrucciones para enviar sus fotos. Quedamos a la orden para cualquier duda.<\/p>","protected":false},"featured_media":436805,"comment_status":"open","ping_status":"closed","template":"","meta":{"jetpack_post_was_ever_published":false},"product_brand":[],"product_cat":[411,144],"product_tag":[],"class_list":{"0":"post-426541","1":"product","2":"type-product","3":"status-publish","4":"has-post-thumbnail","6":"product_cat-digital","7":"product_cat-downloads","8":"wcpa_has_options","10":"first","11":"instock","12":"downloadable","13":"virtual","14":"purchasable","15":"product-type-simple"},"yoast_head":"<!-- This site is optimized with the Yoast SEO plugin v27.3 - https:\/\/yoast.com\/product\/yoast-seo-wordpress\/ -->\n<title>Regalo Digital Personalizado para el D\u00eda de las Madres (2501) - Chica Maravilla<\/title>\n<meta name=\"description\" content=\"\u00a1Celebra a mam\u00e1 con un regalo hecho con amor! Esta imagen personalizada tama\u00f1o 8x10 pulgadas es perfecta para imprimir, enmarcar o compartir digitalmente.\" \/>\n<meta name=\"robots\" content=\"index, follow, max-snippet:-1, max-image-preview:large, max-video-preview:-1\" \/>\n<link rel=\"canonical\" href=\"https:\/\/chicamaravilla.com\/es\/producto\/regalo-digital-mama-001\/\" \/>\n<meta property=\"og:locale\" content=\"es_MX\" \/>\n<meta property=\"og:type\" content=\"article\" \/>\n<meta property=\"og:title\" content=\"Regalo Digital Personalizado para el D\u00eda de las Madres (2501) - Chica Maravilla\" \/>\n<meta property=\"og:description\" content=\"\u00a1Celebra a mam\u00e1 con un regalo hecho con amor! Esta imagen personalizada tama\u00f1o 8x10 pulgadas es perfecta para imprimir, enmarcar o compartir digitalmente.\" \/>\n<meta property=\"og:url\" content=\"https:\/\/chicamaravilla.com\/es\/producto\/regalo-digital-mama-001\/\" \/>\n<meta property=\"og:site_name\" content=\"Chica Maravilla\" \/>\n<meta property=\"article:modified_time\" content=\"2026-02-16T14:57:45+00:00\" \/>\n<meta property=\"og:image\" content=\"https:\/\/i.ibb.co\/GfB42WRR\/PRODUCT-IMAGES-Descarga-PDF-Gratis-Solicitud-de-Empleo-Espa-ol-digital-download-5.jpg\" \/>\n\t<meta property=\"og:image:width\" content=\"1200\" \/>\n\t<meta property=\"og:image:height\" content=\"1200\" \/>\n\t<meta property=\"og:image:type\" content=\"image\/jpeg\" \/>\n<meta name=\"twitter:card\" content=\"summary_large_image\" \/>\n<meta name=\"twitter:label1\" content=\"Tiempo de lectura\" \/>\n\t<meta name=\"twitter:data1\" content=\"2 minutos\" \/>\n<script type=\"application\/ld+json\" class=\"yoast-schema-graph\">{\"@context\":\"https:\\\/\\\/schema.org\",\"@graph\":[{\"@type\":\"WebPage\",\"@id\":\"https:\\\/\\\/chicamaravilla.com\\\/product\\\/regalo-digital-mama-001\\\/\",\"url\":\"https:\\\/\\\/chicamaravilla.com\\\/product\\\/regalo-digital-mama-001\\\/\",\"name\":\"Regalo Digital Personalizado para el D\u00eda de las Madres (2501) - Chica Maravilla\",\"isPartOf\":{\"@id\":\"https:\\\/\\\/chicamaravilla.com\\\/#website\"},\"primaryImageOfPage\":{\"@id\":\"https:\\\/\\\/chicamaravilla.com\\\/product\\\/regalo-digital-mama-001\\\/#primaryimage\"},\"image\":{\"@id\":\"https:\\\/\\\/chicamaravilla.com\\\/product\\\/regalo-digital-mama-001\\\/#primaryimage\"},\"thumbnailUrl\":\"https:\\\/\\\/i.ibb.co\\\/GfB42WRR\\\/PRODUCT-IMAGES-Descarga-PDF-Gratis-Solicitud-de-Empleo-Espa-ol-digital-download-5.jpg\",\"datePublished\":\"2025-05-03T18:25:41+00:00\",\"dateModified\":\"2026-02-16T14:57:45+00:00\",\"description\":\"\u00a1Celebra a mam\u00e1 con un regalo hecho con amor! Esta imagen personalizada tama\u00f1o 8x10 pulgadas es perfecta para imprimir, enmarcar o compartir digitalmente.\",\"breadcrumb\":{\"@id\":\"https:\\\/\\\/chicamaravilla.com\\\/product\\\/regalo-digital-mama-001\\\/#breadcrumb\"},\"inLanguage\":\"es\",\"potentialAction\":[{\"@type\":\"ReadAction\",\"target\":[\"https:\\\/\\\/chicamaravilla.com\\\/product\\\/regalo-digital-mama-001\\\/\"]}]},{\"@type\":\"ImageObject\",\"inLanguage\":\"es\",\"@id\":\"https:\\\/\\\/chicamaravilla.com\\\/product\\\/regalo-digital-mama-001\\\/#primaryimage\",\"url\":\"https:\\\/\\\/i.ibb.co\\\/GfB42WRR\\\/PRODUCT-IMAGES-Descarga-PDF-Gratis-Solicitud-de-Empleo-Espa-ol-digital-download-5.jpg\",\"contentUrl\":\"https:\\\/\\\/i.ibb.co\\\/GfB42WRR\\\/PRODUCT-IMAGES-Descarga-PDF-Gratis-Solicitud-de-Empleo-Espa-ol-digital-download-5.jpg\",\"width\":1200,\"height\":1200,\"caption\":\"Dia de las Madres, Periodico Personalizado\"},{\"@type\":\"BreadcrumbList\",\"@id\":\"https:\\\/\\\/chicamaravilla.com\\\/product\\\/regalo-digital-mama-001\\\/#breadcrumb\",\"itemListElement\":[{\"@type\":\"ListItem\",\"position\":1,\"name\":\"Home\",\"item\":\"https:\\\/\\\/chicamaravilla.com\\\/\"},{\"@type\":\"ListItem\",\"position\":2,\"name\":\"Shop\",\"item\":\"https:\\\/\\\/chicamaravilla.com\\\/shop\\\/\"},{\"@type\":\"ListItem\",\"position\":3,\"name\":\"Regalo Digital Personalizado para el D\u00eda de las Madres (2501)\"}]},{\"@type\":\"WebSite\",\"@id\":\"https:\\\/\\\/chicamaravilla.com\\\/#website\",\"url\":\"https:\\\/\\\/chicamaravilla.com\\\/\",\"name\":\"Chica Maravilla Online\",\"description\":\"Contenido, media y servicios biling\u00fces para crecer y avanzar.\",\"publisher\":{\"@id\":\"https:\\\/\\\/chicamaravilla.com\\\/#\\\/schema\\\/person\\\/34cc3c3eb9856b9ce12cc9d524c2e0a0\"},\"alternateName\":\"CMO\",\"potentialAction\":[{\"@type\":\"SearchAction\",\"target\":{\"@type\":\"EntryPoint\",\"urlTemplate\":\"https:\\\/\\\/chicamaravilla.com\\\/?s={search_term_string}\"},\"query-input\":{\"@type\":\"PropertyValueSpecification\",\"valueRequired\":true,\"valueName\":\"search_term_string\"}}],\"inLanguage\":\"es\"},{\"@type\":[\"Person\",\"Organization\"],\"@id\":\"https:\\\/\\\/chicamaravilla.com\\\/#\\\/schema\\\/person\\\/34cc3c3eb9856b9ce12cc9d524c2e0a0\",\"name\":\"Chica Maravilla\",\"image\":{\"@type\":\"ImageObject\",\"inLanguage\":\"es\",\"@id\":\"https:\\\/\\\/chicamaravilla.com\\\/wp-content\\\/uploads\\\/2020\\\/07\\\/cropped-2000x2000-CMOnline-Logo-30k_.png\",\"url\":\"https:\\\/\\\/chicamaravilla.com\\\/wp-content\\\/uploads\\\/2020\\\/07\\\/cropped-2000x2000-CMOnline-Logo-30k_.png\",\"contentUrl\":\"https:\\\/\\\/chicamaravilla.com\\\/wp-content\\\/uploads\\\/2020\\\/07\\\/cropped-2000x2000-CMOnline-Logo-30k_.png\",\"width\":1800,\"height\":440,\"caption\":\"Chica Maravilla\"},\"logo\":{\"@id\":\"https:\\\/\\\/chicamaravilla.com\\\/wp-content\\\/uploads\\\/2020\\\/07\\\/cropped-2000x2000-CMOnline-Logo-30k_.png\"},\"sameAs\":[\"http:\\\/\\\/chicamaravilla.com\"]}]}<\/script>\n<!-- \/ Yoast SEO plugin. -->","yoast_head_json":{"title":"Regalo Digital Personalizado para el D\u00eda de las Madres (2501) - Chica Maravilla","description":"\u00a1Celebra a mam\u00e1 con un regalo hecho con amor! Esta imagen personalizada tama\u00f1o 8x10 pulgadas es perfecta para imprimir, enmarcar o compartir digitalmente.","robots":{"index":"index","follow":"follow","max-snippet":"max-snippet:-1","max-image-preview":"max-image-preview:large","max-video-preview":"max-video-preview:-1"},"canonical":"https:\/\/chicamaravilla.com\/es\/producto\/regalo-digital-mama-001\/","og_locale":"es_MX","og_type":"article","og_title":"Regalo Digital Personalizado para el D\u00eda de las Madres (2501) - Chica Maravilla","og_description":"\u00a1Celebra a mam\u00e1 con un regalo hecho con amor! Esta imagen personalizada tama\u00f1o 8x10 pulgadas es perfecta para imprimir, enmarcar o compartir digitalmente.","og_url":"https:\/\/chicamaravilla.com\/es\/producto\/regalo-digital-mama-001\/","og_site_name":"Chica Maravilla","article_modified_time":"2026-02-16T14:57:45+00:00","og_image":[{"width":1200,"height":1200,"url":"https:\/\/i.ibb.co\/GfB42WRR\/PRODUCT-IMAGES-Descarga-PDF-Gratis-Solicitud-de-Empleo-Espa-ol-digital-download-5.jpg","type":"image\/jpeg"}],"twitter_card":"summary_large_image","twitter_misc":{"Tiempo de lectura":"2 minutos"},"schema":{"@context":"https:\/\/schema.org","@graph":[{"@type":"WebPage","@id":"https:\/\/chicamaravilla.com\/product\/regalo-digital-mama-001\/","url":"https:\/\/chicamaravilla.com\/product\/regalo-digital-mama-001\/","name":"Regalo Digital Personalizado para el D\u00eda de las Madres (2501) - Chica Maravilla","isPartOf":{"@id":"https:\/\/chicamaravilla.com\/#website"},"primaryImageOfPage":{"@id":"https:\/\/chicamaravilla.com\/product\/regalo-digital-mama-001\/#primaryimage"},"image":{"@id":"https:\/\/chicamaravilla.com\/product\/regalo-digital-mama-001\/#primaryimage"},"thumbnailUrl":"https:\/\/i.ibb.co\/GfB42WRR\/PRODUCT-IMAGES-Descarga-PDF-Gratis-Solicitud-de-Empleo-Espa-ol-digital-download-5.jpg","datePublished":"2025-05-03T18:25:41+00:00","dateModified":"2026-02-16T14:57:45+00:00","description":"\u00a1Celebra a mam\u00e1 con un regalo hecho con amor! Esta imagen personalizada tama\u00f1o 8x10 pulgadas es perfecta para imprimir, enmarcar o compartir digitalmente.","breadcrumb":{"@id":"https:\/\/chicamaravilla.com\/product\/regalo-digital-mama-001\/#breadcrumb"},"inLanguage":"es","potentialAction":[{"@type":"ReadAction","target":["https:\/\/chicamaravilla.com\/product\/regalo-digital-mama-001\/"]}]},{"@type":"ImageObject","inLanguage":"es","@id":"https:\/\/chicamaravilla.com\/product\/regalo-digital-mama-001\/#primaryimage","url":"https:\/\/i.ibb.co\/GfB42WRR\/PRODUCT-IMAGES-Descarga-PDF-Gratis-Solicitud-de-Empleo-Espa-ol-digital-download-5.jpg","contentUrl":"https:\/\/i.ibb.co\/GfB42WRR\/PRODUCT-IMAGES-Descarga-PDF-Gratis-Solicitud-de-Empleo-Espa-ol-digital-download-5.jpg","width":1200,"height":1200,"caption":"Dia de las Madres, Periodico Personalizado"},{"@type":"BreadcrumbList","@id":"https:\/\/chicamaravilla.com\/product\/regalo-digital-mama-001\/#breadcrumb","itemListElement":[{"@type":"ListItem","position":1,"name":"Home","item":"https:\/\/chicamaravilla.com\/"},{"@type":"ListItem","position":2,"name":"Shop","item":"https:\/\/chicamaravilla.com\/shop\/"},{"@type":"ListItem","position":3,"name":"Regalo Digital Personalizado para el D\u00eda de las Madres (2501)"}]},{"@type":"WebSite","@id":"https:\/\/chicamaravilla.com\/#website","url":"https:\/\/chicamaravilla.com\/","name":"Chica Maravilla Online","description":"Contenido, media y servicios biling\u00fces para crecer y avanzar.","publisher":{"@id":"https:\/\/chicamaravilla.com\/#\/schema\/person\/34cc3c3eb9856b9ce12cc9d524c2e0a0"},"alternateName":"CMO","potentialAction":[{"@type":"SearchAction","target":{"@type":"EntryPoint","urlTemplate":"https:\/\/chicamaravilla.com\/?s={search_term_string}"},"query-input":{"@type":"PropertyValueSpecification","valueRequired":true,"valueName":"search_term_string"}}],"inLanguage":"es"},{"@type":["Person","Organization"],"@id":"https:\/\/chicamaravilla.com\/#\/schema\/person\/34cc3c3eb9856b9ce12cc9d524c2e0a0","name":"Chica Maravilla","image":{"@type":"ImageObject","inLanguage":"es","@id":"https:\/\/chicamaravilla.com\/wp-content\/uploads\/2020\/07\/cropped-2000x2000-CMOnline-Logo-30k_.png","url":"https:\/\/chicamaravilla.com\/wp-content\/uploads\/2020\/07\/cropped-2000x2000-CMOnline-Logo-30k_.png","contentUrl":"https:\/\/chicamaravilla.com\/wp-content\/uploads\/2020\/07\/cropped-2000x2000-CMOnline-Logo-30k_.png","width":1800,"height":440,"caption":"Chica Maravilla"},"logo":{"@id":"https:\/\/chicamaravilla.com\/wp-content\/uploads\/2020\/07\/cropped-2000x2000-CMOnline-Logo-30k_.png"},"sameAs":["http:\/\/chicamaravilla.com"]}]}},"jetpack_sharing_enabled":true,"jetpack_likes_enabled":true,"_links":{"self":[{"href":"https:\/\/chicamaravilla.com\/es\/wp-json\/wp\/v2\/product\/426541","targetHints":{"allow":["GET"]}}],"collection":[{"href":"https:\/\/chicamaravilla.com\/es\/wp-json\/wp\/v2\/product"}],"about":[{"href":"https:\/\/chicamaravilla.com\/es\/wp-json\/wp\/v2\/types\/product"}],"replies":[{"embeddable":true,"href":"https:\/\/chicamaravilla.com\/es\/wp-json\/wp\/v2\/comments?post=426541"}],"version-history":[{"count":5,"href":"https:\/\/chicamaravilla.com\/es\/wp-json\/wp\/v2\/product\/426541\/revisions"}],"predecessor-version":[{"id":437629,"href":"https:\/\/chicamaravilla.com\/es\/wp-json\/wp\/v2\/product\/426541\/revisions\/437629"}],"wp:featuredmedia":[{"embeddable":true,"href":"https:\/\/chicamaravilla.com\/es\/wp-json\/wp\/v2\/media\/436805"}],"wp:attachment":[{"href":"https:\/\/chicamaravilla.com\/es\/wp-json\/wp\/v2\/media?parent=426541"}],"wp:term":[{"taxonomy":"product_brand","embeddable":true,"href":"https:\/\/chicamaravilla.com\/es\/wp-json\/wp\/v2\/product_brand?post=426541"},{"taxonomy":"product_cat","embeddable":true,"href":"https:\/\/chicamaravilla.com\/es\/wp-json\/wp\/v2\/product_cat?post=426541"},{"taxonomy":"product_tag","embeddable":true,"href":"https:\/\/chicamaravilla.com\/es\/wp-json\/wp\/v2\/product_tag?post=426541"}],"curies":[{"name":"wp","href":"https:\/\/api.w.org\/{rel}","templated":true}]}}