{"id":413675,"date":"2024-02-13T18:07:03","date_gmt":"2024-02-14T00:07:03","guid":{"rendered":"https:\/\/chicamaravilla.com\/?post_type=product&#038;p=413675"},"modified":"2026-02-16T09:04:12","modified_gmt":"2026-02-16T15:04:12","slug":"valentines-day-cards-dd-bruh-001","status":"publish","type":"product","link":"https:\/\/chicamaravilla.com\/es\/producto\/valentines-day-cards-dd-bruh-001\/","title":{"rendered":"VALENTINE&#8217;S DAY CARDS &#8216;Bruh&#8217; \u2013 Printable Digital Download \ud83d\udc96"},"content":{"rendered":"<p>&nbsp;<\/p>\n<p><strong>VALENTINE&#8217;S DAY CARDS &#8216;BRUH&#8217; \u2013 DIGITAL DOWNLOAD<\/strong> \ud83d\udc96<\/p>\n<p>Make Valentine\u2019s Day extra fun with these <strong>adorable printable cards<\/strong>! Perfect for kids to <strong>cut and share<\/strong>, these <strong>6 unique designs<\/strong> bring a playful twist to classic Valentine\u2019s messages.<\/p>\n<p>\ud83c\udfa8 <strong>WHAT\u2019S INCLUDED?<\/strong><br \/>\n\u2705 <strong>1 printable page<\/strong> (6 different cards \u2013 6 per page)<br \/>\n\u2705 <strong>Cute designs<\/strong> with fun Valentine\u2019s puns<br \/>\n\u2705 <strong>Instant digital download<\/strong> \u2013 print as many as you need!<\/p>\n<p>\ud83d\udc8c <strong>PERFECT FOR:<\/strong><br \/>\n\u2714\ufe0f Classroom Valentine\u2019s exchanges<br \/>\n\u2714\ufe0f DIY Valentine\u2019s crafts<\/p>\n<p>\ud83d\udda8\ufe0f <strong>HOW TO USE:<\/strong><\/p>\n<ol>\n<li>Download the PDF file.<\/li>\n<li>Print on cardstock or regular paper.<\/li>\n<li>Cut &amp; Share the love!<\/li>\n<\/ol>\n<p>\ud83d\udce5 <strong>Instant Download<\/strong> \u2013 No physical product will be shipped.<\/p>\n<p>\ud83d\udc96 <strong>Get your Valentine\u2019s Day cards today!<\/strong><\/p>\n<p>&nbsp;<\/p>\n<p>*****************************************************<\/p>\n<p><strong>TARJETAS DE SAN VALENT\u00cdN TEM\u00c1TICAS &#8216;Bruh&#8217; \u2013 DESCARGA DIGITAL<\/strong> \ud83d\udc96<\/p>\n<p>\u00a1Haz que el D\u00eda de San Valent\u00edn sea a\u00fan m\u00e1s divertido con estas <strong>adorables tarjetas imprimibles<\/strong>! Perfectas para que los ni\u00f1os <strong>recorten y compartan<\/strong>, estos <strong>6 dise\u00f1os \u00fanicos<\/strong> le dan un giro y divertido a los mensajes cl\u00e1sicos de San Valent\u00edn.<\/p>\n<p>\ud83c\udfa8 <strong>\u00bfQU\u00c9 INCLUYE?<\/strong><br \/>\n\u2705 <strong>1 p\u00e1ginas imprimibles<\/strong> (6 tarjetas diferentes \u2013 6 por p\u00e1gina)<br \/>\n\u2705 <strong>Dise\u00f1os tiernos <\/strong>con frases divertidas de San Valent\u00edn<br \/>\n\u2705 <strong>Descarga digital instant\u00e1nea<\/strong> \u2013 \u00a1imprime tantas como necesites!<\/p>\n<p>\ud83d\udc8c <strong>IDEAL PARA:<\/strong><br \/>\n\u2714\ufe0f Intercambios de San Valent\u00edn en la escuela<br \/>\n\u2714\ufe0f Manualidades y actividades creativas!<\/p>\n<p>&nbsp;<\/p>\n<p>\ud83d\udda8\ufe0f <strong>\u00bfC\u00d3MO USARLAS?<\/strong><\/p>\n<ol>\n<li>Descarga el archivo PDF.<\/li>\n<li>Imprime en cartulina o papel regular.<\/li>\n<li>\u00a1Colorea y comparte el amor!<\/li>\n<\/ol>\n<p>\ud83d\udce5 <strong>Descarga instant\u00e1nea<\/strong> \u2013 No se enviar\u00e1 ning\u00fan producto f\u00edsico.<\/p>\n<p>\ud83d\udc96 <strong>\u00a1Consigue tus tarjetas de San Valent\u00edn hoy mismo!<\/strong><\/p>\n<p>&nbsp;<\/p>\n<p>&nbsp;<\/p>\n<p>&nbsp;<\/p>","protected":false},"excerpt":{"rendered":"<p>Make Valentine\u2019s Day extra fun with these <strong>adorable printable cards<\/strong>! Perfect for kids to <strong>cut and share<\/strong>, these <strong>6 unique designs<\/strong> bring a playful twist to classic Valentine\u2019s messages.<\/p>","protected":false},"featured_media":413721,"comment_status":"open","ping_status":"closed","template":"","meta":{"jetpack_post_was_ever_published":false},"product_brand":[],"product_cat":[411,144,141],"product_tag":[197,203,195,259,423,422],"class_list":{"0":"post-413675","1":"product","2":"type-product","3":"status-publish","4":"has-post-thumbnail","6":"product_cat-digital","7":"product_cat-downloads","8":"product_cat-printables-imprimibles","9":"product_tag-descarga-digital","10":"product_tag-descarga-instantanea","11":"product_tag-digital-download","12":"product_tag-instant-download","13":"product_tag-san-valentin","14":"product_tag-valentines-day","16":"first","17":"instock","18":"downloadable","19":"taxable","20":"shipping-taxable","21":"purchasable","22":"product-type-simple"},"yoast_head":"<!-- This site is optimized with the Yoast SEO plugin v27.3 - https:\/\/yoast.com\/product\/yoast-seo-wordpress\/ -->\n<title>VALENTINE&#039;S DAY CARDS &#039;Bruh&#039; \u2013 Printable Digital Download \ud83d\udc96 - Chica Maravilla<\/title>\n<meta name=\"description\" content=\"Make Valentine\u2019s Day extra fun with these adorable printable cards! Instant Digital Download and perfect for kids to cut and share, these 6 unique designs bring a playful twist to classic Valentine\u2019s messages.\" \/>\n<meta name=\"robots\" content=\"index, follow, max-snippet:-1, max-image-preview:large, max-video-preview:-1\" \/>\n<link rel=\"canonical\" href=\"https:\/\/chicamaravilla.com\/es\/producto\/valentines-day-cards-dd-bruh-001\/\" \/>\n<meta property=\"og:locale\" content=\"es_MX\" \/>\n<meta property=\"og:type\" content=\"article\" \/>\n<meta property=\"og:title\" content=\"VALENTINE&#039;S DAY CARDS &#039;Bruh&#039; \u2013 Printable Digital Download \ud83d\udc96 - Chica Maravilla\" \/>\n<meta property=\"og:description\" content=\"Make Valentine\u2019s Day extra fun with these adorable printable cards! Instant Digital Download and perfect for kids to cut and share, these 6 unique designs bring a playful twist to classic Valentine\u2019s messages.\" \/>\n<meta property=\"og:url\" content=\"https:\/\/chicamaravilla.com\/es\/producto\/valentines-day-cards-dd-bruh-001\/\" \/>\n<meta property=\"og:site_name\" content=\"Chica Maravilla\" \/>\n<meta property=\"article:modified_time\" content=\"2026-02-16T15:04:12+00:00\" \/>\n<meta name=\"twitter:card\" content=\"summary_large_image\" \/>\n<meta name=\"twitter:label1\" content=\"Tiempo de lectura\" \/>\n\t<meta name=\"twitter:data1\" content=\"2 minutos\" \/>\n<script type=\"application\/ld+json\" class=\"yoast-schema-graph\">{\"@context\":\"https:\\\/\\\/schema.org\",\"@graph\":[{\"@type\":\"WebPage\",\"@id\":\"https:\\\/\\\/chicamaravilla.com\\\/product\\\/valentines-day-cards-dd-bruh-001\\\/\",\"url\":\"https:\\\/\\\/chicamaravilla.com\\\/product\\\/valentines-day-cards-dd-bruh-001\\\/\",\"name\":\"VALENTINE'S DAY CARDS 'Bruh' \u2013 Printable Digital Download \ud83d\udc96 - Chica Maravilla\",\"isPartOf\":{\"@id\":\"https:\\\/\\\/chicamaravilla.com\\\/#website\"},\"primaryImageOfPage\":{\"@id\":\"https:\\\/\\\/chicamaravilla.com\\\/product\\\/valentines-day-cards-dd-bruh-001\\\/#primaryimage\"},\"image\":{\"@id\":\"https:\\\/\\\/chicamaravilla.com\\\/product\\\/valentines-day-cards-dd-bruh-001\\\/#primaryimage\"},\"thumbnailUrl\":\"https:\\\/\\\/sharedalbums.b-cdn.net\\\/bba18fa9-8c8e-4cbe-9422-fdc2f8413a4d.jpg?rotate=0&width=800&height=800&optimizer=image\",\"datePublished\":\"2024-02-14T00:07:03+00:00\",\"dateModified\":\"2026-02-16T15:04:12+00:00\",\"description\":\"Make Valentine\u2019s Day extra fun with these adorable printable cards! Instant Digital Download and perfect for kids to cut and share, these 6 unique designs bring a playful twist to classic Valentine\u2019s messages.\",\"breadcrumb\":{\"@id\":\"https:\\\/\\\/chicamaravilla.com\\\/product\\\/valentines-day-cards-dd-bruh-001\\\/#breadcrumb\"},\"inLanguage\":\"es\",\"potentialAction\":[{\"@type\":\"ReadAction\",\"target\":[\"https:\\\/\\\/chicamaravilla.com\\\/product\\\/valentines-day-cards-dd-bruh-001\\\/\"]}]},{\"@type\":\"ImageObject\",\"inLanguage\":\"es\",\"@id\":\"https:\\\/\\\/chicamaravilla.com\\\/product\\\/valentines-day-cards-dd-bruh-001\\\/#primaryimage\",\"url\":\"https:\\\/\\\/sharedalbums.b-cdn.net\\\/bba18fa9-8c8e-4cbe-9422-fdc2f8413a4d.jpg?rotate=0&width=800&height=800&optimizer=image\",\"contentUrl\":\"https:\\\/\\\/sharedalbums.b-cdn.net\\\/bba18fa9-8c8e-4cbe-9422-fdc2f8413a4d.jpg?rotate=0&width=800&height=800&optimizer=image\",\"width\":800,\"height\":800,\"caption\":\"Bruh Valentines Day Cards Digital Download Printable\"},{\"@type\":\"BreadcrumbList\",\"@id\":\"https:\\\/\\\/chicamaravilla.com\\\/product\\\/valentines-day-cards-dd-bruh-001\\\/#breadcrumb\",\"itemListElement\":[{\"@type\":\"ListItem\",\"position\":1,\"name\":\"Home\",\"item\":\"https:\\\/\\\/chicamaravilla.com\\\/\"},{\"@type\":\"ListItem\",\"position\":2,\"name\":\"Shop\",\"item\":\"https:\\\/\\\/chicamaravilla.com\\\/shop\\\/\"},{\"@type\":\"ListItem\",\"position\":3,\"name\":\"VALENTINE&#8217;S DAY CARDS &#8216;Bruh&#8217; \u2013 Printable Digital Download \ud83d\udc96\"}]},{\"@type\":\"WebSite\",\"@id\":\"https:\\\/\\\/chicamaravilla.com\\\/#website\",\"url\":\"https:\\\/\\\/chicamaravilla.com\\\/\",\"name\":\"Chica Maravilla Online\",\"description\":\"Contenido, media y servicios biling\u00fces para crecer y avanzar.\",\"publisher\":{\"@id\":\"https:\\\/\\\/chicamaravilla.com\\\/#\\\/schema\\\/person\\\/34cc3c3eb9856b9ce12cc9d524c2e0a0\"},\"alternateName\":\"CMO\",\"potentialAction\":[{\"@type\":\"SearchAction\",\"target\":{\"@type\":\"EntryPoint\",\"urlTemplate\":\"https:\\\/\\\/chicamaravilla.com\\\/?s={search_term_string}\"},\"query-input\":{\"@type\":\"PropertyValueSpecification\",\"valueRequired\":true,\"valueName\":\"search_term_string\"}}],\"inLanguage\":\"es\"},{\"@type\":[\"Person\",\"Organization\"],\"@id\":\"https:\\\/\\\/chicamaravilla.com\\\/#\\\/schema\\\/person\\\/34cc3c3eb9856b9ce12cc9d524c2e0a0\",\"name\":\"Chica Maravilla\",\"image\":{\"@type\":\"ImageObject\",\"inLanguage\":\"es\",\"@id\":\"https:\\\/\\\/chicamaravilla.com\\\/wp-content\\\/uploads\\\/2020\\\/07\\\/cropped-2000x2000-CMOnline-Logo-30k_.png\",\"url\":\"https:\\\/\\\/chicamaravilla.com\\\/wp-content\\\/uploads\\\/2020\\\/07\\\/cropped-2000x2000-CMOnline-Logo-30k_.png\",\"contentUrl\":\"https:\\\/\\\/chicamaravilla.com\\\/wp-content\\\/uploads\\\/2020\\\/07\\\/cropped-2000x2000-CMOnline-Logo-30k_.png\",\"width\":1800,\"height\":440,\"caption\":\"Chica Maravilla\"},\"logo\":{\"@id\":\"https:\\\/\\\/chicamaravilla.com\\\/wp-content\\\/uploads\\\/2020\\\/07\\\/cropped-2000x2000-CMOnline-Logo-30k_.png\"},\"sameAs\":[\"http:\\\/\\\/chicamaravilla.com\"]}]}<\/script>\n<!-- \/ Yoast SEO plugin. -->","yoast_head_json":{"title":"VALENTINE'S DAY CARDS 'Bruh' \u2013 Printable Digital Download \ud83d\udc96 - Chica Maravilla","description":"Make Valentine\u2019s Day extra fun with these adorable printable cards! Instant Digital Download and perfect for kids to cut and share, these 6 unique designs bring a playful twist to classic Valentine\u2019s messages.","robots":{"index":"index","follow":"follow","max-snippet":"max-snippet:-1","max-image-preview":"max-image-preview:large","max-video-preview":"max-video-preview:-1"},"canonical":"https:\/\/chicamaravilla.com\/es\/producto\/valentines-day-cards-dd-bruh-001\/","og_locale":"es_MX","og_type":"article","og_title":"VALENTINE'S DAY CARDS 'Bruh' \u2013 Printable Digital Download \ud83d\udc96 - Chica Maravilla","og_description":"Make Valentine\u2019s Day extra fun with these adorable printable cards! Instant Digital Download and perfect for kids to cut and share, these 6 unique designs bring a playful twist to classic Valentine\u2019s messages.","og_url":"https:\/\/chicamaravilla.com\/es\/producto\/valentines-day-cards-dd-bruh-001\/","og_site_name":"Chica Maravilla","article_modified_time":"2026-02-16T15:04:12+00:00","twitter_card":"summary_large_image","twitter_misc":{"Tiempo de lectura":"2 minutos"},"schema":{"@context":"https:\/\/schema.org","@graph":[{"@type":"WebPage","@id":"https:\/\/chicamaravilla.com\/product\/valentines-day-cards-dd-bruh-001\/","url":"https:\/\/chicamaravilla.com\/product\/valentines-day-cards-dd-bruh-001\/","name":"VALENTINE'S DAY CARDS 'Bruh' \u2013 Printable Digital Download \ud83d\udc96 - Chica Maravilla","isPartOf":{"@id":"https:\/\/chicamaravilla.com\/#website"},"primaryImageOfPage":{"@id":"https:\/\/chicamaravilla.com\/product\/valentines-day-cards-dd-bruh-001\/#primaryimage"},"image":{"@id":"https:\/\/chicamaravilla.com\/product\/valentines-day-cards-dd-bruh-001\/#primaryimage"},"thumbnailUrl":"https:\/\/sharedalbums.b-cdn.net\/bba18fa9-8c8e-4cbe-9422-fdc2f8413a4d.jpg?rotate=0&width=800&height=800&optimizer=image","datePublished":"2024-02-14T00:07:03+00:00","dateModified":"2026-02-16T15:04:12+00:00","description":"Make Valentine\u2019s Day extra fun with these adorable printable cards! Instant Digital Download and perfect for kids to cut and share, these 6 unique designs bring a playful twist to classic Valentine\u2019s messages.","breadcrumb":{"@id":"https:\/\/chicamaravilla.com\/product\/valentines-day-cards-dd-bruh-001\/#breadcrumb"},"inLanguage":"es","potentialAction":[{"@type":"ReadAction","target":["https:\/\/chicamaravilla.com\/product\/valentines-day-cards-dd-bruh-001\/"]}]},{"@type":"ImageObject","inLanguage":"es","@id":"https:\/\/chicamaravilla.com\/product\/valentines-day-cards-dd-bruh-001\/#primaryimage","url":"https:\/\/sharedalbums.b-cdn.net\/bba18fa9-8c8e-4cbe-9422-fdc2f8413a4d.jpg?rotate=0&width=800&height=800&optimizer=image","contentUrl":"https:\/\/sharedalbums.b-cdn.net\/bba18fa9-8c8e-4cbe-9422-fdc2f8413a4d.jpg?rotate=0&width=800&height=800&optimizer=image","width":800,"height":800,"caption":"Bruh Valentines Day Cards Digital Download Printable"},{"@type":"BreadcrumbList","@id":"https:\/\/chicamaravilla.com\/product\/valentines-day-cards-dd-bruh-001\/#breadcrumb","itemListElement":[{"@type":"ListItem","position":1,"name":"Home","item":"https:\/\/chicamaravilla.com\/"},{"@type":"ListItem","position":2,"name":"Shop","item":"https:\/\/chicamaravilla.com\/shop\/"},{"@type":"ListItem","position":3,"name":"VALENTINE&#8217;S DAY CARDS &#8216;Bruh&#8217; \u2013 Printable Digital Download \ud83d\udc96"}]},{"@type":"WebSite","@id":"https:\/\/chicamaravilla.com\/#website","url":"https:\/\/chicamaravilla.com\/","name":"Chica Maravilla Online","description":"Contenido, media y servicios biling\u00fces para crecer y avanzar.","publisher":{"@id":"https:\/\/chicamaravilla.com\/#\/schema\/person\/34cc3c3eb9856b9ce12cc9d524c2e0a0"},"alternateName":"CMO","potentialAction":[{"@type":"SearchAction","target":{"@type":"EntryPoint","urlTemplate":"https:\/\/chicamaravilla.com\/?s={search_term_string}"},"query-input":{"@type":"PropertyValueSpecification","valueRequired":true,"valueName":"search_term_string"}}],"inLanguage":"es"},{"@type":["Person","Organization"],"@id":"https:\/\/chicamaravilla.com\/#\/schema\/person\/34cc3c3eb9856b9ce12cc9d524c2e0a0","name":"Chica Maravilla","image":{"@type":"ImageObject","inLanguage":"es","@id":"https:\/\/chicamaravilla.com\/wp-content\/uploads\/2020\/07\/cropped-2000x2000-CMOnline-Logo-30k_.png","url":"https:\/\/chicamaravilla.com\/wp-content\/uploads\/2020\/07\/cropped-2000x2000-CMOnline-Logo-30k_.png","contentUrl":"https:\/\/chicamaravilla.com\/wp-content\/uploads\/2020\/07\/cropped-2000x2000-CMOnline-Logo-30k_.png","width":1800,"height":440,"caption":"Chica Maravilla"},"logo":{"@id":"https:\/\/chicamaravilla.com\/wp-content\/uploads\/2020\/07\/cropped-2000x2000-CMOnline-Logo-30k_.png"},"sameAs":["http:\/\/chicamaravilla.com"]}]}},"jetpack_sharing_enabled":true,"jetpack_likes_enabled":true,"_links":{"self":[{"href":"https:\/\/chicamaravilla.com\/es\/wp-json\/wp\/v2\/product\/413675","targetHints":{"allow":["GET"]}}],"collection":[{"href":"https:\/\/chicamaravilla.com\/es\/wp-json\/wp\/v2\/product"}],"about":[{"href":"https:\/\/chicamaravilla.com\/es\/wp-json\/wp\/v2\/types\/product"}],"replies":[{"embeddable":true,"href":"https:\/\/chicamaravilla.com\/es\/wp-json\/wp\/v2\/comments?post=413675"}],"version-history":[{"count":1,"href":"https:\/\/chicamaravilla.com\/es\/wp-json\/wp\/v2\/product\/413675\/revisions"}],"predecessor-version":[{"id":413722,"href":"https:\/\/chicamaravilla.com\/es\/wp-json\/wp\/v2\/product\/413675\/revisions\/413722"}],"wp:featuredmedia":[{"embeddable":true,"href":"https:\/\/chicamaravilla.com\/es\/wp-json\/wp\/v2\/media\/413721"}],"wp:attachment":[{"href":"https:\/\/chicamaravilla.com\/es\/wp-json\/wp\/v2\/media?parent=413675"}],"wp:term":[{"taxonomy":"product_brand","embeddable":true,"href":"https:\/\/chicamaravilla.com\/es\/wp-json\/wp\/v2\/product_brand?post=413675"},{"taxonomy":"product_cat","embeddable":true,"href":"https:\/\/chicamaravilla.com\/es\/wp-json\/wp\/v2\/product_cat?post=413675"},{"taxonomy":"product_tag","embeddable":true,"href":"https:\/\/chicamaravilla.com\/es\/wp-json\/wp\/v2\/product_tag?post=413675"}],"curies":[{"name":"wp","href":"https:\/\/api.w.org\/{rel}","templated":true}]}}