{"id":409931,"date":"2025-01-14T23:01:30","date_gmt":"2025-01-15T05:01:30","guid":{"rendered":"https:\/\/chicamaravilla.com\/product\/personalized-quinceanera-mug\/"},"modified":"2025-02-01T17:38:08","modified_gmt":"2025-02-01T23:38:08","slug":"personalized-quinceanera-mug","status":"publish","type":"product","link":"https:\/\/chicamaravilla.com\/es\/producto\/personalized-quinceanera-mug\/","title":{"rendered":"Personalized Quincea\u00f1era Mug"},"content":{"rendered":"<p>Personalized Quincea\u00f1era Ceramic Mug &#8211; Perfect Gift for Family &amp; Friends, with a photo of the celebrant, her name, and the date of the event. This mug gives a personal touch to the celebration and is a memorable keepsake for the special occasion. Ideal for those celebrating a Quincea\u00f1era.<\/p>\n<p>Product features<br \/>\n&#8211; Glossy ceramic finish<br \/>\n&#8211; Vibrant colors with latest printing techniques<br \/>\n&#8211; Safe for microwave and dishwasher<br \/>\n&#8211; Durable white ceramic construction<br \/>\n&#8211; Size: 11 oz<\/p>\n<p>Care instructions<br \/>\n&#8211; Clean in dishwasher or wash by hand with warm water and dish soap<\/p>\n<p>&nbsp;<\/p>\n<p>Quincea\u00f1era | Recuerdos personalizados | Taza de Quince A\u00f1os | Regalos de 15 a\u00f1os | Dise\u00f1o \u00fanico | Fiesta de Quincea\u00f1era | Taza personalizada | Recuerdos para invitados | Tazas con dise\u00f1o exclusivo | Decoraci\u00f3n de Quincea\u00f1era | Taza m\u00e1gica de 15 a\u00f1os | Recuerdo de 15 a\u00f1os | Taza de porcelana personalizada | Regalos especiales para 15 a\u00f1os<\/p>\n<p>Quincea\u00f1era gifts | Personalized mugs | 15th birthday souvenir | Custom 15th birthday gift | Unique mug design | Quincea\u00f1era party favors | Custom ceramic mug | Elegant personalized mugs | Quincea\u00f1era celebration gift | Magic mug for 15th birthday | Exclusive mug design | 15th birthday keepsake mug | Quincea\u00f1era party gift idea<\/p>","protected":false},"excerpt":{"rendered":"<p>Personalized Quincea\u00f1era Ceramic Mug &#8211; Perfect Gift for Family &amp; Friends, with a photo of the celebrant, her name, and the date of the event.&hellip; <\/p>","protected":false},"featured_media":409935,"comment_status":"open","ping_status":"closed","template":"","meta":{"jetpack_post_was_ever_published":false},"product_brand":[],"product_cat":[340,365,338,339],"product_tag":[419,416,420,417,418,421,356],"class_list":{"0":"post-409931","1":"product","2":"type-product","3":"status-publish","4":"has-post-thumbnail","6":"product_cat-customized","7":"product_cat-mugs","8":"product_cat-personalizado","9":"product_cat-personalized","10":"product_tag-diseno-unico","11":"product_tag-quinceanera","12":"product_tag-recuerdos-para-invitados","13":"product_tag-recuerdos-personalizados","14":"product_tag-taza-de-quince-anos","15":"product_tag-taza-magica-de-15-anos","16":"product_tag-taza-personalizada","17":"wcpa_has_options","19":"first","20":"instock","21":"taxable","22":"shipping-taxable","23":"purchasable","24":"product-type-variable","25":"has-default-attributes"},"yoast_head":"<!-- This site is optimized with the Yoast SEO plugin v27.4 - https:\/\/yoast.com\/product\/yoast-seo-wordpress\/ -->\n<title>Personalized Quincea\u00f1era Mug - Chica Maravilla<\/title>\n<meta name=\"description\" content=\"Personalized Quincea\u00f1era Ceramic Mug - Perfect Gift for Family &amp; Friends, with a photo of the celebrant, her name, and the date of the event. This mug gives a personal touch to the celebration and is a memorable keepsake for the special occasion. Ideal for those celebrating a Quincea\u00f1era.\" \/>\n<meta name=\"robots\" content=\"index, follow, max-snippet:-1, max-image-preview:large, max-video-preview:-1\" \/>\n<link rel=\"canonical\" href=\"https:\/\/chicamaravilla.com\/es\/producto\/personalized-quinceanera-mug\/\" \/>\n<meta property=\"og:locale\" content=\"es_MX\" \/>\n<meta property=\"og:type\" content=\"article\" \/>\n<meta property=\"og:title\" content=\"Personalized Quincea\u00f1era Mug - Chica Maravilla\" \/>\n<meta property=\"og:description\" content=\"Personalized Quincea\u00f1era Ceramic Mug - Perfect Gift for Family &amp; Friends, with a photo of the celebrant, her name, and the date of the event. This mug gives a personal touch to the celebration and is a memorable keepsake for the special occasion. Ideal for those celebrating a Quincea\u00f1era.\" \/>\n<meta property=\"og:url\" content=\"https:\/\/chicamaravilla.com\/es\/producto\/personalized-quinceanera-mug\/\" \/>\n<meta property=\"og:site_name\" content=\"Chica Maravilla\" \/>\n<meta property=\"article:modified_time\" content=\"2025-02-01T23:38:08+00:00\" \/>\n<meta property=\"og:image\" content=\"https:\/\/chicamaravilla.com\/wp-content\/uploads\/2025\/01\/18307399698896598016_2048_custom.webp\" \/>\n\t<meta property=\"og:image:width\" content=\"1920\" \/>\n\t<meta property=\"og:image:height\" content=\"1920\" \/>\n\t<meta property=\"og:image:type\" content=\"image\/webp\" \/>\n<meta name=\"twitter:card\" content=\"summary_large_image\" \/>\n<meta name=\"twitter:label1\" content=\"Tiempo de lectura\" \/>\n\t<meta name=\"twitter:data1\" content=\"2 minutos\" \/>\n<script type=\"application\/ld+json\" class=\"yoast-schema-graph\">{\"@context\":\"https:\\\/\\\/schema.org\",\"@graph\":[{\"@type\":\"WebPage\",\"@id\":\"https:\\\/\\\/chicamaravilla.com\\\/product\\\/personalized-quinceanera-mug\\\/\",\"url\":\"https:\\\/\\\/chicamaravilla.com\\\/product\\\/personalized-quinceanera-mug\\\/\",\"name\":\"Personalized Quincea\u00f1era Mug - Chica Maravilla\",\"isPartOf\":{\"@id\":\"https:\\\/\\\/chicamaravilla.com\\\/#website\"},\"primaryImageOfPage\":{\"@id\":\"https:\\\/\\\/chicamaravilla.com\\\/product\\\/personalized-quinceanera-mug\\\/#primaryimage\"},\"image\":{\"@id\":\"https:\\\/\\\/chicamaravilla.com\\\/product\\\/personalized-quinceanera-mug\\\/#primaryimage\"},\"thumbnailUrl\":\"https:\\\/\\\/chicamaravilla.com\\\/wp-content\\\/uploads\\\/2025\\\/01\\\/18307399698896598016_2048_custom.webp\",\"datePublished\":\"2025-01-15T05:01:30+00:00\",\"dateModified\":\"2025-02-01T23:38:08+00:00\",\"description\":\"Personalized Quincea\u00f1era Ceramic Mug - Perfect Gift for Family & Friends, with a photo of the celebrant, her name, and the date of the event. This mug gives a personal touch to the celebration and is a memorable keepsake for the special occasion. Ideal for those celebrating a Quincea\u00f1era.\",\"breadcrumb\":{\"@id\":\"https:\\\/\\\/chicamaravilla.com\\\/product\\\/personalized-quinceanera-mug\\\/#breadcrumb\"},\"inLanguage\":\"es\",\"potentialAction\":[{\"@type\":\"ReadAction\",\"target\":[\"https:\\\/\\\/chicamaravilla.com\\\/product\\\/personalized-quinceanera-mug\\\/\"]}]},{\"@type\":\"ImageObject\",\"inLanguage\":\"es\",\"@id\":\"https:\\\/\\\/chicamaravilla.com\\\/product\\\/personalized-quinceanera-mug\\\/#primaryimage\",\"url\":\"https:\\\/\\\/chicamaravilla.com\\\/wp-content\\\/uploads\\\/2025\\\/01\\\/18307399698896598016_2048_custom.webp\",\"contentUrl\":\"https:\\\/\\\/chicamaravilla.com\\\/wp-content\\\/uploads\\\/2025\\\/01\\\/18307399698896598016_2048_custom.webp\",\"width\":1920,\"height\":1920},{\"@type\":\"BreadcrumbList\",\"@id\":\"https:\\\/\\\/chicamaravilla.com\\\/product\\\/personalized-quinceanera-mug\\\/#breadcrumb\",\"itemListElement\":[{\"@type\":\"ListItem\",\"position\":1,\"name\":\"Home\",\"item\":\"https:\\\/\\\/chicamaravilla.com\\\/\"},{\"@type\":\"ListItem\",\"position\":2,\"name\":\"Shop\",\"item\":\"https:\\\/\\\/chicamaravilla.com\\\/shop\\\/\"},{\"@type\":\"ListItem\",\"position\":3,\"name\":\"Personalized Quincea\u00f1era Mug\"}]},{\"@type\":\"WebSite\",\"@id\":\"https:\\\/\\\/chicamaravilla.com\\\/#website\",\"url\":\"https:\\\/\\\/chicamaravilla.com\\\/\",\"name\":\"Chica Maravilla Online\",\"description\":\"Contenido, media y servicios biling\u00fces para crecer y avanzar.\",\"publisher\":{\"@id\":\"https:\\\/\\\/chicamaravilla.com\\\/#\\\/schema\\\/person\\\/34cc3c3eb9856b9ce12cc9d524c2e0a0\"},\"alternateName\":\"CMO\",\"potentialAction\":[{\"@type\":\"SearchAction\",\"target\":{\"@type\":\"EntryPoint\",\"urlTemplate\":\"https:\\\/\\\/chicamaravilla.com\\\/?s={search_term_string}\"},\"query-input\":{\"@type\":\"PropertyValueSpecification\",\"valueRequired\":true,\"valueName\":\"search_term_string\"}}],\"inLanguage\":\"es\"},{\"@type\":[\"Person\",\"Organization\"],\"@id\":\"https:\\\/\\\/chicamaravilla.com\\\/#\\\/schema\\\/person\\\/34cc3c3eb9856b9ce12cc9d524c2e0a0\",\"name\":\"Chica Maravilla\",\"image\":{\"@type\":\"ImageObject\",\"inLanguage\":\"es\",\"@id\":\"https:\\\/\\\/chicamaravilla.com\\\/wp-content\\\/uploads\\\/2020\\\/07\\\/cropped-2000x2000-CMOnline-Logo-30k_.png\",\"url\":\"https:\\\/\\\/chicamaravilla.com\\\/wp-content\\\/uploads\\\/2020\\\/07\\\/cropped-2000x2000-CMOnline-Logo-30k_.png\",\"contentUrl\":\"https:\\\/\\\/chicamaravilla.com\\\/wp-content\\\/uploads\\\/2020\\\/07\\\/cropped-2000x2000-CMOnline-Logo-30k_.png\",\"width\":1800,\"height\":440,\"caption\":\"Chica Maravilla\"},\"logo\":{\"@id\":\"https:\\\/\\\/chicamaravilla.com\\\/wp-content\\\/uploads\\\/2020\\\/07\\\/cropped-2000x2000-CMOnline-Logo-30k_.png\"},\"sameAs\":[\"http:\\\/\\\/chicamaravilla.com\"]}]}<\/script>\n<!-- \/ Yoast SEO plugin. -->","yoast_head_json":{"title":"Personalized Quincea\u00f1era Mug - Chica Maravilla","description":"Personalized Quincea\u00f1era Ceramic Mug - Perfect Gift for Family & Friends, with a photo of the celebrant, her name, and the date of the event. This mug gives a personal touch to the celebration and is a memorable keepsake for the special occasion. Ideal for those celebrating a Quincea\u00f1era.","robots":{"index":"index","follow":"follow","max-snippet":"max-snippet:-1","max-image-preview":"max-image-preview:large","max-video-preview":"max-video-preview:-1"},"canonical":"https:\/\/chicamaravilla.com\/es\/producto\/personalized-quinceanera-mug\/","og_locale":"es_MX","og_type":"article","og_title":"Personalized Quincea\u00f1era Mug - Chica Maravilla","og_description":"Personalized Quincea\u00f1era Ceramic Mug - Perfect Gift for Family & Friends, with a photo of the celebrant, her name, and the date of the event. This mug gives a personal touch to the celebration and is a memorable keepsake for the special occasion. Ideal for those celebrating a Quincea\u00f1era.","og_url":"https:\/\/chicamaravilla.com\/es\/producto\/personalized-quinceanera-mug\/","og_site_name":"Chica Maravilla","article_modified_time":"2025-02-01T23:38:08+00:00","og_image":[{"width":1920,"height":1920,"url":"https:\/\/chicamaravilla.com\/wp-content\/uploads\/2025\/01\/18307399698896598016_2048_custom.webp","type":"image\/webp"}],"twitter_card":"summary_large_image","twitter_misc":{"Tiempo de lectura":"2 minutos"},"schema":{"@context":"https:\/\/schema.org","@graph":[{"@type":"WebPage","@id":"https:\/\/chicamaravilla.com\/product\/personalized-quinceanera-mug\/","url":"https:\/\/chicamaravilla.com\/product\/personalized-quinceanera-mug\/","name":"Personalized Quincea\u00f1era Mug - Chica Maravilla","isPartOf":{"@id":"https:\/\/chicamaravilla.com\/#website"},"primaryImageOfPage":{"@id":"https:\/\/chicamaravilla.com\/product\/personalized-quinceanera-mug\/#primaryimage"},"image":{"@id":"https:\/\/chicamaravilla.com\/product\/personalized-quinceanera-mug\/#primaryimage"},"thumbnailUrl":"https:\/\/chicamaravilla.com\/wp-content\/uploads\/2025\/01\/18307399698896598016_2048_custom.webp","datePublished":"2025-01-15T05:01:30+00:00","dateModified":"2025-02-01T23:38:08+00:00","description":"Personalized Quincea\u00f1era Ceramic Mug - Perfect Gift for Family & Friends, with a photo of the celebrant, her name, and the date of the event. This mug gives a personal touch to the celebration and is a memorable keepsake for the special occasion. Ideal for those celebrating a Quincea\u00f1era.","breadcrumb":{"@id":"https:\/\/chicamaravilla.com\/product\/personalized-quinceanera-mug\/#breadcrumb"},"inLanguage":"es","potentialAction":[{"@type":"ReadAction","target":["https:\/\/chicamaravilla.com\/product\/personalized-quinceanera-mug\/"]}]},{"@type":"ImageObject","inLanguage":"es","@id":"https:\/\/chicamaravilla.com\/product\/personalized-quinceanera-mug\/#primaryimage","url":"https:\/\/chicamaravilla.com\/wp-content\/uploads\/2025\/01\/18307399698896598016_2048_custom.webp","contentUrl":"https:\/\/chicamaravilla.com\/wp-content\/uploads\/2025\/01\/18307399698896598016_2048_custom.webp","width":1920,"height":1920},{"@type":"BreadcrumbList","@id":"https:\/\/chicamaravilla.com\/product\/personalized-quinceanera-mug\/#breadcrumb","itemListElement":[{"@type":"ListItem","position":1,"name":"Home","item":"https:\/\/chicamaravilla.com\/"},{"@type":"ListItem","position":2,"name":"Shop","item":"https:\/\/chicamaravilla.com\/shop\/"},{"@type":"ListItem","position":3,"name":"Personalized Quincea\u00f1era Mug"}]},{"@type":"WebSite","@id":"https:\/\/chicamaravilla.com\/#website","url":"https:\/\/chicamaravilla.com\/","name":"Chica Maravilla Online","description":"Contenido, media y servicios biling\u00fces para crecer y avanzar.","publisher":{"@id":"https:\/\/chicamaravilla.com\/#\/schema\/person\/34cc3c3eb9856b9ce12cc9d524c2e0a0"},"alternateName":"CMO","potentialAction":[{"@type":"SearchAction","target":{"@type":"EntryPoint","urlTemplate":"https:\/\/chicamaravilla.com\/?s={search_term_string}"},"query-input":{"@type":"PropertyValueSpecification","valueRequired":true,"valueName":"search_term_string"}}],"inLanguage":"es"},{"@type":["Person","Organization"],"@id":"https:\/\/chicamaravilla.com\/#\/schema\/person\/34cc3c3eb9856b9ce12cc9d524c2e0a0","name":"Chica Maravilla","image":{"@type":"ImageObject","inLanguage":"es","@id":"https:\/\/chicamaravilla.com\/wp-content\/uploads\/2020\/07\/cropped-2000x2000-CMOnline-Logo-30k_.png","url":"https:\/\/chicamaravilla.com\/wp-content\/uploads\/2020\/07\/cropped-2000x2000-CMOnline-Logo-30k_.png","contentUrl":"https:\/\/chicamaravilla.com\/wp-content\/uploads\/2020\/07\/cropped-2000x2000-CMOnline-Logo-30k_.png","width":1800,"height":440,"caption":"Chica Maravilla"},"logo":{"@id":"https:\/\/chicamaravilla.com\/wp-content\/uploads\/2020\/07\/cropped-2000x2000-CMOnline-Logo-30k_.png"},"sameAs":["http:\/\/chicamaravilla.com"]}]}},"jetpack_sharing_enabled":true,"jetpack_likes_enabled":true,"_links":{"self":[{"href":"https:\/\/chicamaravilla.com\/es\/wp-json\/wp\/v2\/product\/409931","targetHints":{"allow":["GET"]}}],"collection":[{"href":"https:\/\/chicamaravilla.com\/es\/wp-json\/wp\/v2\/product"}],"about":[{"href":"https:\/\/chicamaravilla.com\/es\/wp-json\/wp\/v2\/types\/product"}],"replies":[{"embeddable":true,"href":"https:\/\/chicamaravilla.com\/es\/wp-json\/wp\/v2\/comments?post=409931"}],"version-history":[{"count":1,"href":"https:\/\/chicamaravilla.com\/es\/wp-json\/wp\/v2\/product\/409931\/revisions"}],"predecessor-version":[{"id":410711,"href":"https:\/\/chicamaravilla.com\/es\/wp-json\/wp\/v2\/product\/409931\/revisions\/410711"}],"wp:featuredmedia":[{"embeddable":true,"href":"https:\/\/chicamaravilla.com\/es\/wp-json\/wp\/v2\/media\/409935"}],"wp:attachment":[{"href":"https:\/\/chicamaravilla.com\/es\/wp-json\/wp\/v2\/media?parent=409931"}],"wp:term":[{"taxonomy":"product_brand","embeddable":true,"href":"https:\/\/chicamaravilla.com\/es\/wp-json\/wp\/v2\/product_brand?post=409931"},{"taxonomy":"product_cat","embeddable":true,"href":"https:\/\/chicamaravilla.com\/es\/wp-json\/wp\/v2\/product_cat?post=409931"},{"taxonomy":"product_tag","embeddable":true,"href":"https:\/\/chicamaravilla.com\/es\/wp-json\/wp\/v2\/product_tag?post=409931"}],"curies":[{"name":"wp","href":"https:\/\/api.w.org\/{rel}","templated":true}]}}