{"id":358120,"date":"2024-06-07T03:03:08","date_gmt":"2024-06-07T08:03:08","guid":{"rendered":"https:\/\/chicamaravilla.com\/product\/taza-para-papa-dad-the-man\/"},"modified":"2024-06-07T12:40:06","modified_gmt":"2024-06-07T17:40:06","slug":"taza-para-papa-dad-the-man","status":"publish","type":"product","link":"https:\/\/chicamaravilla.com\/es\/producto\/taza-para-papa-dad-the-man\/","title":{"rendered":"Taza Para Pap\u00e1 &#8220;Dad, The Man . . . &#8221; Personalizada"},"content":{"rendered":"<p><span style=\"color: #0d0d0d; hne, ui-sans-serif, system-ui, -apple-system, 'segoe ui', roboto, ubuntu, cantarell, 'noto sans', sans-serif, 'helvetica neue', arial, 'apple color emoji', 'segoe ui emoji', 'segoe ui symbol', 'noto color emoji';font-size: 16px; background-color: #ffffff;\">Indulge in your daily dose of joy with our durable white ceramic mug. With a comfortable C-handle and shiny finish, it&#8217;s both practical and visually appealing. Rest easy knowing it&#8217;s lead and BPA-free, making it the perfect choice for your favorite beverages. <\/span><\/p>\n<p><span style=\"color: #0d0d0d; hne, ui-sans-serif, system-ui, -apple-system, 'segoe ui', roboto, ubuntu, cantarell, 'noto sans', sans-serif, 'helvetica neue', arial, 'apple color emoji', 'segoe ui emoji', 'segoe ui symbol', 'noto color emoji';font-size: 16px; background-color: #ffffff;\">Mug | Drink Mug | Mug Gift | Motivation | Coffee Mug<\/span><span style=\"background-color: #ffffff; color: #0d0d0d; hne, ui-sans-serif, system-ui, -apple-system, 'segoe ui', roboto, ubuntu, cantarell, 'noto sans', sans-serif, 'helvetica neue', arial, 'apple color emoji', 'segoe ui emoji', 'segoe ui symbol', 'noto color emoji';font-size: 16px;\"> | Tea Mug | Regalo Para Pap\u00e1 | Fathers Day Gift<\/span><\/p>\n<p>&nbsp;<\/p>\n<p><span style=\"color: #0d0d0d; hne, ui-sans-serif, system-ui, -apple-system, 'segoe ui', roboto, ubuntu, cantarell, 'noto sans', sans-serif, 'helvetica neue', arial, 'apple color emoji', 'segoe ui emoji', 'segoe ui symbol', 'noto color emoji';font-size: 16px; background-color: #ffffff;\">Disfruta de tu dosis diaria de alegr\u00eda con nuestra taza de cer\u00e1mica blanca duradera. Con un c\u00f3modo asa en forma de C y un acabado brillante, es pr\u00e1ctica y visualmente atractiva. Descansa tranquilo sabiendo que es libre de plomo y BPA, \u00a1la elecci\u00f3n perfecta para tus bebidas favoritas!<\/span><\/p>\n<p><span style=\"color: #0d0d0d; hne, ui-sans-serif, system-ui, -apple-system, 'segoe ui', roboto, ubuntu, cantarell, 'noto sans', sans-serif, 'helvetica neue', arial, 'apple color emoji', 'segoe ui emoji', 'segoe ui symbol', 'noto color emoji';font-size: 16px; background-color: #ffffff;\">#Regalo #Taza #Motivaci\u00f3n #Gift<\/span><\/p>","protected":false},"excerpt":{"rendered":"<p>Indulge in your daily dose of joy with our durable white ceramic mug. With a comfortable C-handle and shiny finish, it&#8217;s both practical and visually&hellip; <\/p>","protected":false},"featured_media":358134,"comment_status":"open","ping_status":"closed","template":"","meta":{"jetpack_post_was_ever_published":false},"product_brand":[],"product_cat":[206,171,161],"product_tag":[361,353,357,360,358],"class_list":{"0":"post-358120","1":"product","2":"type-product","3":"status-publish","4":"has-post-thumbnail","6":"product_cat-fathers-day","7":"product_cat-gifts","8":"product_cat-home-garden","9":"product_tag-dia-del-padre-2024","10":"product_tag-fathers-day-2024","11":"product_tag-regalos-dia-del-padre","12":"product_tag-regalos-originales-dia-del-padre","13":"product_tag-regalos-para-el-dia-del-padre","14":"wcpa_has_options","16":"first","17":"instock","18":"taxable","19":"shipping-taxable","20":"purchasable","21":"product-type-variable","22":"has-default-attributes"},"yoast_head":"<!-- This site is optimized with the Yoast SEO plugin v27.4 - https:\/\/yoast.com\/product\/yoast-seo-wordpress\/ -->\n<title>Taza Para Pap\u00e1 &quot;Dad, The Man . . . &quot; Personalizada - Chica Maravilla<\/title>\n<meta name=\"robots\" content=\"index, follow, max-snippet:-1, max-image-preview:large, max-video-preview:-1\" \/>\n<link rel=\"canonical\" href=\"https:\/\/chicamaravilla.com\/es\/producto\/taza-para-papa-dad-the-man\/\" \/>\n<meta property=\"og:locale\" content=\"es_MX\" \/>\n<meta property=\"og:type\" content=\"article\" \/>\n<meta property=\"og:title\" content=\"Taza Para Pap\u00e1 &quot;Dad, The Man . . . &quot; Personalizada - Chica Maravilla\" \/>\n<meta property=\"og:description\" content=\"Indulge in your daily dose of joy with our durable white ceramic mug. With a comfortable C-handle and shiny finish, it&#8217;s both practical and visually&hellip;\" \/>\n<meta property=\"og:url\" content=\"https:\/\/chicamaravilla.com\/es\/producto\/taza-para-papa-dad-the-man\/\" \/>\n<meta property=\"og:site_name\" content=\"Chica Maravilla\" \/>\n<meta property=\"article:modified_time\" content=\"2024-06-07T17:40:06+00:00\" \/>\n<meta property=\"og:image\" content=\"https:\/\/chicamaravilla.com\/wp-content\/uploads\/2024\/06\/72180-8.jpg\" \/>\n\t<meta property=\"og:image:width\" content=\"1200\" \/>\n\t<meta property=\"og:image:height\" content=\"1200\" \/>\n\t<meta property=\"og:image:type\" content=\"image\/jpeg\" \/>\n<meta name=\"twitter:card\" content=\"summary_large_image\" \/>\n<meta name=\"twitter:label1\" content=\"Tiempo de lectura\" \/>\n\t<meta name=\"twitter:data1\" content=\"1 minuto\" \/>\n<script type=\"application\/ld+json\" class=\"yoast-schema-graph\">{\"@context\":\"https:\\\/\\\/schema.org\",\"@graph\":[{\"@type\":\"WebPage\",\"@id\":\"https:\\\/\\\/chicamaravilla.com\\\/product\\\/taza-para-papa-dad-the-man\\\/\",\"url\":\"https:\\\/\\\/chicamaravilla.com\\\/product\\\/taza-para-papa-dad-the-man\\\/\",\"name\":\"Taza Para Pap\u00e1 \\\"Dad, The Man . . . \\\" Personalizada - Chica Maravilla\",\"isPartOf\":{\"@id\":\"https:\\\/\\\/chicamaravilla.com\\\/#website\"},\"primaryImageOfPage\":{\"@id\":\"https:\\\/\\\/chicamaravilla.com\\\/product\\\/taza-para-papa-dad-the-man\\\/#primaryimage\"},\"image\":{\"@id\":\"https:\\\/\\\/chicamaravilla.com\\\/product\\\/taza-para-papa-dad-the-man\\\/#primaryimage\"},\"thumbnailUrl\":\"https:\\\/\\\/chicamaravilla.com\\\/wp-content\\\/uploads\\\/2024\\\/06\\\/72180-8.jpg\",\"datePublished\":\"2024-06-07T08:03:08+00:00\",\"dateModified\":\"2024-06-07T17:40:06+00:00\",\"breadcrumb\":{\"@id\":\"https:\\\/\\\/chicamaravilla.com\\\/product\\\/taza-para-papa-dad-the-man\\\/#breadcrumb\"},\"inLanguage\":\"es\",\"potentialAction\":[{\"@type\":\"ReadAction\",\"target\":[\"https:\\\/\\\/chicamaravilla.com\\\/product\\\/taza-para-papa-dad-the-man\\\/\"]}]},{\"@type\":\"ImageObject\",\"inLanguage\":\"es\",\"@id\":\"https:\\\/\\\/chicamaravilla.com\\\/product\\\/taza-para-papa-dad-the-man\\\/#primaryimage\",\"url\":\"https:\\\/\\\/chicamaravilla.com\\\/wp-content\\\/uploads\\\/2024\\\/06\\\/72180-8.jpg\",\"contentUrl\":\"https:\\\/\\\/chicamaravilla.com\\\/wp-content\\\/uploads\\\/2024\\\/06\\\/72180-8.jpg\",\"width\":1200,\"height\":1200},{\"@type\":\"BreadcrumbList\",\"@id\":\"https:\\\/\\\/chicamaravilla.com\\\/product\\\/taza-para-papa-dad-the-man\\\/#breadcrumb\",\"itemListElement\":[{\"@type\":\"ListItem\",\"position\":1,\"name\":\"Home\",\"item\":\"https:\\\/\\\/chicamaravilla.com\\\/\"},{\"@type\":\"ListItem\",\"position\":2,\"name\":\"Shop\",\"item\":\"https:\\\/\\\/chicamaravilla.com\\\/shop\\\/\"},{\"@type\":\"ListItem\",\"position\":3,\"name\":\"Taza Para Pap\u00e1 &#8220;Dad, The Man . . . &#8221; Personalizada\"}]},{\"@type\":\"WebSite\",\"@id\":\"https:\\\/\\\/chicamaravilla.com\\\/#website\",\"url\":\"https:\\\/\\\/chicamaravilla.com\\\/\",\"name\":\"Chica Maravilla Online\",\"description\":\"Contenido, media y servicios biling\u00fces para crecer y avanzar.\",\"publisher\":{\"@id\":\"https:\\\/\\\/chicamaravilla.com\\\/#\\\/schema\\\/person\\\/34cc3c3eb9856b9ce12cc9d524c2e0a0\"},\"alternateName\":\"CMO\",\"potentialAction\":[{\"@type\":\"SearchAction\",\"target\":{\"@type\":\"EntryPoint\",\"urlTemplate\":\"https:\\\/\\\/chicamaravilla.com\\\/?s={search_term_string}\"},\"query-input\":{\"@type\":\"PropertyValueSpecification\",\"valueRequired\":true,\"valueName\":\"search_term_string\"}}],\"inLanguage\":\"es\"},{\"@type\":[\"Person\",\"Organization\"],\"@id\":\"https:\\\/\\\/chicamaravilla.com\\\/#\\\/schema\\\/person\\\/34cc3c3eb9856b9ce12cc9d524c2e0a0\",\"name\":\"Chica Maravilla\",\"image\":{\"@type\":\"ImageObject\",\"inLanguage\":\"es\",\"@id\":\"https:\\\/\\\/chicamaravilla.com\\\/wp-content\\\/uploads\\\/2020\\\/07\\\/cropped-2000x2000-CMOnline-Logo-30k_.png\",\"url\":\"https:\\\/\\\/chicamaravilla.com\\\/wp-content\\\/uploads\\\/2020\\\/07\\\/cropped-2000x2000-CMOnline-Logo-30k_.png\",\"contentUrl\":\"https:\\\/\\\/chicamaravilla.com\\\/wp-content\\\/uploads\\\/2020\\\/07\\\/cropped-2000x2000-CMOnline-Logo-30k_.png\",\"width\":1800,\"height\":440,\"caption\":\"Chica Maravilla\"},\"logo\":{\"@id\":\"https:\\\/\\\/chicamaravilla.com\\\/wp-content\\\/uploads\\\/2020\\\/07\\\/cropped-2000x2000-CMOnline-Logo-30k_.png\"},\"sameAs\":[\"http:\\\/\\\/chicamaravilla.com\"]}]}<\/script>\n<!-- \/ Yoast SEO plugin. -->","yoast_head_json":{"title":"Taza Para Pap\u00e1 \"Dad, The Man . . . \" Personalizada - Chica Maravilla","robots":{"index":"index","follow":"follow","max-snippet":"max-snippet:-1","max-image-preview":"max-image-preview:large","max-video-preview":"max-video-preview:-1"},"canonical":"https:\/\/chicamaravilla.com\/es\/producto\/taza-para-papa-dad-the-man\/","og_locale":"es_MX","og_type":"article","og_title":"Taza Para Pap\u00e1 \"Dad, The Man . . . \" Personalizada - Chica Maravilla","og_description":"Indulge in your daily dose of joy with our durable white ceramic mug. With a comfortable C-handle and shiny finish, it&#8217;s both practical and visually&hellip;","og_url":"https:\/\/chicamaravilla.com\/es\/producto\/taza-para-papa-dad-the-man\/","og_site_name":"Chica Maravilla","article_modified_time":"2024-06-07T17:40:06+00:00","og_image":[{"width":1200,"height":1200,"url":"https:\/\/chicamaravilla.com\/wp-content\/uploads\/2024\/06\/72180-8.jpg","type":"image\/jpeg"}],"twitter_card":"summary_large_image","twitter_misc":{"Tiempo de lectura":"1 minuto"},"schema":{"@context":"https:\/\/schema.org","@graph":[{"@type":"WebPage","@id":"https:\/\/chicamaravilla.com\/product\/taza-para-papa-dad-the-man\/","url":"https:\/\/chicamaravilla.com\/product\/taza-para-papa-dad-the-man\/","name":"Taza Para Pap\u00e1 \"Dad, The Man . . . \" Personalizada - Chica Maravilla","isPartOf":{"@id":"https:\/\/chicamaravilla.com\/#website"},"primaryImageOfPage":{"@id":"https:\/\/chicamaravilla.com\/product\/taza-para-papa-dad-the-man\/#primaryimage"},"image":{"@id":"https:\/\/chicamaravilla.com\/product\/taza-para-papa-dad-the-man\/#primaryimage"},"thumbnailUrl":"https:\/\/chicamaravilla.com\/wp-content\/uploads\/2024\/06\/72180-8.jpg","datePublished":"2024-06-07T08:03:08+00:00","dateModified":"2024-06-07T17:40:06+00:00","breadcrumb":{"@id":"https:\/\/chicamaravilla.com\/product\/taza-para-papa-dad-the-man\/#breadcrumb"},"inLanguage":"es","potentialAction":[{"@type":"ReadAction","target":["https:\/\/chicamaravilla.com\/product\/taza-para-papa-dad-the-man\/"]}]},{"@type":"ImageObject","inLanguage":"es","@id":"https:\/\/chicamaravilla.com\/product\/taza-para-papa-dad-the-man\/#primaryimage","url":"https:\/\/chicamaravilla.com\/wp-content\/uploads\/2024\/06\/72180-8.jpg","contentUrl":"https:\/\/chicamaravilla.com\/wp-content\/uploads\/2024\/06\/72180-8.jpg","width":1200,"height":1200},{"@type":"BreadcrumbList","@id":"https:\/\/chicamaravilla.com\/product\/taza-para-papa-dad-the-man\/#breadcrumb","itemListElement":[{"@type":"ListItem","position":1,"name":"Home","item":"https:\/\/chicamaravilla.com\/"},{"@type":"ListItem","position":2,"name":"Shop","item":"https:\/\/chicamaravilla.com\/shop\/"},{"@type":"ListItem","position":3,"name":"Taza Para Pap\u00e1 &#8220;Dad, The Man . . . &#8221; Personalizada"}]},{"@type":"WebSite","@id":"https:\/\/chicamaravilla.com\/#website","url":"https:\/\/chicamaravilla.com\/","name":"Chica Maravilla Online","description":"Contenido, media y servicios biling\u00fces para crecer y avanzar.","publisher":{"@id":"https:\/\/chicamaravilla.com\/#\/schema\/person\/34cc3c3eb9856b9ce12cc9d524c2e0a0"},"alternateName":"CMO","potentialAction":[{"@type":"SearchAction","target":{"@type":"EntryPoint","urlTemplate":"https:\/\/chicamaravilla.com\/?s={search_term_string}"},"query-input":{"@type":"PropertyValueSpecification","valueRequired":true,"valueName":"search_term_string"}}],"inLanguage":"es"},{"@type":["Person","Organization"],"@id":"https:\/\/chicamaravilla.com\/#\/schema\/person\/34cc3c3eb9856b9ce12cc9d524c2e0a0","name":"Chica Maravilla","image":{"@type":"ImageObject","inLanguage":"es","@id":"https:\/\/chicamaravilla.com\/wp-content\/uploads\/2020\/07\/cropped-2000x2000-CMOnline-Logo-30k_.png","url":"https:\/\/chicamaravilla.com\/wp-content\/uploads\/2020\/07\/cropped-2000x2000-CMOnline-Logo-30k_.png","contentUrl":"https:\/\/chicamaravilla.com\/wp-content\/uploads\/2020\/07\/cropped-2000x2000-CMOnline-Logo-30k_.png","width":1800,"height":440,"caption":"Chica Maravilla"},"logo":{"@id":"https:\/\/chicamaravilla.com\/wp-content\/uploads\/2020\/07\/cropped-2000x2000-CMOnline-Logo-30k_.png"},"sameAs":["http:\/\/chicamaravilla.com"]}]}},"jetpack_sharing_enabled":true,"jetpack_likes_enabled":true,"_links":{"self":[{"href":"https:\/\/chicamaravilla.com\/es\/wp-json\/wp\/v2\/product\/358120","targetHints":{"allow":["GET"]}}],"collection":[{"href":"https:\/\/chicamaravilla.com\/es\/wp-json\/wp\/v2\/product"}],"about":[{"href":"https:\/\/chicamaravilla.com\/es\/wp-json\/wp\/v2\/types\/product"}],"replies":[{"embeddable":true,"href":"https:\/\/chicamaravilla.com\/es\/wp-json\/wp\/v2\/comments?post=358120"}],"version-history":[{"count":2,"href":"https:\/\/chicamaravilla.com\/es\/wp-json\/wp\/v2\/product\/358120\/revisions"}],"predecessor-version":[{"id":358156,"href":"https:\/\/chicamaravilla.com\/es\/wp-json\/wp\/v2\/product\/358120\/revisions\/358156"}],"wp:featuredmedia":[{"embeddable":true,"href":"https:\/\/chicamaravilla.com\/es\/wp-json\/wp\/v2\/media\/358134"}],"wp:attachment":[{"href":"https:\/\/chicamaravilla.com\/es\/wp-json\/wp\/v2\/media?parent=358120"}],"wp:term":[{"taxonomy":"product_brand","embeddable":true,"href":"https:\/\/chicamaravilla.com\/es\/wp-json\/wp\/v2\/product_brand?post=358120"},{"taxonomy":"product_cat","embeddable":true,"href":"https:\/\/chicamaravilla.com\/es\/wp-json\/wp\/v2\/product_cat?post=358120"},{"taxonomy":"product_tag","embeddable":true,"href":"https:\/\/chicamaravilla.com\/es\/wp-json\/wp\/v2\/product_tag?post=358120"}],"curies":[{"name":"wp","href":"https:\/\/api.w.org\/{rel}","templated":true}]}}