{"id":358037,"date":"2024-06-06T23:05:12","date_gmt":"2024-06-07T04:05:12","guid":{"rendered":"https:\/\/chicamaravilla.com\/product\/termo-personalizado-dad-the-man-the-myth-skinny-tumbler-with-straw-20oz\/"},"modified":"2026-04-16T01:37:45","modified_gmt":"2026-04-16T06:37:45","slug":"termo-personalizado-dad-the-man-the-myth-skinny-tumbler-with-straw-20oz","status":"publish","type":"product","link":"https:\/\/chicamaravilla.com\/es\/producto\/termo-personalizado-dad-the-man-the-myth-skinny-tumbler-with-straw-20oz\/","title":{"rendered":"Termo Para Pap\u00e1 &#8220;Dad, The Man, The Myth&#8230;&#8221;, Skinny Tumbler with Straw, 20oz"},"content":{"rendered":"<p>Elevate Dad&#8217;s sipping experience with our personalized Skinny Tumbler, a thoughtful gift that keeps drinks hot for 12 hours and cold for 24. Crafted with love, each tumbler features a chic glossy finish and a sleek, tapered design for easy handling. The BPA-free construction ensures safety for the whole family. Cheers to making Dad&#8217;s day special!\u00a0 \u00a0<strong>Indicate personalized details as follows:\u00a0 Dad&#8217;s Name\u00a0<\/strong><\/p>\n<p>&nbsp;<\/p>\n<p><em>Mant\u00e9n tus bebidas a la temperatura perfecta con nuestro vaso delgado de 20 oz con pajita de Maars. Fabricado en acero inoxidable y pl\u00e1stico, este vaso cuenta con un dise\u00f1o de doble pared que mantiene las bebidas fr\u00edas durante 24 horas y calientes durante 12 horas. Disponible en acabado brillante con recubrimiento en polvo, presenta una elegante forma c\u00f3nica y una pr\u00e1ctica tapa de pl\u00e1stico con pajita a juego. No t\u00f3xico y libre de BPA, este vaso es seguro para toda la familia. Lavar a mano solamente. <strong>Indica los detalles para personalizaci\u00f3n incluyendo lo siguiente: Nombre de Pap\u00e1\u00a0\u00a0<\/strong><\/em><\/p>\n<p>&nbsp;<\/p>\n<p>&nbsp;<\/p>\n<p>Father&#8217;s Day | Para Pap\u00e1 | Dad Day | Gift for Dad | Regalo Para Pap\u00e1<\/p>","protected":false},"excerpt":{"rendered":"<p>Elevate Dad&#8217;s sipping experience with our personalized Skinny Tumbler, a thoughtful gift that keeps drinks hot for 12 hours and cold for 24. Crafted with&hellip; <\/p>","protected":false},"featured_media":416102,"comment_status":"open","ping_status":"closed","template":"","meta":{"jetpack_post_was_ever_published":false},"product_brand":[],"product_cat":[206,171],"product_tag":[361,353,357,360,358],"class_list":{"0":"post-358037","1":"product","2":"type-product","3":"status-publish","4":"has-post-thumbnail","6":"product_cat-fathers-day","7":"product_cat-gifts","8":"product_tag-dia-del-padre-2024","9":"product_tag-fathers-day-2024","10":"product_tag-regalos-dia-del-padre","11":"product_tag-regalos-originales-dia-del-padre","12":"product_tag-regalos-para-el-dia-del-padre","14":"first","15":"instock","16":"taxable","17":"shipping-taxable","18":"purchasable","19":"product-type-simple"},"yoast_head":"<!-- This site is optimized with the Yoast SEO plugin v27.4 - https:\/\/yoast.com\/product\/yoast-seo-wordpress\/ -->\n<title>Termo Para Pap\u00e1 &quot;Dad, The Man, The Myth...&quot;, Skinny Tumbler with Straw, 20oz - Chica Maravilla<\/title>\n<meta name=\"robots\" content=\"index, follow, max-snippet:-1, max-image-preview:large, max-video-preview:-1\" \/>\n<link rel=\"canonical\" href=\"https:\/\/chicamaravilla.com\/es\/producto\/termo-personalizado-dad-the-man-the-myth-skinny-tumbler-with-straw-20oz\/\" \/>\n<meta property=\"og:locale\" content=\"es_MX\" \/>\n<meta property=\"og:type\" content=\"article\" \/>\n<meta property=\"og:title\" content=\"Termo Para Pap\u00e1 &quot;Dad, The Man, The Myth...&quot;, Skinny Tumbler with Straw, 20oz - Chica Maravilla\" \/>\n<meta property=\"og:description\" content=\"Elevate Dad&#8217;s sipping experience with our personalized Skinny Tumbler, a thoughtful gift that keeps drinks hot for 12 hours and cold for 24. Crafted with&hellip;\" \/>\n<meta property=\"og:url\" content=\"https:\/\/chicamaravilla.com\/es\/producto\/termo-personalizado-dad-the-man-the-myth-skinny-tumbler-with-straw-20oz\/\" \/>\n<meta property=\"og:site_name\" content=\"Chica Maravilla\" \/>\n<meta property=\"article:modified_time\" content=\"2026-04-16T06:37:45+00:00\" \/>\n<meta property=\"og:image\" content=\"https:\/\/chicamaravilla.com\/wp-content\/uploads\/2025\/03\/16959611800949784422_2048_custom.jpeg\" \/>\n\t<meta property=\"og:image:width\" content=\"1600\" \/>\n\t<meta property=\"og:image:height\" content=\"1600\" \/>\n\t<meta property=\"og:image:type\" content=\"image\/jpeg\" \/>\n<meta name=\"twitter:card\" content=\"summary_large_image\" \/>\n<meta name=\"twitter:label1\" content=\"Tiempo de lectura\" \/>\n\t<meta name=\"twitter:data1\" content=\"1 minuto\" \/>\n<script type=\"application\/ld+json\" class=\"yoast-schema-graph\">{\"@context\":\"https:\\\/\\\/schema.org\",\"@graph\":[{\"@type\":\"WebPage\",\"@id\":\"https:\\\/\\\/chicamaravilla.com\\\/product\\\/termo-personalizado-dad-the-man-the-myth-skinny-tumbler-with-straw-20oz\\\/\",\"url\":\"https:\\\/\\\/chicamaravilla.com\\\/product\\\/termo-personalizado-dad-the-man-the-myth-skinny-tumbler-with-straw-20oz\\\/\",\"name\":\"Termo Para Pap\u00e1 \\\"Dad, The Man, The Myth...\\\", Skinny Tumbler with Straw, 20oz - Chica Maravilla\",\"isPartOf\":{\"@id\":\"https:\\\/\\\/chicamaravilla.com\\\/#website\"},\"primaryImageOfPage\":{\"@id\":\"https:\\\/\\\/chicamaravilla.com\\\/product\\\/termo-personalizado-dad-the-man-the-myth-skinny-tumbler-with-straw-20oz\\\/#primaryimage\"},\"image\":{\"@id\":\"https:\\\/\\\/chicamaravilla.com\\\/product\\\/termo-personalizado-dad-the-man-the-myth-skinny-tumbler-with-straw-20oz\\\/#primaryimage\"},\"thumbnailUrl\":\"https:\\\/\\\/chicamaravilla.com\\\/wp-content\\\/uploads\\\/2025\\\/03\\\/16959611800949784422_2048_custom.jpeg\",\"datePublished\":\"2024-06-07T04:05:12+00:00\",\"dateModified\":\"2026-04-16T06:37:45+00:00\",\"breadcrumb\":{\"@id\":\"https:\\\/\\\/chicamaravilla.com\\\/product\\\/termo-personalizado-dad-the-man-the-myth-skinny-tumbler-with-straw-20oz\\\/#breadcrumb\"},\"inLanguage\":\"es\",\"potentialAction\":[{\"@type\":\"ReadAction\",\"target\":[\"https:\\\/\\\/chicamaravilla.com\\\/product\\\/termo-personalizado-dad-the-man-the-myth-skinny-tumbler-with-straw-20oz\\\/\"]}]},{\"@type\":\"ImageObject\",\"inLanguage\":\"es\",\"@id\":\"https:\\\/\\\/chicamaravilla.com\\\/product\\\/termo-personalizado-dad-the-man-the-myth-skinny-tumbler-with-straw-20oz\\\/#primaryimage\",\"url\":\"https:\\\/\\\/chicamaravilla.com\\\/wp-content\\\/uploads\\\/2025\\\/03\\\/16959611800949784422_2048_custom.jpeg\",\"contentUrl\":\"https:\\\/\\\/chicamaravilla.com\\\/wp-content\\\/uploads\\\/2025\\\/03\\\/16959611800949784422_2048_custom.jpeg\",\"width\":1600,\"height\":1600},{\"@type\":\"BreadcrumbList\",\"@id\":\"https:\\\/\\\/chicamaravilla.com\\\/product\\\/termo-personalizado-dad-the-man-the-myth-skinny-tumbler-with-straw-20oz\\\/#breadcrumb\",\"itemListElement\":[{\"@type\":\"ListItem\",\"position\":1,\"name\":\"Home\",\"item\":\"https:\\\/\\\/chicamaravilla.com\\\/\"},{\"@type\":\"ListItem\",\"position\":2,\"name\":\"Shop\",\"item\":\"https:\\\/\\\/chicamaravilla.com\\\/shop\\\/\"},{\"@type\":\"ListItem\",\"position\":3,\"name\":\"Termo Para Pap\u00e1 &#8220;Dad, The Man, The Myth&#8230;&#8221;, Skinny Tumbler with Straw, 20oz\"}]},{\"@type\":\"WebSite\",\"@id\":\"https:\\\/\\\/chicamaravilla.com\\\/#website\",\"url\":\"https:\\\/\\\/chicamaravilla.com\\\/\",\"name\":\"Chica Maravilla Online\",\"description\":\"Contenido, media y servicios biling\u00fces para crecer y avanzar.\",\"publisher\":{\"@id\":\"https:\\\/\\\/chicamaravilla.com\\\/#\\\/schema\\\/person\\\/34cc3c3eb9856b9ce12cc9d524c2e0a0\"},\"alternateName\":\"CMO\",\"potentialAction\":[{\"@type\":\"SearchAction\",\"target\":{\"@type\":\"EntryPoint\",\"urlTemplate\":\"https:\\\/\\\/chicamaravilla.com\\\/?s={search_term_string}\"},\"query-input\":{\"@type\":\"PropertyValueSpecification\",\"valueRequired\":true,\"valueName\":\"search_term_string\"}}],\"inLanguage\":\"es\"},{\"@type\":[\"Person\",\"Organization\"],\"@id\":\"https:\\\/\\\/chicamaravilla.com\\\/#\\\/schema\\\/person\\\/34cc3c3eb9856b9ce12cc9d524c2e0a0\",\"name\":\"Chica Maravilla\",\"image\":{\"@type\":\"ImageObject\",\"inLanguage\":\"es\",\"@id\":\"https:\\\/\\\/chicamaravilla.com\\\/wp-content\\\/uploads\\\/2020\\\/07\\\/cropped-2000x2000-CMOnline-Logo-30k_.png\",\"url\":\"https:\\\/\\\/chicamaravilla.com\\\/wp-content\\\/uploads\\\/2020\\\/07\\\/cropped-2000x2000-CMOnline-Logo-30k_.png\",\"contentUrl\":\"https:\\\/\\\/chicamaravilla.com\\\/wp-content\\\/uploads\\\/2020\\\/07\\\/cropped-2000x2000-CMOnline-Logo-30k_.png\",\"width\":1800,\"height\":440,\"caption\":\"Chica Maravilla\"},\"logo\":{\"@id\":\"https:\\\/\\\/chicamaravilla.com\\\/wp-content\\\/uploads\\\/2020\\\/07\\\/cropped-2000x2000-CMOnline-Logo-30k_.png\"},\"sameAs\":[\"http:\\\/\\\/chicamaravilla.com\"]}]}<\/script>\n<!-- \/ Yoast SEO plugin. -->","yoast_head_json":{"title":"Termo Para Pap\u00e1 \"Dad, The Man, The Myth...\", Skinny Tumbler with Straw, 20oz - Chica Maravilla","robots":{"index":"index","follow":"follow","max-snippet":"max-snippet:-1","max-image-preview":"max-image-preview:large","max-video-preview":"max-video-preview:-1"},"canonical":"https:\/\/chicamaravilla.com\/es\/producto\/termo-personalizado-dad-the-man-the-myth-skinny-tumbler-with-straw-20oz\/","og_locale":"es_MX","og_type":"article","og_title":"Termo Para Pap\u00e1 \"Dad, The Man, The Myth...\", Skinny Tumbler with Straw, 20oz - Chica Maravilla","og_description":"Elevate Dad&#8217;s sipping experience with our personalized Skinny Tumbler, a thoughtful gift that keeps drinks hot for 12 hours and cold for 24. Crafted with&hellip;","og_url":"https:\/\/chicamaravilla.com\/es\/producto\/termo-personalizado-dad-the-man-the-myth-skinny-tumbler-with-straw-20oz\/","og_site_name":"Chica Maravilla","article_modified_time":"2026-04-16T06:37:45+00:00","og_image":[{"width":1600,"height":1600,"url":"https:\/\/chicamaravilla.com\/wp-content\/uploads\/2025\/03\/16959611800949784422_2048_custom.jpeg","type":"image\/jpeg"}],"twitter_card":"summary_large_image","twitter_misc":{"Tiempo de lectura":"1 minuto"},"schema":{"@context":"https:\/\/schema.org","@graph":[{"@type":"WebPage","@id":"https:\/\/chicamaravilla.com\/product\/termo-personalizado-dad-the-man-the-myth-skinny-tumbler-with-straw-20oz\/","url":"https:\/\/chicamaravilla.com\/product\/termo-personalizado-dad-the-man-the-myth-skinny-tumbler-with-straw-20oz\/","name":"Termo Para Pap\u00e1 \"Dad, The Man, The Myth...\", Skinny Tumbler with Straw, 20oz - Chica Maravilla","isPartOf":{"@id":"https:\/\/chicamaravilla.com\/#website"},"primaryImageOfPage":{"@id":"https:\/\/chicamaravilla.com\/product\/termo-personalizado-dad-the-man-the-myth-skinny-tumbler-with-straw-20oz\/#primaryimage"},"image":{"@id":"https:\/\/chicamaravilla.com\/product\/termo-personalizado-dad-the-man-the-myth-skinny-tumbler-with-straw-20oz\/#primaryimage"},"thumbnailUrl":"https:\/\/chicamaravilla.com\/wp-content\/uploads\/2025\/03\/16959611800949784422_2048_custom.jpeg","datePublished":"2024-06-07T04:05:12+00:00","dateModified":"2026-04-16T06:37:45+00:00","breadcrumb":{"@id":"https:\/\/chicamaravilla.com\/product\/termo-personalizado-dad-the-man-the-myth-skinny-tumbler-with-straw-20oz\/#breadcrumb"},"inLanguage":"es","potentialAction":[{"@type":"ReadAction","target":["https:\/\/chicamaravilla.com\/product\/termo-personalizado-dad-the-man-the-myth-skinny-tumbler-with-straw-20oz\/"]}]},{"@type":"ImageObject","inLanguage":"es","@id":"https:\/\/chicamaravilla.com\/product\/termo-personalizado-dad-the-man-the-myth-skinny-tumbler-with-straw-20oz\/#primaryimage","url":"https:\/\/chicamaravilla.com\/wp-content\/uploads\/2025\/03\/16959611800949784422_2048_custom.jpeg","contentUrl":"https:\/\/chicamaravilla.com\/wp-content\/uploads\/2025\/03\/16959611800949784422_2048_custom.jpeg","width":1600,"height":1600},{"@type":"BreadcrumbList","@id":"https:\/\/chicamaravilla.com\/product\/termo-personalizado-dad-the-man-the-myth-skinny-tumbler-with-straw-20oz\/#breadcrumb","itemListElement":[{"@type":"ListItem","position":1,"name":"Home","item":"https:\/\/chicamaravilla.com\/"},{"@type":"ListItem","position":2,"name":"Shop","item":"https:\/\/chicamaravilla.com\/shop\/"},{"@type":"ListItem","position":3,"name":"Termo Para Pap\u00e1 &#8220;Dad, The Man, The Myth&#8230;&#8221;, Skinny Tumbler with Straw, 20oz"}]},{"@type":"WebSite","@id":"https:\/\/chicamaravilla.com\/#website","url":"https:\/\/chicamaravilla.com\/","name":"Chica Maravilla Online","description":"Contenido, media y servicios biling\u00fces para crecer y avanzar.","publisher":{"@id":"https:\/\/chicamaravilla.com\/#\/schema\/person\/34cc3c3eb9856b9ce12cc9d524c2e0a0"},"alternateName":"CMO","potentialAction":[{"@type":"SearchAction","target":{"@type":"EntryPoint","urlTemplate":"https:\/\/chicamaravilla.com\/?s={search_term_string}"},"query-input":{"@type":"PropertyValueSpecification","valueRequired":true,"valueName":"search_term_string"}}],"inLanguage":"es"},{"@type":["Person","Organization"],"@id":"https:\/\/chicamaravilla.com\/#\/schema\/person\/34cc3c3eb9856b9ce12cc9d524c2e0a0","name":"Chica Maravilla","image":{"@type":"ImageObject","inLanguage":"es","@id":"https:\/\/chicamaravilla.com\/wp-content\/uploads\/2020\/07\/cropped-2000x2000-CMOnline-Logo-30k_.png","url":"https:\/\/chicamaravilla.com\/wp-content\/uploads\/2020\/07\/cropped-2000x2000-CMOnline-Logo-30k_.png","contentUrl":"https:\/\/chicamaravilla.com\/wp-content\/uploads\/2020\/07\/cropped-2000x2000-CMOnline-Logo-30k_.png","width":1800,"height":440,"caption":"Chica Maravilla"},"logo":{"@id":"https:\/\/chicamaravilla.com\/wp-content\/uploads\/2020\/07\/cropped-2000x2000-CMOnline-Logo-30k_.png"},"sameAs":["http:\/\/chicamaravilla.com"]}]}},"jetpack_sharing_enabled":true,"jetpack_likes_enabled":true,"_links":{"self":[{"href":"https:\/\/chicamaravilla.com\/es\/wp-json\/wp\/v2\/product\/358037","targetHints":{"allow":["GET"]}}],"collection":[{"href":"https:\/\/chicamaravilla.com\/es\/wp-json\/wp\/v2\/product"}],"about":[{"href":"https:\/\/chicamaravilla.com\/es\/wp-json\/wp\/v2\/types\/product"}],"replies":[{"embeddable":true,"href":"https:\/\/chicamaravilla.com\/es\/wp-json\/wp\/v2\/comments?post=358037"}],"version-history":[{"count":5,"href":"https:\/\/chicamaravilla.com\/es\/wp-json\/wp\/v2\/product\/358037\/revisions"}],"predecessor-version":[{"id":481750,"href":"https:\/\/chicamaravilla.com\/es\/wp-json\/wp\/v2\/product\/358037\/revisions\/481750"}],"wp:featuredmedia":[{"embeddable":true,"href":"https:\/\/chicamaravilla.com\/es\/wp-json\/wp\/v2\/media\/416102"}],"wp:attachment":[{"href":"https:\/\/chicamaravilla.com\/es\/wp-json\/wp\/v2\/media?parent=358037"}],"wp:term":[{"taxonomy":"product_brand","embeddable":true,"href":"https:\/\/chicamaravilla.com\/es\/wp-json\/wp\/v2\/product_brand?post=358037"},{"taxonomy":"product_cat","embeddable":true,"href":"https:\/\/chicamaravilla.com\/es\/wp-json\/wp\/v2\/product_cat?post=358037"},{"taxonomy":"product_tag","embeddable":true,"href":"https:\/\/chicamaravilla.com\/es\/wp-json\/wp\/v2\/product_tag?post=358037"}],"curies":[{"name":"wp","href":"https:\/\/api.w.org\/{rel}","templated":true}]}}