{"id":344371,"date":"2024-05-08T18:21:01","date_gmt":"2024-05-08T23:21:01","guid":{"rendered":"https:\/\/chicamaravilla.com\/product\/ceramic-mug-15oz\/"},"modified":"2024-08-14T23:05:27","modified_gmt":"2024-08-15T04:05:27","slug":"ceramic-mug-15oz","status":"publish","type":"product","link":"https:\/\/chicamaravilla.com\/es\/producto\/ceramic-mug-15oz\/","title":{"rendered":"Taza: Mam\u00e1 es la Reina de la Casa, 11oz\/15 oz, #M24G-021"},"content":{"rendered":"<p>Taza: Mam\u00e1 es la Reina de la Casa, 11oz\/15 oz, #M24G-021<\/p>\n<p>Warm-up with a nice cuppa out of this beautiful ceramic coffee mug.\u00a0 It\u2019s BPA and Lead-free, microwave &amp; dishwasher-safe, and made of white, durable ceramic in 11-ounce and 15-ounce sizes. Thanks to the advanced printing tech, your designs come to life with incredibly vivid colors \u2013 the perfect gift for coffee, tea, and chocolate lovers.<\/p>\n<p>.: These mugs are made with durable white ceramic so that your prints can stand out.<br \/>\n.: Available in two sizes: 11oz (0.33 l) and 15oz (0.44 l)<br \/>\n.: All mugs feature a comfortable C-handle and a shiny finish so that they&#8217;re both easy to use and great to look at.<br \/>\n.: Drink confidently on a daily basis as all mugs are lead and BPA-free.<\/p>\n<p>&nbsp;<\/p>\n<p>Regalo Para Mam\u00e1 | D\u00eda de las Madres | Regalo Personalizado | Regalos Impresos | Taza Para Mam\u00e1 || Mug | Drink Mug | Mug Gift |\u00a0 Gift For Mom | Motivation | Mothers Day Gift | Personalized Gift | Customized Gift<\/p>\n<p>&nbsp;<\/p>","protected":false},"excerpt":{"rendered":"<p>Taza Para Mam\u00e1 &#8220;Mam\u00e1 es la Reina de la Casa&#8221;<\/p>\n<p>Mug for Mom &#8220;Mom is the Queen of this House&#8221;<\/p>","protected":false},"featured_media":344373,"comment_status":"open","ping_status":"closed","template":"","meta":{"jetpack_post_was_ever_published":false},"product_brand":[],"product_cat":[207,364,171,161,320],"product_tag":[312,209,334,182,341,343,344],"class_list":{"0":"post-344371","1":"product","2":"type-product","3":"status-publish","4":"has-post-thumbnail","6":"product_cat-coffee","7":"product_cat-drinkware","8":"product_cat-gifts","9":"product_cat-home-garden","10":"product_cat-mothers-day","11":"product_tag-dia-de-las-madres","12":"product_tag-gift","13":"product_tag-gift-for-mom","14":"product_tag-Mug","15":"product_tag-regalo-para-mama","16":"product_tag-regalos-impresos","17":"product_tag-taza-para-mama","19":"first","20":"instock","21":"taxable","22":"shipping-taxable","23":"purchasable","24":"product-type-variable","25":"has-default-attributes"},"yoast_head":"<!-- This site is optimized with the Yoast SEO plugin v27.4 - https:\/\/yoast.com\/product\/yoast-seo-wordpress\/ -->\n<title>Taza: Mam\u00e1 es la Reina de la Casa, 11oz\/15 oz<\/title>\n<meta name=\"description\" content=\"No tiene que ser el d\u00eda de las Madres para regalarle algo a mam\u00e1 - sorprendela por un regalo espontaneo simplemente por ser ella, una taza para ella sola.\" \/>\n<meta name=\"robots\" content=\"index, follow, max-snippet:-1, max-image-preview:large, max-video-preview:-1\" \/>\n<link rel=\"canonical\" href=\"https:\/\/chicamaravilla.com\/es\/producto\/ceramic-mug-15oz\/\" \/>\n<meta property=\"og:locale\" content=\"es_MX\" \/>\n<meta property=\"og:type\" content=\"article\" \/>\n<meta property=\"og:title\" content=\"Taza: Mam\u00e1 es la Reina de la Casa, 11oz\/15 oz\" \/>\n<meta property=\"og:description\" content=\"No tiene que ser el d\u00eda de las Madres para regalarle algo a mam\u00e1 - sorprendela por un regalo espontaneo simplemente por ser ella, una taza para ella sola.\" \/>\n<meta property=\"og:url\" content=\"https:\/\/chicamaravilla.com\/es\/producto\/ceramic-mug-15oz\/\" \/>\n<meta property=\"og:site_name\" content=\"Chica Maravilla\" \/>\n<meta property=\"article:modified_time\" content=\"2024-08-15T04:05:27+00:00\" \/>\n<meta property=\"og:image\" content=\"https:\/\/chicamaravilla.com\/wp-content\/uploads\/2024\/05\/104692-25.jpg\" \/>\n\t<meta property=\"og:image:width\" content=\"1200\" \/>\n\t<meta property=\"og:image:height\" content=\"1200\" \/>\n\t<meta property=\"og:image:type\" content=\"image\/jpeg\" \/>\n<meta name=\"twitter:card\" content=\"summary_large_image\" \/>\n<meta name=\"twitter:label1\" content=\"Tiempo de lectura\" \/>\n\t<meta name=\"twitter:data1\" content=\"1 minuto\" \/>\n<script type=\"application\/ld+json\" class=\"yoast-schema-graph\">{\"@context\":\"https:\\\/\\\/schema.org\",\"@graph\":[{\"@type\":\"WebPage\",\"@id\":\"https:\\\/\\\/chicamaravilla.com\\\/product\\\/ceramic-mug-15oz\\\/\",\"url\":\"https:\\\/\\\/chicamaravilla.com\\\/product\\\/ceramic-mug-15oz\\\/\",\"name\":\"Taza: Mam\u00e1 es la Reina de la Casa, 11oz\\\/15 oz\",\"isPartOf\":{\"@id\":\"https:\\\/\\\/chicamaravilla.com\\\/#website\"},\"primaryImageOfPage\":{\"@id\":\"https:\\\/\\\/chicamaravilla.com\\\/product\\\/ceramic-mug-15oz\\\/#primaryimage\"},\"image\":{\"@id\":\"https:\\\/\\\/chicamaravilla.com\\\/product\\\/ceramic-mug-15oz\\\/#primaryimage\"},\"thumbnailUrl\":\"https:\\\/\\\/chicamaravilla.com\\\/wp-content\\\/uploads\\\/2024\\\/05\\\/104692-25.jpg\",\"datePublished\":\"2024-05-08T23:21:01+00:00\",\"dateModified\":\"2024-08-15T04:05:27+00:00\",\"description\":\"No tiene que ser el d\u00eda de las Madres para regalarle algo a mam\u00e1 - sorprendela por un regalo espontaneo simplemente por ser ella, una taza para ella sola.\",\"breadcrumb\":{\"@id\":\"https:\\\/\\\/chicamaravilla.com\\\/product\\\/ceramic-mug-15oz\\\/#breadcrumb\"},\"inLanguage\":\"es\",\"potentialAction\":[{\"@type\":\"ReadAction\",\"target\":[\"https:\\\/\\\/chicamaravilla.com\\\/product\\\/ceramic-mug-15oz\\\/\"]}]},{\"@type\":\"ImageObject\",\"inLanguage\":\"es\",\"@id\":\"https:\\\/\\\/chicamaravilla.com\\\/product\\\/ceramic-mug-15oz\\\/#primaryimage\",\"url\":\"https:\\\/\\\/chicamaravilla.com\\\/wp-content\\\/uploads\\\/2024\\\/05\\\/104692-25.jpg\",\"contentUrl\":\"https:\\\/\\\/chicamaravilla.com\\\/wp-content\\\/uploads\\\/2024\\\/05\\\/104692-25.jpg\",\"width\":1200,\"height\":1200},{\"@type\":\"BreadcrumbList\",\"@id\":\"https:\\\/\\\/chicamaravilla.com\\\/product\\\/ceramic-mug-15oz\\\/#breadcrumb\",\"itemListElement\":[{\"@type\":\"ListItem\",\"position\":1,\"name\":\"Home\",\"item\":\"https:\\\/\\\/chicamaravilla.com\\\/\"},{\"@type\":\"ListItem\",\"position\":2,\"name\":\"Shop\",\"item\":\"https:\\\/\\\/chicamaravilla.com\\\/shop\\\/\"},{\"@type\":\"ListItem\",\"position\":3,\"name\":\"Taza: Mam\u00e1 es la Reina de la Casa, 11oz\\\/15 oz, #M24G-021\"}]},{\"@type\":\"WebSite\",\"@id\":\"https:\\\/\\\/chicamaravilla.com\\\/#website\",\"url\":\"https:\\\/\\\/chicamaravilla.com\\\/\",\"name\":\"Chica Maravilla Online\",\"description\":\"Contenido, media y servicios biling\u00fces para crecer y avanzar.\",\"publisher\":{\"@id\":\"https:\\\/\\\/chicamaravilla.com\\\/#\\\/schema\\\/person\\\/34cc3c3eb9856b9ce12cc9d524c2e0a0\"},\"alternateName\":\"CMO\",\"potentialAction\":[{\"@type\":\"SearchAction\",\"target\":{\"@type\":\"EntryPoint\",\"urlTemplate\":\"https:\\\/\\\/chicamaravilla.com\\\/?s={search_term_string}\"},\"query-input\":{\"@type\":\"PropertyValueSpecification\",\"valueRequired\":true,\"valueName\":\"search_term_string\"}}],\"inLanguage\":\"es\"},{\"@type\":[\"Person\",\"Organization\"],\"@id\":\"https:\\\/\\\/chicamaravilla.com\\\/#\\\/schema\\\/person\\\/34cc3c3eb9856b9ce12cc9d524c2e0a0\",\"name\":\"Chica Maravilla\",\"image\":{\"@type\":\"ImageObject\",\"inLanguage\":\"es\",\"@id\":\"https:\\\/\\\/chicamaravilla.com\\\/wp-content\\\/uploads\\\/2020\\\/07\\\/cropped-2000x2000-CMOnline-Logo-30k_.png\",\"url\":\"https:\\\/\\\/chicamaravilla.com\\\/wp-content\\\/uploads\\\/2020\\\/07\\\/cropped-2000x2000-CMOnline-Logo-30k_.png\",\"contentUrl\":\"https:\\\/\\\/chicamaravilla.com\\\/wp-content\\\/uploads\\\/2020\\\/07\\\/cropped-2000x2000-CMOnline-Logo-30k_.png\",\"width\":1800,\"height\":440,\"caption\":\"Chica Maravilla\"},\"logo\":{\"@id\":\"https:\\\/\\\/chicamaravilla.com\\\/wp-content\\\/uploads\\\/2020\\\/07\\\/cropped-2000x2000-CMOnline-Logo-30k_.png\"},\"sameAs\":[\"http:\\\/\\\/chicamaravilla.com\"]}]}<\/script>\n<!-- \/ Yoast SEO plugin. -->","yoast_head_json":{"title":"Taza: Mam\u00e1 es la Reina de la Casa, 11oz\/15 oz","description":"No tiene que ser el d\u00eda de las Madres para regalarle algo a mam\u00e1 - sorprendela por un regalo espontaneo simplemente por ser ella, una taza para ella sola.","robots":{"index":"index","follow":"follow","max-snippet":"max-snippet:-1","max-image-preview":"max-image-preview:large","max-video-preview":"max-video-preview:-1"},"canonical":"https:\/\/chicamaravilla.com\/es\/producto\/ceramic-mug-15oz\/","og_locale":"es_MX","og_type":"article","og_title":"Taza: Mam\u00e1 es la Reina de la Casa, 11oz\/15 oz","og_description":"No tiene que ser el d\u00eda de las Madres para regalarle algo a mam\u00e1 - sorprendela por un regalo espontaneo simplemente por ser ella, una taza para ella sola.","og_url":"https:\/\/chicamaravilla.com\/es\/producto\/ceramic-mug-15oz\/","og_site_name":"Chica Maravilla","article_modified_time":"2024-08-15T04:05:27+00:00","og_image":[{"width":1200,"height":1200,"url":"https:\/\/chicamaravilla.com\/wp-content\/uploads\/2024\/05\/104692-25.jpg","type":"image\/jpeg"}],"twitter_card":"summary_large_image","twitter_misc":{"Tiempo de lectura":"1 minuto"},"schema":{"@context":"https:\/\/schema.org","@graph":[{"@type":"WebPage","@id":"https:\/\/chicamaravilla.com\/product\/ceramic-mug-15oz\/","url":"https:\/\/chicamaravilla.com\/product\/ceramic-mug-15oz\/","name":"Taza: Mam\u00e1 es la Reina de la Casa, 11oz\/15 oz","isPartOf":{"@id":"https:\/\/chicamaravilla.com\/#website"},"primaryImageOfPage":{"@id":"https:\/\/chicamaravilla.com\/product\/ceramic-mug-15oz\/#primaryimage"},"image":{"@id":"https:\/\/chicamaravilla.com\/product\/ceramic-mug-15oz\/#primaryimage"},"thumbnailUrl":"https:\/\/chicamaravilla.com\/wp-content\/uploads\/2024\/05\/104692-25.jpg","datePublished":"2024-05-08T23:21:01+00:00","dateModified":"2024-08-15T04:05:27+00:00","description":"No tiene que ser el d\u00eda de las Madres para regalarle algo a mam\u00e1 - sorprendela por un regalo espontaneo simplemente por ser ella, una taza para ella sola.","breadcrumb":{"@id":"https:\/\/chicamaravilla.com\/product\/ceramic-mug-15oz\/#breadcrumb"},"inLanguage":"es","potentialAction":[{"@type":"ReadAction","target":["https:\/\/chicamaravilla.com\/product\/ceramic-mug-15oz\/"]}]},{"@type":"ImageObject","inLanguage":"es","@id":"https:\/\/chicamaravilla.com\/product\/ceramic-mug-15oz\/#primaryimage","url":"https:\/\/chicamaravilla.com\/wp-content\/uploads\/2024\/05\/104692-25.jpg","contentUrl":"https:\/\/chicamaravilla.com\/wp-content\/uploads\/2024\/05\/104692-25.jpg","width":1200,"height":1200},{"@type":"BreadcrumbList","@id":"https:\/\/chicamaravilla.com\/product\/ceramic-mug-15oz\/#breadcrumb","itemListElement":[{"@type":"ListItem","position":1,"name":"Home","item":"https:\/\/chicamaravilla.com\/"},{"@type":"ListItem","position":2,"name":"Shop","item":"https:\/\/chicamaravilla.com\/shop\/"},{"@type":"ListItem","position":3,"name":"Taza: Mam\u00e1 es la Reina de la Casa, 11oz\/15 oz, #M24G-021"}]},{"@type":"WebSite","@id":"https:\/\/chicamaravilla.com\/#website","url":"https:\/\/chicamaravilla.com\/","name":"Chica Maravilla Online","description":"Contenido, media y servicios biling\u00fces para crecer y avanzar.","publisher":{"@id":"https:\/\/chicamaravilla.com\/#\/schema\/person\/34cc3c3eb9856b9ce12cc9d524c2e0a0"},"alternateName":"CMO","potentialAction":[{"@type":"SearchAction","target":{"@type":"EntryPoint","urlTemplate":"https:\/\/chicamaravilla.com\/?s={search_term_string}"},"query-input":{"@type":"PropertyValueSpecification","valueRequired":true,"valueName":"search_term_string"}}],"inLanguage":"es"},{"@type":["Person","Organization"],"@id":"https:\/\/chicamaravilla.com\/#\/schema\/person\/34cc3c3eb9856b9ce12cc9d524c2e0a0","name":"Chica Maravilla","image":{"@type":"ImageObject","inLanguage":"es","@id":"https:\/\/chicamaravilla.com\/wp-content\/uploads\/2020\/07\/cropped-2000x2000-CMOnline-Logo-30k_.png","url":"https:\/\/chicamaravilla.com\/wp-content\/uploads\/2020\/07\/cropped-2000x2000-CMOnline-Logo-30k_.png","contentUrl":"https:\/\/chicamaravilla.com\/wp-content\/uploads\/2020\/07\/cropped-2000x2000-CMOnline-Logo-30k_.png","width":1800,"height":440,"caption":"Chica Maravilla"},"logo":{"@id":"https:\/\/chicamaravilla.com\/wp-content\/uploads\/2020\/07\/cropped-2000x2000-CMOnline-Logo-30k_.png"},"sameAs":["http:\/\/chicamaravilla.com"]}]}},"jetpack_sharing_enabled":true,"jetpack_likes_enabled":true,"_links":{"self":[{"href":"https:\/\/chicamaravilla.com\/es\/wp-json\/wp\/v2\/product\/344371","targetHints":{"allow":["GET"]}}],"collection":[{"href":"https:\/\/chicamaravilla.com\/es\/wp-json\/wp\/v2\/product"}],"about":[{"href":"https:\/\/chicamaravilla.com\/es\/wp-json\/wp\/v2\/types\/product"}],"replies":[{"embeddable":true,"href":"https:\/\/chicamaravilla.com\/es\/wp-json\/wp\/v2\/comments?post=344371"}],"version-history":[{"count":3,"href":"https:\/\/chicamaravilla.com\/es\/wp-json\/wp\/v2\/product\/344371\/revisions"}],"predecessor-version":[{"id":346678,"href":"https:\/\/chicamaravilla.com\/es\/wp-json\/wp\/v2\/product\/344371\/revisions\/346678"}],"wp:featuredmedia":[{"embeddable":true,"href":"https:\/\/chicamaravilla.com\/es\/wp-json\/wp\/v2\/media\/344373"}],"wp:attachment":[{"href":"https:\/\/chicamaravilla.com\/es\/wp-json\/wp\/v2\/media?parent=344371"}],"wp:term":[{"taxonomy":"product_brand","embeddable":true,"href":"https:\/\/chicamaravilla.com\/es\/wp-json\/wp\/v2\/product_brand?post=344371"},{"taxonomy":"product_cat","embeddable":true,"href":"https:\/\/chicamaravilla.com\/es\/wp-json\/wp\/v2\/product_cat?post=344371"},{"taxonomy":"product_tag","embeddable":true,"href":"https:\/\/chicamaravilla.com\/es\/wp-json\/wp\/v2\/product_tag?post=344371"}],"curies":[{"name":"wp","href":"https:\/\/api.w.org\/{rel}","templated":true}]}}