{"id":339503,"date":"2024-05-01T02:23:46","date_gmt":"2024-05-01T07:23:46","guid":{"rendered":"https:\/\/chicamaravilla.com\/product\/personalized-mom-initial-with-image-and-name-113-accent-coffee-mug-11oz\/"},"modified":"2026-02-23T10:48:32","modified_gmt":"2026-02-23T16:48:32","slug":"personalized-mom-initial-with-image-and-name-113-accent-coffee-mug-11oz","status":"publish","type":"product","link":"https:\/\/chicamaravilla.com\/es\/producto\/personalized-mom-initial-with-image-and-name-113-accent-coffee-mug-11oz\/","title":{"rendered":"Personalized &#8220;Mom Initial&#8221; with Image and Name, #113, Accent Coffee Mug, 11oz"},"content":{"rendered":"<p><span style=\"color: #0d0d0d; hne, ui-sans-serif, system-ui, -apple-system, 'segoe ui', roboto, ubuntu, cantarell, 'noto sans', sans-serif, 'helvetica neue', arial, 'apple color emoji', 'segoe ui emoji', 'segoe ui symbol', 'noto color emoji';font-size: 16px; background-color: #ffffff;\">Indulge in your daily dose of joy with our durable white ceramic mug. With a comfortable C-handle and shiny finish, it&#8217;s both practical and visually appealing. Rest easy knowing it&#8217;s lead and BPA-free, making it the perfect choice for your favorite beverages. <\/span><\/p>\n<p><span style=\"color: #0d0d0d; hne, ui-sans-serif, system-ui, -apple-system, 'segoe ui', roboto, ubuntu, cantarell, 'noto sans', sans-serif, 'helvetica neue', arial, 'apple color emoji', 'segoe ui emoji', 'segoe ui symbol', 'noto color emoji';font-size: 16px; background-color: #ffffff;\">#Mug #DrinkMug #MugGift #GiftForMom #Motivation<\/span><\/p>\n<p>&nbsp;<\/p>\n<p><span style=\"color: #0d0d0d; hne, ui-sans-serif, system-ui, -apple-system, 'segoe ui', roboto, ubuntu, cantarell, 'noto sans', sans-serif, 'helvetica neue', arial, 'apple color emoji', 'segoe ui emoji', 'segoe ui symbol', 'noto color emoji';font-size: 16px; background-color: #ffffff;\">Disfruta de tu dosis diaria de alegr\u00eda con nuestra taza de cer\u00e1mica blanca duradera. Con un c\u00f3modo asa en forma de C y un acabado brillante, es pr\u00e1ctica y visualmente atractiva. Descansa tranquilo sabiendo que es libre de plomo y BPA, \u00a1la elecci\u00f3n perfecta para tus bebidas favoritas!<\/span><\/p>\n<p><span style=\"color: #0d0d0d; hne, ui-sans-serif, system-ui, -apple-system, 'segoe ui', roboto, ubuntu, cantarell, 'noto sans', sans-serif, 'helvetica neue', arial, 'apple color emoji', 'segoe ui emoji', 'segoe ui symbol', 'noto color emoji';font-size: 16px; background-color: #ffffff;\">#Regalo #Taza #Motivaci\u00f3n #Gift<\/span><\/p>","protected":false},"excerpt":{"rendered":"<p>Indulge in your daily dose of joy with our durable white ceramic mug. With a comfortable C-handle and shiny finish, it&#8217;s both practical and visually&hellip; <\/p>","protected":false},"featured_media":384527,"comment_status":"open","ping_status":"closed","template":"","meta":{"jetpack_post_was_ever_published":false},"product_brand":[],"product_cat":[207,340,364,171,161,320,338,339],"product_tag":[260,312,334,318,182,325,261,341,342,343,344],"class_list":{"0":"post-339503","1":"product","2":"type-product","3":"status-publish","4":"has-post-thumbnail","6":"product_cat-coffee","7":"product_cat-customized","8":"product_cat-drinkware","9":"product_cat-gifts","10":"product_cat-home-garden","11":"product_cat-mothers-day","12":"product_cat-personalizado","13":"product_cat-personalized","14":"product_tag-customized","15":"product_tag-dia-de-las-madres","16":"product_tag-gift-for-mom","17":"product_tag-mothers-day-gift","18":"product_tag-Mug","19":"product_tag-mug-gift","20":"product_tag-personalized","21":"product_tag-regalo-para-mama","22":"product_tag-regalo-personalizado","23":"product_tag-regalos-impresos","24":"product_tag-taza-para-mama","25":"wcpa_has_options","27":"first","28":"instock","29":"taxable","30":"shipping-taxable","31":"purchasable","32":"product-type-variable","33":"has-default-attributes"},"yoast_head":"<!-- This site is optimized with the Yoast SEO plugin v27.4 - https:\/\/yoast.com\/product\/yoast-seo-wordpress\/ -->\n<title>Mug for Mom, Personalized with Initial and Image<\/title>\n<meta name=\"description\" content=\"Mug for Mom, the perfect gift, customized with Mom&#039;s name and picture | Taza para Mam\u00e1, el regalo perfecto personalizado con la inicial, nombre y foto.\" \/>\n<meta name=\"robots\" content=\"index, follow, max-snippet:-1, max-image-preview:large, max-video-preview:-1\" \/>\n<link rel=\"canonical\" href=\"https:\/\/chicamaravilla.com\/es\/producto\/personalized-mom-initial-with-image-and-name-113-accent-coffee-mug-11oz\/\" \/>\n<meta property=\"og:locale\" content=\"es_MX\" \/>\n<meta property=\"og:type\" content=\"article\" \/>\n<meta property=\"og:title\" content=\"Mug for Mom, Personalized with Initial and Image\" \/>\n<meta property=\"og:description\" content=\"Mug for Mom, the perfect gift, customized with Mom&#039;s name and picture | Taza para Mam\u00e1, el regalo perfecto personalizado con la inicial, nombre y foto.\" \/>\n<meta property=\"og:url\" content=\"https:\/\/chicamaravilla.com\/es\/producto\/personalized-mom-initial-with-image-and-name-113-accent-coffee-mug-11oz\/\" \/>\n<meta property=\"og:site_name\" content=\"Chica Maravilla\" \/>\n<meta property=\"article:modified_time\" content=\"2026-02-23T16:48:32+00:00\" \/>\n<meta property=\"og:image\" content=\"https:\/\/chicamaravilla.com\/wp-content\/uploads\/2024\/09\/11075406873857298057_2048.jpeg\" \/>\n\t<meta property=\"og:image:width\" content=\"1600\" \/>\n\t<meta property=\"og:image:height\" content=\"1600\" \/>\n\t<meta property=\"og:image:type\" content=\"image\/jpeg\" \/>\n<meta name=\"twitter:card\" content=\"summary_large_image\" \/>\n<meta name=\"twitter:label1\" content=\"Tiempo de lectura\" \/>\n\t<meta name=\"twitter:data1\" content=\"1 minuto\" \/>\n<script type=\"application\/ld+json\" class=\"yoast-schema-graph\">{\"@context\":\"https:\\\/\\\/schema.org\",\"@graph\":[{\"@type\":\"WebPage\",\"@id\":\"https:\\\/\\\/chicamaravilla.com\\\/product\\\/personalized-mom-initial-with-image-and-name-113-accent-coffee-mug-11oz\\\/\",\"url\":\"https:\\\/\\\/chicamaravilla.com\\\/product\\\/personalized-mom-initial-with-image-and-name-113-accent-coffee-mug-11oz\\\/\",\"name\":\"Mug for Mom, Personalized with Initial and Image\",\"isPartOf\":{\"@id\":\"https:\\\/\\\/chicamaravilla.com\\\/#website\"},\"primaryImageOfPage\":{\"@id\":\"https:\\\/\\\/chicamaravilla.com\\\/product\\\/personalized-mom-initial-with-image-and-name-113-accent-coffee-mug-11oz\\\/#primaryimage\"},\"image\":{\"@id\":\"https:\\\/\\\/chicamaravilla.com\\\/product\\\/personalized-mom-initial-with-image-and-name-113-accent-coffee-mug-11oz\\\/#primaryimage\"},\"thumbnailUrl\":\"https:\\\/\\\/chicamaravilla.com\\\/wp-content\\\/uploads\\\/2024\\\/09\\\/11075406873857298057_2048.jpeg\",\"datePublished\":\"2024-05-01T07:23:46+00:00\",\"dateModified\":\"2026-02-23T16:48:32+00:00\",\"description\":\"Mug for Mom, the perfect gift, customized with Mom's name and picture | Taza para Mam\u00e1, el regalo perfecto personalizado con la inicial, nombre y foto.\",\"breadcrumb\":{\"@id\":\"https:\\\/\\\/chicamaravilla.com\\\/product\\\/personalized-mom-initial-with-image-and-name-113-accent-coffee-mug-11oz\\\/#breadcrumb\"},\"inLanguage\":\"es\",\"potentialAction\":[{\"@type\":\"ReadAction\",\"target\":[\"https:\\\/\\\/chicamaravilla.com\\\/product\\\/personalized-mom-initial-with-image-and-name-113-accent-coffee-mug-11oz\\\/\"]}]},{\"@type\":\"ImageObject\",\"inLanguage\":\"es\",\"@id\":\"https:\\\/\\\/chicamaravilla.com\\\/product\\\/personalized-mom-initial-with-image-and-name-113-accent-coffee-mug-11oz\\\/#primaryimage\",\"url\":\"https:\\\/\\\/chicamaravilla.com\\\/wp-content\\\/uploads\\\/2024\\\/09\\\/11075406873857298057_2048.jpeg\",\"contentUrl\":\"https:\\\/\\\/chicamaravilla.com\\\/wp-content\\\/uploads\\\/2024\\\/09\\\/11075406873857298057_2048.jpeg\",\"width\":1600,\"height\":1600},{\"@type\":\"BreadcrumbList\",\"@id\":\"https:\\\/\\\/chicamaravilla.com\\\/product\\\/personalized-mom-initial-with-image-and-name-113-accent-coffee-mug-11oz\\\/#breadcrumb\",\"itemListElement\":[{\"@type\":\"ListItem\",\"position\":1,\"name\":\"Home\",\"item\":\"https:\\\/\\\/chicamaravilla.com\\\/\"},{\"@type\":\"ListItem\",\"position\":2,\"name\":\"Shop\",\"item\":\"https:\\\/\\\/chicamaravilla.com\\\/shop\\\/\"},{\"@type\":\"ListItem\",\"position\":3,\"name\":\"Personalized &#8220;Mom Initial&#8221; with Image and Name, #113, Accent Coffee Mug, 11oz\"}]},{\"@type\":\"WebSite\",\"@id\":\"https:\\\/\\\/chicamaravilla.com\\\/#website\",\"url\":\"https:\\\/\\\/chicamaravilla.com\\\/\",\"name\":\"Chica Maravilla Online\",\"description\":\"Contenido, media y servicios biling\u00fces para crecer y avanzar.\",\"publisher\":{\"@id\":\"https:\\\/\\\/chicamaravilla.com\\\/#\\\/schema\\\/person\\\/34cc3c3eb9856b9ce12cc9d524c2e0a0\"},\"alternateName\":\"CMO\",\"potentialAction\":[{\"@type\":\"SearchAction\",\"target\":{\"@type\":\"EntryPoint\",\"urlTemplate\":\"https:\\\/\\\/chicamaravilla.com\\\/?s={search_term_string}\"},\"query-input\":{\"@type\":\"PropertyValueSpecification\",\"valueRequired\":true,\"valueName\":\"search_term_string\"}}],\"inLanguage\":\"es\"},{\"@type\":[\"Person\",\"Organization\"],\"@id\":\"https:\\\/\\\/chicamaravilla.com\\\/#\\\/schema\\\/person\\\/34cc3c3eb9856b9ce12cc9d524c2e0a0\",\"name\":\"Chica Maravilla\",\"image\":{\"@type\":\"ImageObject\",\"inLanguage\":\"es\",\"@id\":\"https:\\\/\\\/chicamaravilla.com\\\/wp-content\\\/uploads\\\/2020\\\/07\\\/cropped-2000x2000-CMOnline-Logo-30k_.png\",\"url\":\"https:\\\/\\\/chicamaravilla.com\\\/wp-content\\\/uploads\\\/2020\\\/07\\\/cropped-2000x2000-CMOnline-Logo-30k_.png\",\"contentUrl\":\"https:\\\/\\\/chicamaravilla.com\\\/wp-content\\\/uploads\\\/2020\\\/07\\\/cropped-2000x2000-CMOnline-Logo-30k_.png\",\"width\":1800,\"height\":440,\"caption\":\"Chica Maravilla\"},\"logo\":{\"@id\":\"https:\\\/\\\/chicamaravilla.com\\\/wp-content\\\/uploads\\\/2020\\\/07\\\/cropped-2000x2000-CMOnline-Logo-30k_.png\"},\"sameAs\":[\"http:\\\/\\\/chicamaravilla.com\"]}]}<\/script>\n<!-- \/ Yoast SEO plugin. -->","yoast_head_json":{"title":"Mug for Mom, Personalized with Initial and Image","description":"Mug for Mom, the perfect gift, customized with Mom's name and picture | Taza para Mam\u00e1, el regalo perfecto personalizado con la inicial, nombre y foto.","robots":{"index":"index","follow":"follow","max-snippet":"max-snippet:-1","max-image-preview":"max-image-preview:large","max-video-preview":"max-video-preview:-1"},"canonical":"https:\/\/chicamaravilla.com\/es\/producto\/personalized-mom-initial-with-image-and-name-113-accent-coffee-mug-11oz\/","og_locale":"es_MX","og_type":"article","og_title":"Mug for Mom, Personalized with Initial and Image","og_description":"Mug for Mom, the perfect gift, customized with Mom's name and picture | Taza para Mam\u00e1, el regalo perfecto personalizado con la inicial, nombre y foto.","og_url":"https:\/\/chicamaravilla.com\/es\/producto\/personalized-mom-initial-with-image-and-name-113-accent-coffee-mug-11oz\/","og_site_name":"Chica Maravilla","article_modified_time":"2026-02-23T16:48:32+00:00","og_image":[{"width":1600,"height":1600,"url":"https:\/\/chicamaravilla.com\/wp-content\/uploads\/2024\/09\/11075406873857298057_2048.jpeg","type":"image\/jpeg"}],"twitter_card":"summary_large_image","twitter_misc":{"Tiempo de lectura":"1 minuto"},"schema":{"@context":"https:\/\/schema.org","@graph":[{"@type":"WebPage","@id":"https:\/\/chicamaravilla.com\/product\/personalized-mom-initial-with-image-and-name-113-accent-coffee-mug-11oz\/","url":"https:\/\/chicamaravilla.com\/product\/personalized-mom-initial-with-image-and-name-113-accent-coffee-mug-11oz\/","name":"Mug for Mom, Personalized with Initial and Image","isPartOf":{"@id":"https:\/\/chicamaravilla.com\/#website"},"primaryImageOfPage":{"@id":"https:\/\/chicamaravilla.com\/product\/personalized-mom-initial-with-image-and-name-113-accent-coffee-mug-11oz\/#primaryimage"},"image":{"@id":"https:\/\/chicamaravilla.com\/product\/personalized-mom-initial-with-image-and-name-113-accent-coffee-mug-11oz\/#primaryimage"},"thumbnailUrl":"https:\/\/chicamaravilla.com\/wp-content\/uploads\/2024\/09\/11075406873857298057_2048.jpeg","datePublished":"2024-05-01T07:23:46+00:00","dateModified":"2026-02-23T16:48:32+00:00","description":"Mug for Mom, the perfect gift, customized with Mom's name and picture | Taza para Mam\u00e1, el regalo perfecto personalizado con la inicial, nombre y foto.","breadcrumb":{"@id":"https:\/\/chicamaravilla.com\/product\/personalized-mom-initial-with-image-and-name-113-accent-coffee-mug-11oz\/#breadcrumb"},"inLanguage":"es","potentialAction":[{"@type":"ReadAction","target":["https:\/\/chicamaravilla.com\/product\/personalized-mom-initial-with-image-and-name-113-accent-coffee-mug-11oz\/"]}]},{"@type":"ImageObject","inLanguage":"es","@id":"https:\/\/chicamaravilla.com\/product\/personalized-mom-initial-with-image-and-name-113-accent-coffee-mug-11oz\/#primaryimage","url":"https:\/\/chicamaravilla.com\/wp-content\/uploads\/2024\/09\/11075406873857298057_2048.jpeg","contentUrl":"https:\/\/chicamaravilla.com\/wp-content\/uploads\/2024\/09\/11075406873857298057_2048.jpeg","width":1600,"height":1600},{"@type":"BreadcrumbList","@id":"https:\/\/chicamaravilla.com\/product\/personalized-mom-initial-with-image-and-name-113-accent-coffee-mug-11oz\/#breadcrumb","itemListElement":[{"@type":"ListItem","position":1,"name":"Home","item":"https:\/\/chicamaravilla.com\/"},{"@type":"ListItem","position":2,"name":"Shop","item":"https:\/\/chicamaravilla.com\/shop\/"},{"@type":"ListItem","position":3,"name":"Personalized &#8220;Mom Initial&#8221; with Image and Name, #113, Accent Coffee Mug, 11oz"}]},{"@type":"WebSite","@id":"https:\/\/chicamaravilla.com\/#website","url":"https:\/\/chicamaravilla.com\/","name":"Chica Maravilla Online","description":"Contenido, media y servicios biling\u00fces para crecer y avanzar.","publisher":{"@id":"https:\/\/chicamaravilla.com\/#\/schema\/person\/34cc3c3eb9856b9ce12cc9d524c2e0a0"},"alternateName":"CMO","potentialAction":[{"@type":"SearchAction","target":{"@type":"EntryPoint","urlTemplate":"https:\/\/chicamaravilla.com\/?s={search_term_string}"},"query-input":{"@type":"PropertyValueSpecification","valueRequired":true,"valueName":"search_term_string"}}],"inLanguage":"es"},{"@type":["Person","Organization"],"@id":"https:\/\/chicamaravilla.com\/#\/schema\/person\/34cc3c3eb9856b9ce12cc9d524c2e0a0","name":"Chica Maravilla","image":{"@type":"ImageObject","inLanguage":"es","@id":"https:\/\/chicamaravilla.com\/wp-content\/uploads\/2020\/07\/cropped-2000x2000-CMOnline-Logo-30k_.png","url":"https:\/\/chicamaravilla.com\/wp-content\/uploads\/2020\/07\/cropped-2000x2000-CMOnline-Logo-30k_.png","contentUrl":"https:\/\/chicamaravilla.com\/wp-content\/uploads\/2020\/07\/cropped-2000x2000-CMOnline-Logo-30k_.png","width":1800,"height":440,"caption":"Chica Maravilla"},"logo":{"@id":"https:\/\/chicamaravilla.com\/wp-content\/uploads\/2020\/07\/cropped-2000x2000-CMOnline-Logo-30k_.png"},"sameAs":["http:\/\/chicamaravilla.com"]}]}},"jetpack_sharing_enabled":true,"jetpack_likes_enabled":true,"_links":{"self":[{"href":"https:\/\/chicamaravilla.com\/es\/wp-json\/wp\/v2\/product\/339503","targetHints":{"allow":["GET"]}}],"collection":[{"href":"https:\/\/chicamaravilla.com\/es\/wp-json\/wp\/v2\/product"}],"about":[{"href":"https:\/\/chicamaravilla.com\/es\/wp-json\/wp\/v2\/types\/product"}],"replies":[{"embeddable":true,"href":"https:\/\/chicamaravilla.com\/es\/wp-json\/wp\/v2\/comments?post=339503"}],"version-history":[{"count":6,"href":"https:\/\/chicamaravilla.com\/es\/wp-json\/wp\/v2\/product\/339503\/revisions"}],"predecessor-version":[{"id":479135,"href":"https:\/\/chicamaravilla.com\/es\/wp-json\/wp\/v2\/product\/339503\/revisions\/479135"}],"wp:featuredmedia":[{"embeddable":true,"href":"https:\/\/chicamaravilla.com\/es\/wp-json\/wp\/v2\/media\/384527"}],"wp:attachment":[{"href":"https:\/\/chicamaravilla.com\/es\/wp-json\/wp\/v2\/media?parent=339503"}],"wp:term":[{"taxonomy":"product_brand","embeddable":true,"href":"https:\/\/chicamaravilla.com\/es\/wp-json\/wp\/v2\/product_brand?post=339503"},{"taxonomy":"product_cat","embeddable":true,"href":"https:\/\/chicamaravilla.com\/es\/wp-json\/wp\/v2\/product_cat?post=339503"},{"taxonomy":"product_tag","embeddable":true,"href":"https:\/\/chicamaravilla.com\/es\/wp-json\/wp\/v2\/product_tag?post=339503"}],"curies":[{"name":"wp","href":"https:\/\/api.w.org\/{rel}","templated":true}]}}