{"id":331812,"date":"2024-05-25T16:39:00","date_gmt":"2024-05-25T21:39:00","guid":{"rendered":"https:\/\/chicamaravilla.com\/product\/mothers-day-nutrition-skinny-tumbler-with-straw-20oz\/"},"modified":"2025-02-23T00:40:38","modified_gmt":"2025-02-23T06:40:38","slug":"tumbler-papa-mas-modelo-tumbler-with-straw-20oz","status":"publish","type":"product","link":"https:\/\/chicamaravilla.com\/es\/producto\/tumbler-papa-mas-modelo-tumbler-with-straw-20oz\/","title":{"rendered":"El Pap\u00e1 Mas Ch&#8230;., Skinny Tumbler with Straw, 20oz"},"content":{"rendered":"<p>Elevate Dad&#8217;s sipping experience with our personalized Skinny Tumbler, a thoughtful gift that keeps drinks hot for 12 hours and cold for 24. Crafted with love, each tumbler features a chic matte or glossy finish and a sleek, tapered design for easy handling. The BPA-free construction ensures safety for the whole family. Cheers to making Dad&#8217;s day special!<\/p>\n<p>Father&#8217;s Day | Para Pap\u00e1 | Dad Day | Gift for Dad | Regalo Para Pap\u00e1<\/p>\n<p>El regalo perfecto para el padre &#8220;modelo&#8221;.<\/p>\n<p>&nbsp;<\/p>","protected":false},"excerpt":{"rendered":"<p>Elevate Dad&#8217;s sipping experience with our personalized Skinny Tumbler, a thoughtful gift that keeps drinks hot for 12 hours and cold for 24. Crafted with&hellip; <\/p>","protected":false},"featured_media":348399,"comment_status":"open","ping_status":"closed","template":"","meta":{"jetpack_post_was_ever_published":false},"product_brand":[],"product_cat":[207,364,206,171,161,338,339,410],"product_tag":[210,208,209,326,262,261,277,330],"class_list":{"0":"post-331812","1":"product","2":"type-product","3":"status-publish","4":"has-post-thumbnail","6":"product_cat-coffee","7":"product_cat-drinkware","8":"product_cat-fathers-day","9":"product_cat-gifts","10":"product_cat-home-garden","11":"product_cat-personalizado","12":"product_cat-personalized","13":"product_cat-physical","14":"product_tag-dia-del-padre","15":"product_tag-fathers-day","16":"product_tag-gift","17":"product_tag-gift-for-dad","18":"product_tag-personalizado","19":"product_tag-personalized","20":"product_tag-regalo","21":"product_tag-regalo-para-papa","22":"wcpa_has_options","24":"first","25":"instock","26":"taxable","27":"shipping-taxable","28":"purchasable","29":"product-type-variable","30":"has-default-attributes"},"yoast_head":"<!-- This site is optimized with the Yoast SEO plugin v27.4 - https:\/\/yoast.com\/product\/yoast-seo-wordpress\/ -->\n<title>El Pap\u00e1 Mas Ch...., Skinny Tumbler with Straw, 20oz<\/title>\n<meta name=\"description\" content=\"Get Dad the perfect gift this Father&#039;s Day with our personalized tumbler! Keep his drinks stylishly cool while showing off his unique flair. \u00a1Regala a pap\u00e1 el regalo perfecto este D\u00eda del Padre con nuestro vaso personalizado! Mant\u00e9n sus bebidas con estilo y frescas, \u00a1mientras lucen su toque \u00fanico\" \/>\n<meta name=\"robots\" content=\"index, follow, max-snippet:-1, max-image-preview:large, max-video-preview:-1\" \/>\n<link rel=\"canonical\" href=\"https:\/\/chicamaravilla.com\/es\/producto\/tumbler-papa-mas-modelo-tumbler-with-straw-20oz\/\" \/>\n<meta property=\"og:locale\" content=\"es_MX\" \/>\n<meta property=\"og:type\" content=\"article\" \/>\n<meta property=\"og:title\" content=\"El Pap\u00e1 Mas Ch...., Skinny Tumbler with Straw, 20oz\" \/>\n<meta property=\"og:description\" content=\"Get Dad the perfect gift this Father&#039;s Day with our personalized tumbler! Keep his drinks stylishly cool while showing off his unique flair. \u00a1Regala a pap\u00e1 el regalo perfecto este D\u00eda del Padre con nuestro vaso personalizado! Mant\u00e9n sus bebidas con estilo y frescas, \u00a1mientras lucen su toque \u00fanico\" \/>\n<meta property=\"og:url\" content=\"https:\/\/chicamaravilla.com\/es\/producto\/tumbler-papa-mas-modelo-tumbler-with-straw-20oz\/\" \/>\n<meta property=\"og:site_name\" content=\"Chica Maravilla\" \/>\n<meta property=\"article:modified_time\" content=\"2025-02-23T06:40:38+00:00\" \/>\n<meta property=\"og:image\" content=\"https:\/\/chicamaravilla.com\/wp-content\/uploads\/2024\/05\/101626-72.jpg\" \/>\n\t<meta property=\"og:image:width\" content=\"1200\" \/>\n\t<meta property=\"og:image:height\" content=\"1200\" \/>\n\t<meta property=\"og:image:type\" content=\"image\/jpeg\" \/>\n<meta name=\"twitter:card\" content=\"summary_large_image\" \/>\n<meta name=\"twitter:label1\" content=\"Tiempo de lectura\" \/>\n\t<meta name=\"twitter:data1\" content=\"1 minuto\" \/>\n<script type=\"application\/ld+json\" class=\"yoast-schema-graph\">{\"@context\":\"https:\\\/\\\/schema.org\",\"@graph\":[{\"@type\":\"WebPage\",\"@id\":\"https:\\\/\\\/chicamaravilla.com\\\/product\\\/tumbler-papa-mas-modelo-tumbler-with-straw-20oz\\\/\",\"url\":\"https:\\\/\\\/chicamaravilla.com\\\/product\\\/tumbler-papa-mas-modelo-tumbler-with-straw-20oz\\\/\",\"name\":\"El Pap\u00e1 Mas Ch...., Skinny Tumbler with Straw, 20oz\",\"isPartOf\":{\"@id\":\"https:\\\/\\\/chicamaravilla.com\\\/#website\"},\"primaryImageOfPage\":{\"@id\":\"https:\\\/\\\/chicamaravilla.com\\\/product\\\/tumbler-papa-mas-modelo-tumbler-with-straw-20oz\\\/#primaryimage\"},\"image\":{\"@id\":\"https:\\\/\\\/chicamaravilla.com\\\/product\\\/tumbler-papa-mas-modelo-tumbler-with-straw-20oz\\\/#primaryimage\"},\"thumbnailUrl\":\"https:\\\/\\\/chicamaravilla.com\\\/wp-content\\\/uploads\\\/2024\\\/05\\\/101626-72.jpg\",\"datePublished\":\"2024-05-25T21:39:00+00:00\",\"dateModified\":\"2025-02-23T06:40:38+00:00\",\"description\":\"Get Dad the perfect gift this Father's Day with our personalized tumbler! Keep his drinks stylishly cool while showing off his unique flair. \u00a1Regala a pap\u00e1 el regalo perfecto este D\u00eda del Padre con nuestro vaso personalizado! Mant\u00e9n sus bebidas con estilo y frescas, \u00a1mientras lucen su toque \u00fanico\",\"breadcrumb\":{\"@id\":\"https:\\\/\\\/chicamaravilla.com\\\/product\\\/tumbler-papa-mas-modelo-tumbler-with-straw-20oz\\\/#breadcrumb\"},\"inLanguage\":\"es\",\"potentialAction\":[{\"@type\":\"ReadAction\",\"target\":[\"https:\\\/\\\/chicamaravilla.com\\\/product\\\/tumbler-papa-mas-modelo-tumbler-with-straw-20oz\\\/\"]}]},{\"@type\":\"ImageObject\",\"inLanguage\":\"es\",\"@id\":\"https:\\\/\\\/chicamaravilla.com\\\/product\\\/tumbler-papa-mas-modelo-tumbler-with-straw-20oz\\\/#primaryimage\",\"url\":\"https:\\\/\\\/chicamaravilla.com\\\/wp-content\\\/uploads\\\/2024\\\/05\\\/101626-72.jpg\",\"contentUrl\":\"https:\\\/\\\/chicamaravilla.com\\\/wp-content\\\/uploads\\\/2024\\\/05\\\/101626-72.jpg\",\"width\":1200,\"height\":1200},{\"@type\":\"BreadcrumbList\",\"@id\":\"https:\\\/\\\/chicamaravilla.com\\\/product\\\/tumbler-papa-mas-modelo-tumbler-with-straw-20oz\\\/#breadcrumb\",\"itemListElement\":[{\"@type\":\"ListItem\",\"position\":1,\"name\":\"Home\",\"item\":\"https:\\\/\\\/chicamaravilla.com\\\/\"},{\"@type\":\"ListItem\",\"position\":2,\"name\":\"Shop\",\"item\":\"https:\\\/\\\/chicamaravilla.com\\\/shop\\\/\"},{\"@type\":\"ListItem\",\"position\":3,\"name\":\"El Pap\u00e1 Mas Ch&#8230;., Skinny Tumbler with Straw, 20oz\"}]},{\"@type\":\"WebSite\",\"@id\":\"https:\\\/\\\/chicamaravilla.com\\\/#website\",\"url\":\"https:\\\/\\\/chicamaravilla.com\\\/\",\"name\":\"Chica Maravilla Online\",\"description\":\"Contenido, media y servicios biling\u00fces para crecer y avanzar.\",\"publisher\":{\"@id\":\"https:\\\/\\\/chicamaravilla.com\\\/#\\\/schema\\\/person\\\/34cc3c3eb9856b9ce12cc9d524c2e0a0\"},\"alternateName\":\"CMO\",\"potentialAction\":[{\"@type\":\"SearchAction\",\"target\":{\"@type\":\"EntryPoint\",\"urlTemplate\":\"https:\\\/\\\/chicamaravilla.com\\\/?s={search_term_string}\"},\"query-input\":{\"@type\":\"PropertyValueSpecification\",\"valueRequired\":true,\"valueName\":\"search_term_string\"}}],\"inLanguage\":\"es\"},{\"@type\":[\"Person\",\"Organization\"],\"@id\":\"https:\\\/\\\/chicamaravilla.com\\\/#\\\/schema\\\/person\\\/34cc3c3eb9856b9ce12cc9d524c2e0a0\",\"name\":\"Chica Maravilla\",\"image\":{\"@type\":\"ImageObject\",\"inLanguage\":\"es\",\"@id\":\"https:\\\/\\\/chicamaravilla.com\\\/wp-content\\\/uploads\\\/2020\\\/07\\\/cropped-2000x2000-CMOnline-Logo-30k_.png\",\"url\":\"https:\\\/\\\/chicamaravilla.com\\\/wp-content\\\/uploads\\\/2020\\\/07\\\/cropped-2000x2000-CMOnline-Logo-30k_.png\",\"contentUrl\":\"https:\\\/\\\/chicamaravilla.com\\\/wp-content\\\/uploads\\\/2020\\\/07\\\/cropped-2000x2000-CMOnline-Logo-30k_.png\",\"width\":1800,\"height\":440,\"caption\":\"Chica Maravilla\"},\"logo\":{\"@id\":\"https:\\\/\\\/chicamaravilla.com\\\/wp-content\\\/uploads\\\/2020\\\/07\\\/cropped-2000x2000-CMOnline-Logo-30k_.png\"},\"sameAs\":[\"http:\\\/\\\/chicamaravilla.com\"]}]}<\/script>\n<!-- \/ Yoast SEO plugin. -->","yoast_head_json":{"title":"El Pap\u00e1 Mas Ch...., Skinny Tumbler with Straw, 20oz","description":"Get Dad the perfect gift this Father's Day with our personalized tumbler! Keep his drinks stylishly cool while showing off his unique flair. \u00a1Regala a pap\u00e1 el regalo perfecto este D\u00eda del Padre con nuestro vaso personalizado! Mant\u00e9n sus bebidas con estilo y frescas, \u00a1mientras lucen su toque \u00fanico","robots":{"index":"index","follow":"follow","max-snippet":"max-snippet:-1","max-image-preview":"max-image-preview:large","max-video-preview":"max-video-preview:-1"},"canonical":"https:\/\/chicamaravilla.com\/es\/producto\/tumbler-papa-mas-modelo-tumbler-with-straw-20oz\/","og_locale":"es_MX","og_type":"article","og_title":"El Pap\u00e1 Mas Ch...., Skinny Tumbler with Straw, 20oz","og_description":"Get Dad the perfect gift this Father's Day with our personalized tumbler! Keep his drinks stylishly cool while showing off his unique flair. \u00a1Regala a pap\u00e1 el regalo perfecto este D\u00eda del Padre con nuestro vaso personalizado! Mant\u00e9n sus bebidas con estilo y frescas, \u00a1mientras lucen su toque \u00fanico","og_url":"https:\/\/chicamaravilla.com\/es\/producto\/tumbler-papa-mas-modelo-tumbler-with-straw-20oz\/","og_site_name":"Chica Maravilla","article_modified_time":"2025-02-23T06:40:38+00:00","og_image":[{"width":1200,"height":1200,"url":"https:\/\/chicamaravilla.com\/wp-content\/uploads\/2024\/05\/101626-72.jpg","type":"image\/jpeg"}],"twitter_card":"summary_large_image","twitter_misc":{"Tiempo de lectura":"1 minuto"},"schema":{"@context":"https:\/\/schema.org","@graph":[{"@type":"WebPage","@id":"https:\/\/chicamaravilla.com\/product\/tumbler-papa-mas-modelo-tumbler-with-straw-20oz\/","url":"https:\/\/chicamaravilla.com\/product\/tumbler-papa-mas-modelo-tumbler-with-straw-20oz\/","name":"El Pap\u00e1 Mas Ch...., Skinny Tumbler with Straw, 20oz","isPartOf":{"@id":"https:\/\/chicamaravilla.com\/#website"},"primaryImageOfPage":{"@id":"https:\/\/chicamaravilla.com\/product\/tumbler-papa-mas-modelo-tumbler-with-straw-20oz\/#primaryimage"},"image":{"@id":"https:\/\/chicamaravilla.com\/product\/tumbler-papa-mas-modelo-tumbler-with-straw-20oz\/#primaryimage"},"thumbnailUrl":"https:\/\/chicamaravilla.com\/wp-content\/uploads\/2024\/05\/101626-72.jpg","datePublished":"2024-05-25T21:39:00+00:00","dateModified":"2025-02-23T06:40:38+00:00","description":"Get Dad the perfect gift this Father's Day with our personalized tumbler! Keep his drinks stylishly cool while showing off his unique flair. \u00a1Regala a pap\u00e1 el regalo perfecto este D\u00eda del Padre con nuestro vaso personalizado! Mant\u00e9n sus bebidas con estilo y frescas, \u00a1mientras lucen su toque \u00fanico","breadcrumb":{"@id":"https:\/\/chicamaravilla.com\/product\/tumbler-papa-mas-modelo-tumbler-with-straw-20oz\/#breadcrumb"},"inLanguage":"es","potentialAction":[{"@type":"ReadAction","target":["https:\/\/chicamaravilla.com\/product\/tumbler-papa-mas-modelo-tumbler-with-straw-20oz\/"]}]},{"@type":"ImageObject","inLanguage":"es","@id":"https:\/\/chicamaravilla.com\/product\/tumbler-papa-mas-modelo-tumbler-with-straw-20oz\/#primaryimage","url":"https:\/\/chicamaravilla.com\/wp-content\/uploads\/2024\/05\/101626-72.jpg","contentUrl":"https:\/\/chicamaravilla.com\/wp-content\/uploads\/2024\/05\/101626-72.jpg","width":1200,"height":1200},{"@type":"BreadcrumbList","@id":"https:\/\/chicamaravilla.com\/product\/tumbler-papa-mas-modelo-tumbler-with-straw-20oz\/#breadcrumb","itemListElement":[{"@type":"ListItem","position":1,"name":"Home","item":"https:\/\/chicamaravilla.com\/"},{"@type":"ListItem","position":2,"name":"Shop","item":"https:\/\/chicamaravilla.com\/shop\/"},{"@type":"ListItem","position":3,"name":"El Pap\u00e1 Mas Ch&#8230;., Skinny Tumbler with Straw, 20oz"}]},{"@type":"WebSite","@id":"https:\/\/chicamaravilla.com\/#website","url":"https:\/\/chicamaravilla.com\/","name":"Chica Maravilla Online","description":"Contenido, media y servicios biling\u00fces para crecer y avanzar.","publisher":{"@id":"https:\/\/chicamaravilla.com\/#\/schema\/person\/34cc3c3eb9856b9ce12cc9d524c2e0a0"},"alternateName":"CMO","potentialAction":[{"@type":"SearchAction","target":{"@type":"EntryPoint","urlTemplate":"https:\/\/chicamaravilla.com\/?s={search_term_string}"},"query-input":{"@type":"PropertyValueSpecification","valueRequired":true,"valueName":"search_term_string"}}],"inLanguage":"es"},{"@type":["Person","Organization"],"@id":"https:\/\/chicamaravilla.com\/#\/schema\/person\/34cc3c3eb9856b9ce12cc9d524c2e0a0","name":"Chica Maravilla","image":{"@type":"ImageObject","inLanguage":"es","@id":"https:\/\/chicamaravilla.com\/wp-content\/uploads\/2020\/07\/cropped-2000x2000-CMOnline-Logo-30k_.png","url":"https:\/\/chicamaravilla.com\/wp-content\/uploads\/2020\/07\/cropped-2000x2000-CMOnline-Logo-30k_.png","contentUrl":"https:\/\/chicamaravilla.com\/wp-content\/uploads\/2020\/07\/cropped-2000x2000-CMOnline-Logo-30k_.png","width":1800,"height":440,"caption":"Chica Maravilla"},"logo":{"@id":"https:\/\/chicamaravilla.com\/wp-content\/uploads\/2020\/07\/cropped-2000x2000-CMOnline-Logo-30k_.png"},"sameAs":["http:\/\/chicamaravilla.com"]}]}},"jetpack_sharing_enabled":true,"jetpack_likes_enabled":true,"_links":{"self":[{"href":"https:\/\/chicamaravilla.com\/es\/wp-json\/wp\/v2\/product\/331812","targetHints":{"allow":["GET"]}}],"collection":[{"href":"https:\/\/chicamaravilla.com\/es\/wp-json\/wp\/v2\/product"}],"about":[{"href":"https:\/\/chicamaravilla.com\/es\/wp-json\/wp\/v2\/types\/product"}],"replies":[{"embeddable":true,"href":"https:\/\/chicamaravilla.com\/es\/wp-json\/wp\/v2\/comments?post=331812"}],"version-history":[{"count":7,"href":"https:\/\/chicamaravilla.com\/es\/wp-json\/wp\/v2\/product\/331812\/revisions"}],"predecessor-version":[{"id":348431,"href":"https:\/\/chicamaravilla.com\/es\/wp-json\/wp\/v2\/product\/331812\/revisions\/348431"}],"wp:featuredmedia":[{"embeddable":true,"href":"https:\/\/chicamaravilla.com\/es\/wp-json\/wp\/v2\/media\/348399"}],"wp:attachment":[{"href":"https:\/\/chicamaravilla.com\/es\/wp-json\/wp\/v2\/media?parent=331812"}],"wp:term":[{"taxonomy":"product_brand","embeddable":true,"href":"https:\/\/chicamaravilla.com\/es\/wp-json\/wp\/v2\/product_brand?post=331812"},{"taxonomy":"product_cat","embeddable":true,"href":"https:\/\/chicamaravilla.com\/es\/wp-json\/wp\/v2\/product_cat?post=331812"},{"taxonomy":"product_tag","embeddable":true,"href":"https:\/\/chicamaravilla.com\/es\/wp-json\/wp\/v2\/product_tag?post=331812"}],"curies":[{"name":"wp","href":"https:\/\/api.w.org\/{rel}","templated":true}]}}