{"id":327550,"date":"2024-04-04T20:24:18","date_gmt":"2024-04-05T01:24:18","guid":{"rendered":"https:\/\/chicamaravilla.com\/?post_type=product&#038;p=327550"},"modified":"2026-02-16T08:24:26","modified_gmt":"2026-02-16T14:24:26","slug":"quinceanera-invitation-purple-qp0001","status":"publish","type":"product","link":"https:\/\/chicamaravilla.com\/es\/producto\/quinceanera-invitation-purple-qp0001\/","title":{"rendered":"Quincea\u00f1era Invitation Purple"},"content":{"rendered":"<p>Item # #QP0001<\/p>\n<p>&nbsp;<\/p>\n<p>Esta invitaci\u00f3n ser\u00e1 personalizada con los detalles de tu gran evento.<\/p>\n<p>OJO:\u00a0 Est\u00e1s comprando un producto digital que descargas y mandas imprimir.<\/p>\n<p>Por favor incluye los detalles de tu evento, seg\u00fan est\u00e1n indicados en amarillo:<\/p>\n<ol>\n<li>Nombre de los padres.<\/li>\n<li>Nombre de la festejada.<\/li>\n<li>Fecha y Hora del Evento.<\/li>\n<li>Lugar y direcci\u00f3n del Evento.<\/li>\n<li>Como deben confirmar su asistencia los invitados\/RVSP.<\/li>\n<li>Alg\u00fan otro detalle que te gustar\u00eda se incluya en la invitaci\u00f3n (sugeto a espacio disponible).<\/li>\n<\/ol>\n<p>Si tienes cualquier pregunta, no dudes en comunicarte con nosotros:\u00a0 sandi@chicamaravilla.com<\/p>\n<p>&nbsp;<\/p>","protected":false},"excerpt":{"rendered":"<p>Item # #QP0001 &nbsp; Esta invitaci\u00f3n ser\u00e1 personalizada con los detalles de tu gran evento. OJO:\u00a0 Est\u00e1s comprando un producto digital que descargas y mandas&hellip; <\/p>","protected":false},"featured_media":327577,"comment_status":"open","ping_status":"closed","template":"","meta":{"jetpack_post_was_ever_published":false},"product_brand":[],"product_cat":[144,141],"product_tag":[],"class_list":{"0":"post-327550","1":"product","2":"type-product","3":"status-publish","4":"has-post-thumbnail","6":"product_cat-downloads","7":"product_cat-printables-imprimibles","8":"wcpa_has_options","10":"first","11":"instock","12":"downloadable","13":"virtual","14":"taxable","15":"purchasable","16":"product-type-simple"},"yoast_head":"<!-- This site is optimized with the Yoast SEO plugin v27.3 - https:\/\/yoast.com\/product\/yoast-seo-wordpress\/ -->\n<title>Quincea\u00f1era Invitation Purple<\/title>\n<meta name=\"description\" content=\"Order your personalized Quincea\u00f1era invitation online, download it, and print it at your favorite printer. Ordena tu invitacion personalizada, descarga e imprimelo donde gustes.\" \/>\n<meta name=\"robots\" content=\"index, follow, max-snippet:-1, max-image-preview:large, max-video-preview:-1\" \/>\n<link rel=\"canonical\" href=\"https:\/\/chicamaravilla.com\/es\/producto\/quinceanera-invitation-purple-qp0001\/\" \/>\n<meta property=\"og:locale\" content=\"es_MX\" \/>\n<meta property=\"og:type\" content=\"article\" \/>\n<meta property=\"og:title\" content=\"Invitaci\u00f3n Descargable Personalizada de Quincea\u00f1era, Lila\" \/>\n<meta property=\"og:description\" content=\"Pide tu invitaci\u00f3n personalizada para tu Quincea\u00f1era, descargala e imprimela las veces que gustes donde gustes.\" \/>\n<meta property=\"og:url\" content=\"https:\/\/chicamaravilla.com\/es\/producto\/quinceanera-invitation-purple-qp0001\/\" \/>\n<meta property=\"og:site_name\" content=\"Chica Maravilla\" \/>\n<meta property=\"article:modified_time\" content=\"2026-02-16T14:24:26+00:00\" \/>\n<meta property=\"og:image\" content=\"https:\/\/chicamaravilla.com\/wp-content\/uploads\/2024\/04\/250x250-GMaps-Profile.jpg\" \/>\n\t<meta property=\"og:image:width\" content=\"1000\" \/>\n\t<meta property=\"og:image:height\" content=\"1000\" \/>\n\t<meta property=\"og:image:type\" content=\"image\/jpeg\" \/>\n<meta name=\"twitter:card\" content=\"summary_large_image\" \/>\n<meta name=\"twitter:title\" content=\"Invitaci\u00f3n Descargable Personalizada de Quincea\u00f1era, Lila\" \/>\n<meta name=\"twitter:description\" content=\"Invitaci\u00f3n Descargable Personalizada de Quincea\u00f1era, LilaPide tu invitaci\u00f3n personalizada para tu Quincea\u00f1era, descargala e imprimela las veces que gustes donde gustes.\" \/>\n<meta name=\"twitter:image\" content=\"https:\/\/chicamaravilla.com\/wp-content\/uploads\/2024\/04\/250x250-GMaps-Profile.jpg\" \/>\n<meta name=\"twitter:label1\" content=\"Tiempo de lectura\" \/>\n\t<meta name=\"twitter:data1\" content=\"1 minuto\" \/>\n<script type=\"application\/ld+json\" class=\"yoast-schema-graph\">{\"@context\":\"https:\\\/\\\/schema.org\",\"@graph\":[{\"@type\":\"WebPage\",\"@id\":\"https:\\\/\\\/chicamaravilla.com\\\/product\\\/quinceanera-invitation-purple-qp0001\\\/\",\"url\":\"https:\\\/\\\/chicamaravilla.com\\\/product\\\/quinceanera-invitation-purple-qp0001\\\/\",\"name\":\"Quincea\u00f1era Invitation Purple\",\"isPartOf\":{\"@id\":\"https:\\\/\\\/chicamaravilla.com\\\/#website\"},\"primaryImageOfPage\":{\"@id\":\"https:\\\/\\\/chicamaravilla.com\\\/product\\\/quinceanera-invitation-purple-qp0001\\\/#primaryimage\"},\"image\":{\"@id\":\"https:\\\/\\\/chicamaravilla.com\\\/product\\\/quinceanera-invitation-purple-qp0001\\\/#primaryimage\"},\"thumbnailUrl\":\"https:\\\/\\\/chicamaravilla.com\\\/wp-content\\\/uploads\\\/2024\\\/04\\\/250x250-GMaps-Profile.jpg\",\"datePublished\":\"2024-04-05T01:24:18+00:00\",\"dateModified\":\"2026-02-16T14:24:26+00:00\",\"description\":\"Order your personalized Quincea\u00f1era invitation online, download it, and print it at your favorite printer. Ordena tu invitacion personalizada, descarga e imprimelo donde gustes.\",\"breadcrumb\":{\"@id\":\"https:\\\/\\\/chicamaravilla.com\\\/product\\\/quinceanera-invitation-purple-qp0001\\\/#breadcrumb\"},\"inLanguage\":\"es\",\"potentialAction\":[{\"@type\":\"ReadAction\",\"target\":[\"https:\\\/\\\/chicamaravilla.com\\\/product\\\/quinceanera-invitation-purple-qp0001\\\/\"]}]},{\"@type\":\"ImageObject\",\"inLanguage\":\"es\",\"@id\":\"https:\\\/\\\/chicamaravilla.com\\\/product\\\/quinceanera-invitation-purple-qp0001\\\/#primaryimage\",\"url\":\"https:\\\/\\\/chicamaravilla.com\\\/wp-content\\\/uploads\\\/2024\\\/04\\\/250x250-GMaps-Profile.jpg\",\"contentUrl\":\"https:\\\/\\\/chicamaravilla.com\\\/wp-content\\\/uploads\\\/2024\\\/04\\\/250x250-GMaps-Profile.jpg\",\"width\":1000,\"height\":1000,\"caption\":\"Invitacion Para Quincea\u00f1era Personalizada Descarga Digital\"},{\"@type\":\"BreadcrumbList\",\"@id\":\"https:\\\/\\\/chicamaravilla.com\\\/product\\\/quinceanera-invitation-purple-qp0001\\\/#breadcrumb\",\"itemListElement\":[{\"@type\":\"ListItem\",\"position\":1,\"name\":\"Home\",\"item\":\"https:\\\/\\\/chicamaravilla.com\\\/\"},{\"@type\":\"ListItem\",\"position\":2,\"name\":\"Shop\",\"item\":\"https:\\\/\\\/chicamaravilla.com\\\/shop\\\/\"},{\"@type\":\"ListItem\",\"position\":3,\"name\":\"Quincea\u00f1era Invitation Purple\"}]},{\"@type\":\"WebSite\",\"@id\":\"https:\\\/\\\/chicamaravilla.com\\\/#website\",\"url\":\"https:\\\/\\\/chicamaravilla.com\\\/\",\"name\":\"Chica Maravilla Online\",\"description\":\"Contenido, media y servicios biling\u00fces para crecer y avanzar.\",\"publisher\":{\"@id\":\"https:\\\/\\\/chicamaravilla.com\\\/#\\\/schema\\\/person\\\/34cc3c3eb9856b9ce12cc9d524c2e0a0\"},\"alternateName\":\"CMO\",\"potentialAction\":[{\"@type\":\"SearchAction\",\"target\":{\"@type\":\"EntryPoint\",\"urlTemplate\":\"https:\\\/\\\/chicamaravilla.com\\\/?s={search_term_string}\"},\"query-input\":{\"@type\":\"PropertyValueSpecification\",\"valueRequired\":true,\"valueName\":\"search_term_string\"}}],\"inLanguage\":\"es\"},{\"@type\":[\"Person\",\"Organization\"],\"@id\":\"https:\\\/\\\/chicamaravilla.com\\\/#\\\/schema\\\/person\\\/34cc3c3eb9856b9ce12cc9d524c2e0a0\",\"name\":\"Chica Maravilla\",\"image\":{\"@type\":\"ImageObject\",\"inLanguage\":\"es\",\"@id\":\"https:\\\/\\\/chicamaravilla.com\\\/wp-content\\\/uploads\\\/2020\\\/07\\\/cropped-2000x2000-CMOnline-Logo-30k_.png\",\"url\":\"https:\\\/\\\/chicamaravilla.com\\\/wp-content\\\/uploads\\\/2020\\\/07\\\/cropped-2000x2000-CMOnline-Logo-30k_.png\",\"contentUrl\":\"https:\\\/\\\/chicamaravilla.com\\\/wp-content\\\/uploads\\\/2020\\\/07\\\/cropped-2000x2000-CMOnline-Logo-30k_.png\",\"width\":1800,\"height\":440,\"caption\":\"Chica Maravilla\"},\"logo\":{\"@id\":\"https:\\\/\\\/chicamaravilla.com\\\/wp-content\\\/uploads\\\/2020\\\/07\\\/cropped-2000x2000-CMOnline-Logo-30k_.png\"},\"sameAs\":[\"http:\\\/\\\/chicamaravilla.com\"]}]}<\/script>\n<!-- \/ Yoast SEO plugin. -->","yoast_head_json":{"title":"Quincea\u00f1era Invitation Purple","description":"Order your personalized Quincea\u00f1era invitation online, download it, and print it at your favorite printer. Ordena tu invitacion personalizada, descarga e imprimelo donde gustes.","robots":{"index":"index","follow":"follow","max-snippet":"max-snippet:-1","max-image-preview":"max-image-preview:large","max-video-preview":"max-video-preview:-1"},"canonical":"https:\/\/chicamaravilla.com\/es\/producto\/quinceanera-invitation-purple-qp0001\/","og_locale":"es_MX","og_type":"article","og_title":"Invitaci\u00f3n Descargable Personalizada de Quincea\u00f1era, Lila","og_description":"Pide tu invitaci\u00f3n personalizada para tu Quincea\u00f1era, descargala e imprimela las veces que gustes donde gustes.","og_url":"https:\/\/chicamaravilla.com\/es\/producto\/quinceanera-invitation-purple-qp0001\/","og_site_name":"Chica Maravilla","article_modified_time":"2026-02-16T14:24:26+00:00","og_image":[{"width":1000,"height":1000,"url":"https:\/\/chicamaravilla.com\/wp-content\/uploads\/2024\/04\/250x250-GMaps-Profile.jpg","type":"image\/jpeg"}],"twitter_card":"summary_large_image","twitter_title":"Invitaci\u00f3n Descargable Personalizada de Quincea\u00f1era, Lila","twitter_description":"Invitaci\u00f3n Descargable Personalizada de Quincea\u00f1era, LilaPide tu invitaci\u00f3n personalizada para tu Quincea\u00f1era, descargala e imprimela las veces que gustes donde gustes.","twitter_image":"https:\/\/chicamaravilla.com\/wp-content\/uploads\/2024\/04\/250x250-GMaps-Profile.jpg","twitter_misc":{"Tiempo de lectura":"1 minuto"},"schema":{"@context":"https:\/\/schema.org","@graph":[{"@type":"WebPage","@id":"https:\/\/chicamaravilla.com\/product\/quinceanera-invitation-purple-qp0001\/","url":"https:\/\/chicamaravilla.com\/product\/quinceanera-invitation-purple-qp0001\/","name":"Quincea\u00f1era Invitation Purple","isPartOf":{"@id":"https:\/\/chicamaravilla.com\/#website"},"primaryImageOfPage":{"@id":"https:\/\/chicamaravilla.com\/product\/quinceanera-invitation-purple-qp0001\/#primaryimage"},"image":{"@id":"https:\/\/chicamaravilla.com\/product\/quinceanera-invitation-purple-qp0001\/#primaryimage"},"thumbnailUrl":"https:\/\/chicamaravilla.com\/wp-content\/uploads\/2024\/04\/250x250-GMaps-Profile.jpg","datePublished":"2024-04-05T01:24:18+00:00","dateModified":"2026-02-16T14:24:26+00:00","description":"Order your personalized Quincea\u00f1era invitation online, download it, and print it at your favorite printer. Ordena tu invitacion personalizada, descarga e imprimelo donde gustes.","breadcrumb":{"@id":"https:\/\/chicamaravilla.com\/product\/quinceanera-invitation-purple-qp0001\/#breadcrumb"},"inLanguage":"es","potentialAction":[{"@type":"ReadAction","target":["https:\/\/chicamaravilla.com\/product\/quinceanera-invitation-purple-qp0001\/"]}]},{"@type":"ImageObject","inLanguage":"es","@id":"https:\/\/chicamaravilla.com\/product\/quinceanera-invitation-purple-qp0001\/#primaryimage","url":"https:\/\/chicamaravilla.com\/wp-content\/uploads\/2024\/04\/250x250-GMaps-Profile.jpg","contentUrl":"https:\/\/chicamaravilla.com\/wp-content\/uploads\/2024\/04\/250x250-GMaps-Profile.jpg","width":1000,"height":1000,"caption":"Invitacion Para Quincea\u00f1era Personalizada Descarga Digital"},{"@type":"BreadcrumbList","@id":"https:\/\/chicamaravilla.com\/product\/quinceanera-invitation-purple-qp0001\/#breadcrumb","itemListElement":[{"@type":"ListItem","position":1,"name":"Home","item":"https:\/\/chicamaravilla.com\/"},{"@type":"ListItem","position":2,"name":"Shop","item":"https:\/\/chicamaravilla.com\/shop\/"},{"@type":"ListItem","position":3,"name":"Quincea\u00f1era Invitation Purple"}]},{"@type":"WebSite","@id":"https:\/\/chicamaravilla.com\/#website","url":"https:\/\/chicamaravilla.com\/","name":"Chica Maravilla Online","description":"Contenido, media y servicios biling\u00fces para crecer y avanzar.","publisher":{"@id":"https:\/\/chicamaravilla.com\/#\/schema\/person\/34cc3c3eb9856b9ce12cc9d524c2e0a0"},"alternateName":"CMO","potentialAction":[{"@type":"SearchAction","target":{"@type":"EntryPoint","urlTemplate":"https:\/\/chicamaravilla.com\/?s={search_term_string}"},"query-input":{"@type":"PropertyValueSpecification","valueRequired":true,"valueName":"search_term_string"}}],"inLanguage":"es"},{"@type":["Person","Organization"],"@id":"https:\/\/chicamaravilla.com\/#\/schema\/person\/34cc3c3eb9856b9ce12cc9d524c2e0a0","name":"Chica Maravilla","image":{"@type":"ImageObject","inLanguage":"es","@id":"https:\/\/chicamaravilla.com\/wp-content\/uploads\/2020\/07\/cropped-2000x2000-CMOnline-Logo-30k_.png","url":"https:\/\/chicamaravilla.com\/wp-content\/uploads\/2020\/07\/cropped-2000x2000-CMOnline-Logo-30k_.png","contentUrl":"https:\/\/chicamaravilla.com\/wp-content\/uploads\/2020\/07\/cropped-2000x2000-CMOnline-Logo-30k_.png","width":1800,"height":440,"caption":"Chica Maravilla"},"logo":{"@id":"https:\/\/chicamaravilla.com\/wp-content\/uploads\/2020\/07\/cropped-2000x2000-CMOnline-Logo-30k_.png"},"sameAs":["http:\/\/chicamaravilla.com"]}]}},"jetpack_sharing_enabled":true,"jetpack_likes_enabled":true,"_links":{"self":[{"href":"https:\/\/chicamaravilla.com\/es\/wp-json\/wp\/v2\/product\/327550","targetHints":{"allow":["GET"]}}],"collection":[{"href":"https:\/\/chicamaravilla.com\/es\/wp-json\/wp\/v2\/product"}],"about":[{"href":"https:\/\/chicamaravilla.com\/es\/wp-json\/wp\/v2\/types\/product"}],"replies":[{"embeddable":true,"href":"https:\/\/chicamaravilla.com\/es\/wp-json\/wp\/v2\/comments?post=327550"}],"version-history":[{"count":5,"href":"https:\/\/chicamaravilla.com\/es\/wp-json\/wp\/v2\/product\/327550\/revisions"}],"predecessor-version":[{"id":327578,"href":"https:\/\/chicamaravilla.com\/es\/wp-json\/wp\/v2\/product\/327550\/revisions\/327578"}],"wp:featuredmedia":[{"embeddable":true,"href":"https:\/\/chicamaravilla.com\/es\/wp-json\/wp\/v2\/media\/327577"}],"wp:attachment":[{"href":"https:\/\/chicamaravilla.com\/es\/wp-json\/wp\/v2\/media?parent=327550"}],"wp:term":[{"taxonomy":"product_brand","embeddable":true,"href":"https:\/\/chicamaravilla.com\/es\/wp-json\/wp\/v2\/product_brand?post=327550"},{"taxonomy":"product_cat","embeddable":true,"href":"https:\/\/chicamaravilla.com\/es\/wp-json\/wp\/v2\/product_cat?post=327550"},{"taxonomy":"product_tag","embeddable":true,"href":"https:\/\/chicamaravilla.com\/es\/wp-json\/wp\/v2\/product_tag?post=327550"}],"curies":[{"name":"wp","href":"https:\/\/api.w.org\/{rel}","templated":true}]}}