{"id":157491,"date":"2025-02-12T17:36:42","date_gmt":"2025-02-12T23:36:42","guid":{"rendered":"http:\/\/chicamaravilla.com\/?post_type=product&#038;p=157491"},"modified":"2026-02-16T08:29:53","modified_gmt":"2026-02-16T14:29:53","slug":"calendario-cobros-y-pagos-anual-v001","status":"publish","type":"product","link":"https:\/\/chicamaravilla.com\/es\/producto\/calendario-cobros-y-pagos-anual-v001\/","title":{"rendered":"Calendario de Cobros y Pagos, PDF, Descargable\/Digital"},"content":{"rendered":"<p><strong>Calendario de Cobros y Pagos, PDF, Descargable\/Digital<\/strong><\/p>\n<p>OJO, est\u00e1 viendo un producto digital, descargable que puede ser imprento para que sirva como cuadro decorativo.<\/p>\n<p>\u2728<\/p>\n<p>Sus archivos estar\u00e1n disponibles para descargar una vez que se confirme el pago, tendr\u00e1 la opcion de descargar el documento en formato PDF..<\/p>\n<p>Debido al tipo de producto no se aceptan devoluciones, cambios o cancelaciones. Pero por favor p\u00f3ngase en contacto conmigo si tiene alg\u00fan problema con su pedido.<\/p>\n<p>&nbsp;<\/p>\n<p>OJO, est\u00e1s comprando un PRODUCTO DIGITAL, ning\u00fan producto f\u00edsico ser\u00e1 enviado &#8211; simplemente descarga directamente y mediante el enlace prove\u00eddo al momento de comprar tu producto digital.\u00a0 Puedes descargarlo las veces que gustes.\u00a0 Debido al tipo de producto no ofrecemos reembolso, cualquier problema o duda que tengas con tu descarga digital por favor comun\u00edcate conmigo, info@chicamaravilla.com y con mucho gusto te ayudar\u00e9.<\/p>\n<p>Atte,<br \/>\nLa Chica Maravilla<\/p>\n<p>&nbsp;<\/p>","protected":false},"excerpt":{"rendered":"<p>Calendario de Cobros y Pagos \u2665 Documento PDF descargable &#8211; descarga e imprime las veces que gustes. Hecha un vistazo a nuestros planeadores y otros documentos descargables que pueden ser enmarcados.<\/p>\n<p>Documento PDF descargable &#8211; descarga e imprime las veces que deseas.<\/p>\n<p>&nbsp;<\/p>","protected":false},"featured_media":157492,"comment_status":"open","ping_status":"closed","template":"","meta":{"jetpack_post_was_ever_published":false},"product_brand":[],"product_cat":[144,141],"product_tag":[198,199,197,203,202,195,196,143,200,201,142],"class_list":{"0":"post-157491","1":"product","2":"type-product","3":"status-publish","4":"has-post-thumbnail","6":"product_cat-downloads","7":"product_cat-printables-imprimibles","8":"product_tag-calendario","9":"product_tag-cobros","10":"product_tag-descarga-digital","11":"product_tag-descarga-instantanea","12":"product_tag-descargable-digital","13":"product_tag-digital-download","14":"product_tag-digital-product","15":"product_tag-imprimible","16":"product_tag-pagos","17":"product_tag-pdf","18":"product_tag-printable","20":"first","21":"instock","22":"downloadable","23":"virtual","24":"taxable","25":"purchasable","26":"product-type-simple"},"yoast_head":"<!-- This site is optimized with the Yoast SEO plugin v27.4 - https:\/\/yoast.com\/product\/yoast-seo-wordpress\/ -->\n<title>Calendario\/Agenda de Cobros y Pagos, PDF Descarga Instant\u00e1nea<\/title>\n<meta name=\"description\" content=\"Documento PDF descargable - descarga e imprime las veces que deseas. Hecha un vistazo a nuestros planeadores y otros documentos descargables que pueden ser enmarcado.\" \/>\n<meta name=\"robots\" content=\"index, follow, max-snippet:-1, max-image-preview:large, max-video-preview:-1\" \/>\n<link rel=\"canonical\" href=\"http:\/\/chicamaravilla.com\/es\/producto\/calendario-cobros-y-pagos-anual-v001\/\" \/>\n<meta property=\"og:locale\" content=\"es_MX\" \/>\n<meta property=\"og:type\" content=\"article\" \/>\n<meta property=\"og:title\" content=\"Calendario\/Agenda de Cobros y Pagos, Descarga PDF Instant\u00e1nea\" \/>\n<meta property=\"og:description\" content=\"Calendario de Cobros y Pagos \u2665 Documento PDF descargable - descarga e imprime las veces que gustes. Hecha un vistazo a nuestros planeadores y otros documentos descargables que pueden ser enmarcado.\" \/>\n<meta property=\"og:url\" content=\"http:\/\/chicamaravilla.com\/es\/producto\/calendario-cobros-y-pagos-anual-v001\/\" \/>\n<meta property=\"og:site_name\" content=\"Chica Maravilla\" \/>\n<meta property=\"article:modified_time\" content=\"2026-02-16T14:29:53+00:00\" \/>\n<meta property=\"og:image\" content=\"https:\/\/chicamaravilla.com\/wp-content\/uploads\/2022\/08\/png_20220812_123410_0000.png\" \/>\n\t<meta property=\"og:image:width\" content=\"2000\" \/>\n\t<meta property=\"og:image:height\" content=\"2000\" \/>\n\t<meta property=\"og:image:type\" content=\"image\/png\" \/>\n<meta name=\"twitter:card\" content=\"summary_large_image\" \/>\n<meta name=\"twitter:title\" content=\"Calendario\/Agenda Cobros y Pagos, Descarga PDF Instant\u00e1nea\" \/>\n<meta name=\"twitter:description\" content=\"Calendario de Cobros y Pagos \u2665 Documento PDF descargable - descarga e imprime las veces que gustes. Hecha un vistazo a nuestros planeadores y otros documentos descargables que pueden ser enmarcado.\" \/>\n<meta name=\"twitter:image\" content=\"https:\/\/chicamaravilla.com\/wp-content\/uploads\/2022\/08\/png_20220812_123410_0000.png\" \/>\n<meta name=\"twitter:label1\" content=\"Tiempo de lectura\" \/>\n\t<meta name=\"twitter:data1\" content=\"1 minuto\" \/>\n<script type=\"application\/ld+json\" class=\"yoast-schema-graph\">{\"@context\":\"https:\\\/\\\/schema.org\",\"@graph\":[{\"@type\":\"WebPage\",\"@id\":\"https:\\\/\\\/chicamaravilla.com\\\/product\\\/calendario-cobros-y-pagos-anual-v001\\\/\",\"url\":\"http:\\\/\\\/chicamaravilla.com\\\/product\\\/calendario-cobros-y-pagos-anual-v001\\\/\",\"name\":\"Calendario\\\/Agenda de Cobros y Pagos, PDF Descarga Instant\u00e1nea\",\"isPartOf\":{\"@id\":\"https:\\\/\\\/chicamaravilla.com\\\/#website\"},\"primaryImageOfPage\":{\"@id\":\"http:\\\/\\\/chicamaravilla.com\\\/product\\\/calendario-cobros-y-pagos-anual-v001\\\/#primaryimage\"},\"image\":{\"@id\":\"http:\\\/\\\/chicamaravilla.com\\\/product\\\/calendario-cobros-y-pagos-anual-v001\\\/#primaryimage\"},\"thumbnailUrl\":\"https:\\\/\\\/chicamaravilla.com\\\/wp-content\\\/uploads\\\/2022\\\/08\\\/png_20220812_123410_0000.png\",\"datePublished\":\"2025-02-12T23:36:42+00:00\",\"dateModified\":\"2026-02-16T14:29:53+00:00\",\"description\":\"Documento PDF descargable - descarga e imprime las veces que deseas. Hecha un vistazo a nuestros planeadores y otros documentos descargables que pueden ser enmarcado.\",\"breadcrumb\":{\"@id\":\"http:\\\/\\\/chicamaravilla.com\\\/product\\\/calendario-cobros-y-pagos-anual-v001\\\/#breadcrumb\"},\"inLanguage\":\"es\",\"potentialAction\":[{\"@type\":\"ReadAction\",\"target\":[\"http:\\\/\\\/chicamaravilla.com\\\/product\\\/calendario-cobros-y-pagos-anual-v001\\\/\"]}]},{\"@type\":\"ImageObject\",\"inLanguage\":\"es\",\"@id\":\"http:\\\/\\\/chicamaravilla.com\\\/product\\\/calendario-cobros-y-pagos-anual-v001\\\/#primaryimage\",\"url\":\"https:\\\/\\\/chicamaravilla.com\\\/wp-content\\\/uploads\\\/2022\\\/08\\\/png_20220812_123410_0000.png\",\"contentUrl\":\"https:\\\/\\\/chicamaravilla.com\\\/wp-content\\\/uploads\\\/2022\\\/08\\\/png_20220812_123410_0000.png\",\"width\":1600,\"height\":1600,\"caption\":\"CALENDARIO DE COBROS Y PAGOS, ANUAL, Descarga Digital, PDF, imprimible, Agenda, Tablero\"},{\"@type\":\"BreadcrumbList\",\"@id\":\"http:\\\/\\\/chicamaravilla.com\\\/product\\\/calendario-cobros-y-pagos-anual-v001\\\/#breadcrumb\",\"itemListElement\":[{\"@type\":\"ListItem\",\"position\":1,\"name\":\"Home\",\"item\":\"https:\\\/\\\/chicamaravilla.com\\\/\"},{\"@type\":\"ListItem\",\"position\":2,\"name\":\"Shop\",\"item\":\"https:\\\/\\\/chicamaravilla.com\\\/shop\\\/\"},{\"@type\":\"ListItem\",\"position\":3,\"name\":\"Calendario de Cobros y Pagos, PDF, Descargable\\\/Digital\"}]},{\"@type\":\"WebSite\",\"@id\":\"https:\\\/\\\/chicamaravilla.com\\\/#website\",\"url\":\"https:\\\/\\\/chicamaravilla.com\\\/\",\"name\":\"Chica Maravilla Online\",\"description\":\"Contenido, media y servicios biling\u00fces para crecer y avanzar.\",\"publisher\":{\"@id\":\"https:\\\/\\\/chicamaravilla.com\\\/#\\\/schema\\\/person\\\/34cc3c3eb9856b9ce12cc9d524c2e0a0\"},\"alternateName\":\"CMO\",\"potentialAction\":[{\"@type\":\"SearchAction\",\"target\":{\"@type\":\"EntryPoint\",\"urlTemplate\":\"https:\\\/\\\/chicamaravilla.com\\\/?s={search_term_string}\"},\"query-input\":{\"@type\":\"PropertyValueSpecification\",\"valueRequired\":true,\"valueName\":\"search_term_string\"}}],\"inLanguage\":\"es\"},{\"@type\":[\"Person\",\"Organization\"],\"@id\":\"https:\\\/\\\/chicamaravilla.com\\\/#\\\/schema\\\/person\\\/34cc3c3eb9856b9ce12cc9d524c2e0a0\",\"name\":\"Chica Maravilla\",\"image\":{\"@type\":\"ImageObject\",\"inLanguage\":\"es\",\"@id\":\"https:\\\/\\\/chicamaravilla.com\\\/wp-content\\\/uploads\\\/2020\\\/07\\\/cropped-2000x2000-CMOnline-Logo-30k_.png\",\"url\":\"https:\\\/\\\/chicamaravilla.com\\\/wp-content\\\/uploads\\\/2020\\\/07\\\/cropped-2000x2000-CMOnline-Logo-30k_.png\",\"contentUrl\":\"https:\\\/\\\/chicamaravilla.com\\\/wp-content\\\/uploads\\\/2020\\\/07\\\/cropped-2000x2000-CMOnline-Logo-30k_.png\",\"width\":1800,\"height\":440,\"caption\":\"Chica Maravilla\"},\"logo\":{\"@id\":\"https:\\\/\\\/chicamaravilla.com\\\/wp-content\\\/uploads\\\/2020\\\/07\\\/cropped-2000x2000-CMOnline-Logo-30k_.png\"},\"sameAs\":[\"http:\\\/\\\/chicamaravilla.com\"]}]}<\/script>\n<!-- \/ Yoast SEO plugin. -->","yoast_head_json":{"title":"Calendario\/Agenda de Cobros y Pagos, PDF Descarga Instant\u00e1nea","description":"Documento PDF descargable - descarga e imprime las veces que deseas. Hecha un vistazo a nuestros planeadores y otros documentos descargables que pueden ser enmarcado.","robots":{"index":"index","follow":"follow","max-snippet":"max-snippet:-1","max-image-preview":"max-image-preview:large","max-video-preview":"max-video-preview:-1"},"canonical":"http:\/\/chicamaravilla.com\/es\/producto\/calendario-cobros-y-pagos-anual-v001\/","og_locale":"es_MX","og_type":"article","og_title":"Calendario\/Agenda de Cobros y Pagos, Descarga PDF Instant\u00e1nea","og_description":"Calendario de Cobros y Pagos \u2665 Documento PDF descargable - descarga e imprime las veces que gustes. Hecha un vistazo a nuestros planeadores y otros documentos descargables que pueden ser enmarcado.","og_url":"http:\/\/chicamaravilla.com\/es\/producto\/calendario-cobros-y-pagos-anual-v001\/","og_site_name":"Chica Maravilla","article_modified_time":"2026-02-16T14:29:53+00:00","og_image":[{"width":2000,"height":2000,"url":"https:\/\/chicamaravilla.com\/wp-content\/uploads\/2022\/08\/png_20220812_123410_0000.png","type":"image\/png"}],"twitter_card":"summary_large_image","twitter_title":"Calendario\/Agenda Cobros y Pagos, Descarga PDF Instant\u00e1nea","twitter_description":"Calendario de Cobros y Pagos \u2665 Documento PDF descargable - descarga e imprime las veces que gustes. Hecha un vistazo a nuestros planeadores y otros documentos descargables que pueden ser enmarcado.","twitter_image":"https:\/\/chicamaravilla.com\/wp-content\/uploads\/2022\/08\/png_20220812_123410_0000.png","twitter_misc":{"Tiempo de lectura":"1 minuto"},"schema":{"@context":"https:\/\/schema.org","@graph":[{"@type":"WebPage","@id":"https:\/\/chicamaravilla.com\/product\/calendario-cobros-y-pagos-anual-v001\/","url":"http:\/\/chicamaravilla.com\/product\/calendario-cobros-y-pagos-anual-v001\/","name":"Calendario\/Agenda de Cobros y Pagos, PDF Descarga Instant\u00e1nea","isPartOf":{"@id":"https:\/\/chicamaravilla.com\/#website"},"primaryImageOfPage":{"@id":"http:\/\/chicamaravilla.com\/product\/calendario-cobros-y-pagos-anual-v001\/#primaryimage"},"image":{"@id":"http:\/\/chicamaravilla.com\/product\/calendario-cobros-y-pagos-anual-v001\/#primaryimage"},"thumbnailUrl":"https:\/\/chicamaravilla.com\/wp-content\/uploads\/2022\/08\/png_20220812_123410_0000.png","datePublished":"2025-02-12T23:36:42+00:00","dateModified":"2026-02-16T14:29:53+00:00","description":"Documento PDF descargable - descarga e imprime las veces que deseas. Hecha un vistazo a nuestros planeadores y otros documentos descargables que pueden ser enmarcado.","breadcrumb":{"@id":"http:\/\/chicamaravilla.com\/product\/calendario-cobros-y-pagos-anual-v001\/#breadcrumb"},"inLanguage":"es","potentialAction":[{"@type":"ReadAction","target":["http:\/\/chicamaravilla.com\/product\/calendario-cobros-y-pagos-anual-v001\/"]}]},{"@type":"ImageObject","inLanguage":"es","@id":"http:\/\/chicamaravilla.com\/product\/calendario-cobros-y-pagos-anual-v001\/#primaryimage","url":"https:\/\/chicamaravilla.com\/wp-content\/uploads\/2022\/08\/png_20220812_123410_0000.png","contentUrl":"https:\/\/chicamaravilla.com\/wp-content\/uploads\/2022\/08\/png_20220812_123410_0000.png","width":1600,"height":1600,"caption":"CALENDARIO DE COBROS Y PAGOS, ANUAL, Descarga Digital, PDF, imprimible, Agenda, Tablero"},{"@type":"BreadcrumbList","@id":"http:\/\/chicamaravilla.com\/product\/calendario-cobros-y-pagos-anual-v001\/#breadcrumb","itemListElement":[{"@type":"ListItem","position":1,"name":"Home","item":"https:\/\/chicamaravilla.com\/"},{"@type":"ListItem","position":2,"name":"Shop","item":"https:\/\/chicamaravilla.com\/shop\/"},{"@type":"ListItem","position":3,"name":"Calendario de Cobros y Pagos, PDF, Descargable\/Digital"}]},{"@type":"WebSite","@id":"https:\/\/chicamaravilla.com\/#website","url":"https:\/\/chicamaravilla.com\/","name":"Chica Maravilla Online","description":"Contenido, media y servicios biling\u00fces para crecer y avanzar.","publisher":{"@id":"https:\/\/chicamaravilla.com\/#\/schema\/person\/34cc3c3eb9856b9ce12cc9d524c2e0a0"},"alternateName":"CMO","potentialAction":[{"@type":"SearchAction","target":{"@type":"EntryPoint","urlTemplate":"https:\/\/chicamaravilla.com\/?s={search_term_string}"},"query-input":{"@type":"PropertyValueSpecification","valueRequired":true,"valueName":"search_term_string"}}],"inLanguage":"es"},{"@type":["Person","Organization"],"@id":"https:\/\/chicamaravilla.com\/#\/schema\/person\/34cc3c3eb9856b9ce12cc9d524c2e0a0","name":"Chica Maravilla","image":{"@type":"ImageObject","inLanguage":"es","@id":"https:\/\/chicamaravilla.com\/wp-content\/uploads\/2020\/07\/cropped-2000x2000-CMOnline-Logo-30k_.png","url":"https:\/\/chicamaravilla.com\/wp-content\/uploads\/2020\/07\/cropped-2000x2000-CMOnline-Logo-30k_.png","contentUrl":"https:\/\/chicamaravilla.com\/wp-content\/uploads\/2020\/07\/cropped-2000x2000-CMOnline-Logo-30k_.png","width":1800,"height":440,"caption":"Chica Maravilla"},"logo":{"@id":"https:\/\/chicamaravilla.com\/wp-content\/uploads\/2020\/07\/cropped-2000x2000-CMOnline-Logo-30k_.png"},"sameAs":["http:\/\/chicamaravilla.com"]}]}},"jetpack_sharing_enabled":true,"jetpack_likes_enabled":true,"_links":{"self":[{"href":"https:\/\/chicamaravilla.com\/es\/wp-json\/wp\/v2\/product\/157491","targetHints":{"allow":["GET"]}}],"collection":[{"href":"https:\/\/chicamaravilla.com\/es\/wp-json\/wp\/v2\/product"}],"about":[{"href":"https:\/\/chicamaravilla.com\/es\/wp-json\/wp\/v2\/types\/product"}],"replies":[{"embeddable":true,"href":"https:\/\/chicamaravilla.com\/es\/wp-json\/wp\/v2\/comments?post=157491"}],"version-history":[{"count":3,"href":"https:\/\/chicamaravilla.com\/es\/wp-json\/wp\/v2\/product\/157491\/revisions"}],"predecessor-version":[{"id":421762,"href":"https:\/\/chicamaravilla.com\/es\/wp-json\/wp\/v2\/product\/157491\/revisions\/421762"}],"wp:featuredmedia":[{"embeddable":true,"href":"https:\/\/chicamaravilla.com\/es\/wp-json\/wp\/v2\/media\/157492"}],"wp:attachment":[{"href":"https:\/\/chicamaravilla.com\/es\/wp-json\/wp\/v2\/media?parent=157491"}],"wp:term":[{"taxonomy":"product_brand","embeddable":true,"href":"https:\/\/chicamaravilla.com\/es\/wp-json\/wp\/v2\/product_brand?post=157491"},{"taxonomy":"product_cat","embeddable":true,"href":"https:\/\/chicamaravilla.com\/es\/wp-json\/wp\/v2\/product_cat?post=157491"},{"taxonomy":"product_tag","embeddable":true,"href":"https:\/\/chicamaravilla.com\/es\/wp-json\/wp\/v2\/product_tag?post=157491"}],"curies":[{"name":"wp","href":"https:\/\/api.w.org\/{rel}","templated":true}]}}