{"id":152817,"date":"2022-07-09T06:39:17","date_gmt":"2022-07-09T06:39:17","guid":{"rendered":"http:\/\/chicamaravilla.com\/?post_type=product&#038;p=152817"},"modified":"2026-02-16T06:50:41","modified_gmt":"2026-02-16T12:50:41","slug":"poster-bailar-12x12","status":"publish","type":"product","link":"https:\/\/chicamaravilla.com\/es\/producto\/poster-bailar-12x12\/","title":{"rendered":"&#8216;Baila&#8217; (PDF 12&#8243;x12&#8243;) Printable Digital Download"},"content":{"rendered":"<p><iframe style=\"border: none; overflow: hidden;\" src=\"https:\/\/www.facebook.com\/plugins\/like.php?href=http%3A%2F%2Fchicamaravilla.com%2Fproduct%2Fposter-bailar-12x12%2F&amp;width=150&amp;layout=button_count&amp;action=like&amp;size=small&amp;share=true&amp;height=46&amp;appId=1024069094675507\" width=\"150\" height=\"46\" frameborder=\"0\" scrolling=\"no\" allowfullscreen=\"allowfullscreen\"><\/iframe><\/p>\n<p>OJO, est\u00e1 viendo un producto digital, descargable que puede ser imprento para que sirva como cuadro decorativo.<\/p>\n<p>\u2728<\/p>\n<p>Sus archivos estar\u00e1n disponibles para descargar una vez que se confirme el pago, tendr\u00e1 la opcion de descargar el documento en formato PDF..<\/p>\n<p>Debido al tipo de producto no se aceptan devoluciones, cambios o cancelaciones. Pero por favor p\u00f3ngase en contacto conmigo si tiene alg\u00fan problema con su pedido.<\/p>\n<p>&nbsp;<\/p>\n<p>&nbsp;<\/p>","protected":false},"excerpt":{"rendered":"<p><iframe style=\"border: none; overflow: hidden;\" src=\"https:\/\/www.facebook.com\/plugins\/like.php?href=http%3A%2F%2Fchicamaravilla.com%2Fproduct%2Fposter-bailar-12x12%2F&amp;width=150&amp;layout=button_count&amp;action=like&amp;size=small&amp;share=true&amp;height=46&amp;appId=1024069094675507\" width=\"150\" height=\"46\" frameborder=\"0\" scrolling=\"no\" allowfullscreen=\"allowfullscreen\"><\/iframe><br \/>\nDocumento PDF descargable &#8211; descarga e imprime las veces que deseas. Hecha un vistazo a nuestros planeadores y otros documentos descargables que pueden ser enmarcado.<\/p>\n<p><!--more--><\/p>\n<p>OJO, est\u00e1s comprando un PRODUCTO DIGITAL, ning\u00fan producto f\u00edsico ser\u00e1 enviado &#8211; simplemente descarga directamente y mediante el enlace prove\u00eddo al momento de comprar tu producto digital.\u00a0 Puedes descargarlo las veces que gustes.\u00a0 Debido al tipo de producto no ofrecemos reembolso, cualquier problema o duda que tengas con tu descarga digital por favor comunicate conmigo, info@chicamaravilla.com y con mucho gusto te ayudar\u00e9.<\/p>\n<p>Atte,<br \/>\nLa Chica Maravilla<\/p>","protected":false},"featured_media":152824,"comment_status":"open","ping_status":"closed","template":"","meta":{"jetpack_post_was_ever_published":false},"product_brand":[],"product_cat":[144,141],"product_tag":[197,195,196,143,142],"class_list":{"0":"post-152817","1":"product","2":"type-product","3":"status-publish","4":"has-post-thumbnail","6":"product_cat-downloads","7":"product_cat-printables-imprimibles","8":"product_tag-descarga-digital","9":"product_tag-digital-download","10":"product_tag-digital-product","11":"product_tag-imprimible","12":"product_tag-printable","14":"first","15":"instock","16":"downloadable","17":"virtual","18":"taxable","19":"purchasable","20":"product-type-simple"},"yoast_head":"<!-- This site is optimized with the Yoast SEO plugin v27.3 - https:\/\/yoast.com\/product\/yoast-seo-wordpress\/ -->\n<title>&#039;Baila&#039; (PDF 12&quot;x12&quot;) Printable Digital Download - Chica Maravilla<\/title>\n<meta name=\"description\" content=\"Documento PDF descargable - descarga e imprime las veces que deseas. Hecha un vistazo a nuestros planeadores y otros documentos descargables que pueden ser enmarcado.\" \/>\n<meta name=\"robots\" content=\"index, follow, max-snippet:-1, max-image-preview:large, max-video-preview:-1\" \/>\n<link rel=\"canonical\" href=\"http:\/\/chicamaravilla.com\/es\/producto\/poster-bailar-12x12\/\" \/>\n<meta property=\"og:locale\" content=\"es_MX\" \/>\n<meta property=\"og:type\" content=\"article\" \/>\n<meta property=\"og:title\" content=\"Nunca Dejes de Bailar\" \/>\n<meta property=\"og:description\" content=\"Aunque la vida no resulte ser la fiesta que esperabas\u00a1nunca dejes de Bailar! \u2665 Documento PDF descargable - descarga e imprime las veces que gustes. Hecha un vistazo a nuestros planeadores y otros documentos descargables que pueden ser enmarcado.\" \/>\n<meta property=\"og:url\" content=\"http:\/\/chicamaravilla.com\/es\/producto\/poster-bailar-12x12\/\" \/>\n<meta property=\"og:site_name\" content=\"Chica Maravilla\" \/>\n<meta property=\"article:modified_time\" content=\"2026-02-16T12:50:41+00:00\" \/>\n<meta name=\"twitter:card\" content=\"summary_large_image\" \/>\n<meta name=\"twitter:title\" content=\"Nunca Dejes de Bailar\" \/>\n<meta name=\"twitter:description\" content=\"Aunque la vida no resulte ser la fiesta que esperabas\u00a1nunca dejes de Bailar! \u2665 Documento PDF descargable - descarga e imprime las veces que gustes. Hecha un vistazo a nuestros planeadores y otros documentos descargables que pueden ser enmarcado.\" \/>\n<meta name=\"twitter:label1\" content=\"Tiempo de lectura\" \/>\n\t<meta name=\"twitter:data1\" content=\"1 minuto\" \/>\n<script type=\"application\/ld+json\" class=\"yoast-schema-graph\">{\"@context\":\"https:\\\/\\\/schema.org\",\"@graph\":[{\"@type\":\"WebPage\",\"@id\":\"https:\\\/\\\/chicamaravilla.com\\\/product\\\/poster-bailar-12x12\\\/\",\"url\":\"http:\\\/\\\/chicamaravilla.com\\\/product\\\/poster-bailar-12x12\\\/\",\"name\":\"'Baila' (PDF 12\\\"x12\\\") Printable Digital Download - Chica Maravilla\",\"isPartOf\":{\"@id\":\"https:\\\/\\\/chicamaravilla.com\\\/#website\"},\"primaryImageOfPage\":{\"@id\":\"http:\\\/\\\/chicamaravilla.com\\\/product\\\/poster-bailar-12x12\\\/#primaryimage\"},\"image\":{\"@id\":\"http:\\\/\\\/chicamaravilla.com\\\/product\\\/poster-bailar-12x12\\\/#primaryimage\"},\"thumbnailUrl\":\"https:\\\/\\\/chicamaravilla.com\\\/wp-content\\\/uploads\\\/2022\\\/07\\\/Grey-Minimalist-Wall-Art-Photo-Frame-Mockup-for-Instagram-Post.png\",\"datePublished\":\"2022-07-09T06:39:17+00:00\",\"dateModified\":\"2026-02-16T12:50:41+00:00\",\"description\":\"Documento PDF descargable - descarga e imprime las veces que deseas. Hecha un vistazo a nuestros planeadores y otros documentos descargables que pueden ser enmarcado.\",\"breadcrumb\":{\"@id\":\"http:\\\/\\\/chicamaravilla.com\\\/product\\\/poster-bailar-12x12\\\/#breadcrumb\"},\"inLanguage\":\"es\",\"potentialAction\":[{\"@type\":\"ReadAction\",\"target\":[\"http:\\\/\\\/chicamaravilla.com\\\/product\\\/poster-bailar-12x12\\\/\"]}]},{\"@type\":\"ImageObject\",\"inLanguage\":\"es\",\"@id\":\"http:\\\/\\\/chicamaravilla.com\\\/product\\\/poster-bailar-12x12\\\/#primaryimage\",\"url\":\"https:\\\/\\\/chicamaravilla.com\\\/wp-content\\\/uploads\\\/2022\\\/07\\\/Grey-Minimalist-Wall-Art-Photo-Frame-Mockup-for-Instagram-Post.png\",\"contentUrl\":\"https:\\\/\\\/chicamaravilla.com\\\/wp-content\\\/uploads\\\/2022\\\/07\\\/Grey-Minimalist-Wall-Art-Photo-Frame-Mockup-for-Instagram-Post.png\",\"width\":1080,\"height\":1080,\"caption\":\"Nunca Dejes de Bailar\"},{\"@type\":\"BreadcrumbList\",\"@id\":\"http:\\\/\\\/chicamaravilla.com\\\/product\\\/poster-bailar-12x12\\\/#breadcrumb\",\"itemListElement\":[{\"@type\":\"ListItem\",\"position\":1,\"name\":\"Home\",\"item\":\"https:\\\/\\\/chicamaravilla.com\\\/\"},{\"@type\":\"ListItem\",\"position\":2,\"name\":\"Shop\",\"item\":\"https:\\\/\\\/chicamaravilla.com\\\/shop\\\/\"},{\"@type\":\"ListItem\",\"position\":3,\"name\":\"&#8216;Baila&#8217; (PDF 12&#8243;x12&#8243;) Printable Digital Download\"}]},{\"@type\":\"WebSite\",\"@id\":\"https:\\\/\\\/chicamaravilla.com\\\/#website\",\"url\":\"https:\\\/\\\/chicamaravilla.com\\\/\",\"name\":\"Chica Maravilla Online\",\"description\":\"Contenido, media y servicios biling\u00fces para crecer y avanzar.\",\"publisher\":{\"@id\":\"https:\\\/\\\/chicamaravilla.com\\\/#\\\/schema\\\/person\\\/34cc3c3eb9856b9ce12cc9d524c2e0a0\"},\"alternateName\":\"CMO\",\"potentialAction\":[{\"@type\":\"SearchAction\",\"target\":{\"@type\":\"EntryPoint\",\"urlTemplate\":\"https:\\\/\\\/chicamaravilla.com\\\/?s={search_term_string}\"},\"query-input\":{\"@type\":\"PropertyValueSpecification\",\"valueRequired\":true,\"valueName\":\"search_term_string\"}}],\"inLanguage\":\"es\"},{\"@type\":[\"Person\",\"Organization\"],\"@id\":\"https:\\\/\\\/chicamaravilla.com\\\/#\\\/schema\\\/person\\\/34cc3c3eb9856b9ce12cc9d524c2e0a0\",\"name\":\"Chica Maravilla\",\"image\":{\"@type\":\"ImageObject\",\"inLanguage\":\"es\",\"@id\":\"https:\\\/\\\/chicamaravilla.com\\\/wp-content\\\/uploads\\\/2020\\\/07\\\/cropped-2000x2000-CMOnline-Logo-30k_.png\",\"url\":\"https:\\\/\\\/chicamaravilla.com\\\/wp-content\\\/uploads\\\/2020\\\/07\\\/cropped-2000x2000-CMOnline-Logo-30k_.png\",\"contentUrl\":\"https:\\\/\\\/chicamaravilla.com\\\/wp-content\\\/uploads\\\/2020\\\/07\\\/cropped-2000x2000-CMOnline-Logo-30k_.png\",\"width\":1800,\"height\":440,\"caption\":\"Chica Maravilla\"},\"logo\":{\"@id\":\"https:\\\/\\\/chicamaravilla.com\\\/wp-content\\\/uploads\\\/2020\\\/07\\\/cropped-2000x2000-CMOnline-Logo-30k_.png\"},\"sameAs\":[\"http:\\\/\\\/chicamaravilla.com\"]}]}<\/script>\n<!-- \/ Yoast SEO plugin. -->","yoast_head_json":{"title":"'Baila' (PDF 12\"x12\") Printable Digital Download - Chica Maravilla","description":"Documento PDF descargable - descarga e imprime las veces que deseas. Hecha un vistazo a nuestros planeadores y otros documentos descargables que pueden ser enmarcado.","robots":{"index":"index","follow":"follow","max-snippet":"max-snippet:-1","max-image-preview":"max-image-preview:large","max-video-preview":"max-video-preview:-1"},"canonical":"http:\/\/chicamaravilla.com\/es\/producto\/poster-bailar-12x12\/","og_locale":"es_MX","og_type":"article","og_title":"Nunca Dejes de Bailar","og_description":"Aunque la vida no resulte ser la fiesta que esperabas\u00a1nunca dejes de Bailar! \u2665 Documento PDF descargable - descarga e imprime las veces que gustes. Hecha un vistazo a nuestros planeadores y otros documentos descargables que pueden ser enmarcado.","og_url":"http:\/\/chicamaravilla.com\/es\/producto\/poster-bailar-12x12\/","og_site_name":"Chica Maravilla","article_modified_time":"2026-02-16T12:50:41+00:00","twitter_card":"summary_large_image","twitter_title":"Nunca Dejes de Bailar","twitter_description":"Aunque la vida no resulte ser la fiesta que esperabas\u00a1nunca dejes de Bailar! \u2665 Documento PDF descargable - descarga e imprime las veces que gustes. Hecha un vistazo a nuestros planeadores y otros documentos descargables que pueden ser enmarcado.","twitter_misc":{"Tiempo de lectura":"1 minuto"},"schema":{"@context":"https:\/\/schema.org","@graph":[{"@type":"WebPage","@id":"https:\/\/chicamaravilla.com\/product\/poster-bailar-12x12\/","url":"http:\/\/chicamaravilla.com\/product\/poster-bailar-12x12\/","name":"'Baila' (PDF 12\"x12\") Printable Digital Download - Chica Maravilla","isPartOf":{"@id":"https:\/\/chicamaravilla.com\/#website"},"primaryImageOfPage":{"@id":"http:\/\/chicamaravilla.com\/product\/poster-bailar-12x12\/#primaryimage"},"image":{"@id":"http:\/\/chicamaravilla.com\/product\/poster-bailar-12x12\/#primaryimage"},"thumbnailUrl":"https:\/\/chicamaravilla.com\/wp-content\/uploads\/2022\/07\/Grey-Minimalist-Wall-Art-Photo-Frame-Mockup-for-Instagram-Post.png","datePublished":"2022-07-09T06:39:17+00:00","dateModified":"2026-02-16T12:50:41+00:00","description":"Documento PDF descargable - descarga e imprime las veces que deseas. Hecha un vistazo a nuestros planeadores y otros documentos descargables que pueden ser enmarcado.","breadcrumb":{"@id":"http:\/\/chicamaravilla.com\/product\/poster-bailar-12x12\/#breadcrumb"},"inLanguage":"es","potentialAction":[{"@type":"ReadAction","target":["http:\/\/chicamaravilla.com\/product\/poster-bailar-12x12\/"]}]},{"@type":"ImageObject","inLanguage":"es","@id":"http:\/\/chicamaravilla.com\/product\/poster-bailar-12x12\/#primaryimage","url":"https:\/\/chicamaravilla.com\/wp-content\/uploads\/2022\/07\/Grey-Minimalist-Wall-Art-Photo-Frame-Mockup-for-Instagram-Post.png","contentUrl":"https:\/\/chicamaravilla.com\/wp-content\/uploads\/2022\/07\/Grey-Minimalist-Wall-Art-Photo-Frame-Mockup-for-Instagram-Post.png","width":1080,"height":1080,"caption":"Nunca Dejes de Bailar"},{"@type":"BreadcrumbList","@id":"http:\/\/chicamaravilla.com\/product\/poster-bailar-12x12\/#breadcrumb","itemListElement":[{"@type":"ListItem","position":1,"name":"Home","item":"https:\/\/chicamaravilla.com\/"},{"@type":"ListItem","position":2,"name":"Shop","item":"https:\/\/chicamaravilla.com\/shop\/"},{"@type":"ListItem","position":3,"name":"&#8216;Baila&#8217; (PDF 12&#8243;x12&#8243;) Printable Digital Download"}]},{"@type":"WebSite","@id":"https:\/\/chicamaravilla.com\/#website","url":"https:\/\/chicamaravilla.com\/","name":"Chica Maravilla Online","description":"Contenido, media y servicios biling\u00fces para crecer y avanzar.","publisher":{"@id":"https:\/\/chicamaravilla.com\/#\/schema\/person\/34cc3c3eb9856b9ce12cc9d524c2e0a0"},"alternateName":"CMO","potentialAction":[{"@type":"SearchAction","target":{"@type":"EntryPoint","urlTemplate":"https:\/\/chicamaravilla.com\/?s={search_term_string}"},"query-input":{"@type":"PropertyValueSpecification","valueRequired":true,"valueName":"search_term_string"}}],"inLanguage":"es"},{"@type":["Person","Organization"],"@id":"https:\/\/chicamaravilla.com\/#\/schema\/person\/34cc3c3eb9856b9ce12cc9d524c2e0a0","name":"Chica Maravilla","image":{"@type":"ImageObject","inLanguage":"es","@id":"https:\/\/chicamaravilla.com\/wp-content\/uploads\/2020\/07\/cropped-2000x2000-CMOnline-Logo-30k_.png","url":"https:\/\/chicamaravilla.com\/wp-content\/uploads\/2020\/07\/cropped-2000x2000-CMOnline-Logo-30k_.png","contentUrl":"https:\/\/chicamaravilla.com\/wp-content\/uploads\/2020\/07\/cropped-2000x2000-CMOnline-Logo-30k_.png","width":1800,"height":440,"caption":"Chica Maravilla"},"logo":{"@id":"https:\/\/chicamaravilla.com\/wp-content\/uploads\/2020\/07\/cropped-2000x2000-CMOnline-Logo-30k_.png"},"sameAs":["http:\/\/chicamaravilla.com"]}]}},"jetpack_sharing_enabled":true,"jetpack_likes_enabled":true,"_links":{"self":[{"href":"https:\/\/chicamaravilla.com\/es\/wp-json\/wp\/v2\/product\/152817","targetHints":{"allow":["GET"]}}],"collection":[{"href":"https:\/\/chicamaravilla.com\/es\/wp-json\/wp\/v2\/product"}],"about":[{"href":"https:\/\/chicamaravilla.com\/es\/wp-json\/wp\/v2\/types\/product"}],"replies":[{"embeddable":true,"href":"https:\/\/chicamaravilla.com\/es\/wp-json\/wp\/v2\/comments?post=152817"}],"version-history":[{"count":2,"href":"https:\/\/chicamaravilla.com\/es\/wp-json\/wp\/v2\/product\/152817\/revisions"}],"predecessor-version":[{"id":478700,"href":"https:\/\/chicamaravilla.com\/es\/wp-json\/wp\/v2\/product\/152817\/revisions\/478700"}],"wp:featuredmedia":[{"embeddable":true,"href":"https:\/\/chicamaravilla.com\/es\/wp-json\/wp\/v2\/media\/152824"}],"wp:attachment":[{"href":"https:\/\/chicamaravilla.com\/es\/wp-json\/wp\/v2\/media?parent=152817"}],"wp:term":[{"taxonomy":"product_brand","embeddable":true,"href":"https:\/\/chicamaravilla.com\/es\/wp-json\/wp\/v2\/product_brand?post=152817"},{"taxonomy":"product_cat","embeddable":true,"href":"https:\/\/chicamaravilla.com\/es\/wp-json\/wp\/v2\/product_cat?post=152817"},{"taxonomy":"product_tag","embeddable":true,"href":"https:\/\/chicamaravilla.com\/es\/wp-json\/wp\/v2\/product_tag?post=152817"}],"curies":[{"name":"wp","href":"https:\/\/api.w.org\/{rel}","templated":true}]}}